{"id":6785,"date":"2025-11-24T17:40:23","date_gmt":"2025-11-24T16:40:23","guid":{"rendered":"https:\/\/lespucesdestju.fr\/?post_type=product&#038;p=6785"},"modified":"2025-11-24T17:40:23","modified_gmt":"2025-11-24T16:40:23","slug":"ecole-russe-du-xxeme-nature-morte-aux-fruits","status":"publish","type":"product","link":"https:\/\/lespucesdestju.fr\/?product=ecole-russe-du-xxeme-nature-morte-aux-fruits","title":{"rendered":"Ecole russe du XX\u00e8me, \u00ab\u00a0Nature morte aux fruits\u00a0\u00bb"},"content":{"rendered":"<div>\u00ab\u00a0Ecole russe du XX\u00e8me, \u00ab\u00a0Nature morte aux fruits\u00a0\u00bb<\/div>\n<p>Grande Nature Morte de la fin du XX\u00e8me, aux couleurs chatoyantes, des bleus profonds et une construction \u00ab\u00a0c\u00e9zanienne\u00a0\u00bb pour cette \u00e9cole Russe. Initiales en bas \u00e0 droite et inscriptions en cyrillique au dos de la toile.<br \/>\nEncadrement r\u00e9cent, l&rsquo;ensemble en tr\u00e8s bel \u00e9tat.<\/p>\n<blockquote><p><strong data-new-link=\"true\">Artiste:\u00a0<\/strong>Vagapov Makhmout<br \/>\n<strong data-new-link=\"true\">Epoque:\u00a0<\/strong>20\u00e8me si\u00e8cle<br \/>\n<strong data-new-link=\"true\">Style:\u00a0<\/strong>Art moderne<br \/>\n<strong data-new-link=\"true\">Etat:\u00a0<\/strong>Bon \u00e9tat<\/p>\n<p><strong data-new-link=\"true\">Mati\u00e8re:\u00a0<\/strong>Huile sur toile<br \/>\n<strong data-new-link=\"true\">Longueur:\u00a0<\/strong>a vue 69 x 78 cm<br \/>\n<strong data-new-link=\"true\">Largeur:\u00a0<\/strong>cadre 76 x 86 cm<\/p><\/blockquote>\n","protected":false},"excerpt":{"rendered":"<div>Ecole russe du XX\u00e8me, \u00ab\u00a0Nature morte aux fruits\u00a0\u00bb. Grande Nature Morte de la fin du XX\u00e8me<\/div>\n","protected":false},"featured_media":6787,"comment_status":"open","ping_status":"closed","template":"","meta":[],"product_brand":[],"product_cat":[50,306],"product_tag":[56,97,101],"class_list":{"0":"post-6785","1":"product","2":"type-product","3":"status-publish","4":"has-post-thumbnail","6":"product_cat-art","7":"product_cat-tableaux-et-peintures","8":"product_tag-art","9":"product_tag-huile-sur-toile","10":"product_tag-tableau","12":"first","13":"instock","14":"shipping-taxable","15":"purchasable","16":"product-type-simple"},"aioseo_notices":[],"jetpack_sharing_enabled":true,"_links":{"self":[{"href":"https:\/\/lespucesdestju.fr\/index.php?rest_route=\/wp\/v2\/product\/6785","targetHints":{"allow":["GET"]}}],"collection":[{"href":"https:\/\/lespucesdestju.fr\/index.php?rest_route=\/wp\/v2\/product"}],"about":[{"href":"https:\/\/lespucesdestju.fr\/index.php?rest_route=\/wp\/v2\/types\/product"}],"replies":[{"embeddable":true,"href":"https:\/\/lespucesdestju.fr\/index.php?rest_route=%2Fwp%2Fv2%2Fcomments&post=6785"}],"wp:featuredmedia":[{"embeddable":true,"href":"https:\/\/lespucesdestju.fr\/index.php?rest_route=\/wp\/v2\/media\/6787"}],"wp:attachment":[{"href":"https:\/\/lespucesdestju.fr\/index.php?rest_route=%2Fwp%2Fv2%2Fmedia&parent=6785"}],"wp:term":[{"taxonomy":"product_brand","embeddable":true,"href":"https:\/\/lespucesdestju.fr\/index.php?rest_route=%2Fwp%2Fv2%2Fproduct_brand&post=6785"},{"taxonomy":"product_cat","embeddable":true,"href":"https:\/\/lespucesdestju.fr\/index.php?rest_route=%2Fwp%2Fv2%2Fproduct_cat&post=6785"},{"taxonomy":"product_tag","embeddable":true,"href":"https:\/\/lespucesdestju.fr\/index.php?rest_route=%2Fwp%2Fv2%2Fproduct_tag&post=6785"}],"curies":[{"name":"wp","href":"https:\/\/api.w.org\/{rel}","templated":true}]}}