{"id":6446,"date":"2025-03-04T10:00:53","date_gmt":"2025-03-04T09:00:53","guid":{"rendered":"https:\/\/lespucesdestju.fr\/?post_type=product&#038;p=6446"},"modified":"2025-07-29T11:02:46","modified_gmt":"2025-07-29T09:02:46","slug":"lampe-veilleuse-art-deco","status":"publish","type":"product","link":"https:\/\/lespucesdestju.fr\/?product=lampe-veilleuse-art-deco","title":{"rendered":"Lampe veilleuse Art D\u00e9co"},"content":{"rendered":"<p><span style=\"font-weight: 400;\">Lampe veilleuse Art D\u00e9co. Sujet f\u00e9minin en r\u00e9gule \u00e0 patine mordor\u00e9e par G\u00e9o Maxim ( 1885-1940) et globe en verre translucide \u00e0 filets argent\u00e9s, sur support marbre beige.<\/span><\/p>\n<p><span style=\"font-weight: 400;\">D\u00e9but XX\u00e8me, bel \u00e9tat g\u00e9n\u00e9ral (Petit d\u00e9faut au marbre). <\/span><\/p>\n<blockquote><p><span style=\"font-weight: 400;\">Dim: 10 cm x 30 cm<\/span><\/p>\n<p><span style=\"font-weight: 400;\">Hauteur : 15 cm<\/span><\/p><\/blockquote>\n","protected":false},"excerpt":{"rendered":"<p><span style=\"font-weight: 400;\">Lampe veilleuse Art D\u00e9co. Sujet f\u00e9minin en r\u00e9gule \u00e0 patine<\/span><\/p>\n","protected":false},"featured_media":6447,"comment_status":"open","ping_status":"closed","template":"","meta":[],"product_brand":[],"product_cat":[46,45],"product_tag":[113,76,131,157],"class_list":{"0":"post-6446","1":"product","2":"type-product","3":"status-publish","4":"has-post-thumbnail","6":"product_cat-luminaires-et-eclairages","7":"product_cat-mobilier","8":"product_tag-art-deco","9":"product_tag-lampe","10":"product_tag-luminaire","11":"product_tag-veilleuse","13":"first","14":"outofstock","15":"shipping-taxable","16":"purchasable","17":"product-type-simple"},"aioseo_notices":[],"jetpack_sharing_enabled":true,"_links":{"self":[{"href":"https:\/\/lespucesdestju.fr\/index.php?rest_route=\/wp\/v2\/product\/6446","targetHints":{"allow":["GET"]}}],"collection":[{"href":"https:\/\/lespucesdestju.fr\/index.php?rest_route=\/wp\/v2\/product"}],"about":[{"href":"https:\/\/lespucesdestju.fr\/index.php?rest_route=\/wp\/v2\/types\/product"}],"replies":[{"embeddable":true,"href":"https:\/\/lespucesdestju.fr\/index.php?rest_route=%2Fwp%2Fv2%2Fcomments&post=6446"}],"wp:featuredmedia":[{"embeddable":true,"href":"https:\/\/lespucesdestju.fr\/index.php?rest_route=\/wp\/v2\/media\/6447"}],"wp:attachment":[{"href":"https:\/\/lespucesdestju.fr\/index.php?rest_route=%2Fwp%2Fv2%2Fmedia&parent=6446"}],"wp:term":[{"taxonomy":"product_brand","embeddable":true,"href":"https:\/\/lespucesdestju.fr\/index.php?rest_route=%2Fwp%2Fv2%2Fproduct_brand&post=6446"},{"taxonomy":"product_cat","embeddable":true,"href":"https:\/\/lespucesdestju.fr\/index.php?rest_route=%2Fwp%2Fv2%2Fproduct_cat&post=6446"},{"taxonomy":"product_tag","embeddable":true,"href":"https:\/\/lespucesdestju.fr\/index.php?rest_route=%2Fwp%2Fv2%2Fproduct_tag&post=6446"}],"curies":[{"name":"wp","href":"https:\/\/api.w.org\/{rel}","templated":true}]}}