{"id":6424,"date":"2025-02-28T21:28:36","date_gmt":"2025-02-28T20:28:36","guid":{"rendered":"https:\/\/lespucesdestju.fr\/?post_type=product&#038;p=6424"},"modified":"2025-05-13T12:12:09","modified_gmt":"2025-05-13T10:12:09","slug":"bougeoir-en-etain","status":"publish","type":"product","link":"https:\/\/lespucesdestju.fr\/?product=bougeoir-en-etain","title":{"rendered":"Bougeoir en \u00e9tain"},"content":{"rendered":"<p><span style=\"font-weight: 400;\">Bougeoir en \u00e9tain, figurant une danseuse orientale, seconde moiti\u00e9 du XIX\u00e8me. <\/span><\/p>\n<p><span style=\"font-weight: 400;\">Usures d\u2019usages et petites d\u00e9formations.<\/span><\/p>\n<blockquote><p><i>Hauteur : 21 cm\u00a0<\/i><\/p><\/blockquote>\n","protected":false},"excerpt":{"rendered":"<p><span style=\"font-weight: 400;\">Bougeoir en \u00e9tain, figurant une danseuse orientale<\/span><\/p>\n","protected":false},"featured_media":6425,"comment_status":"open","ping_status":"closed","template":"","meta":[],"product_brand":[],"product_cat":[37,47],"product_tag":[114,173,328],"class_list":{"0":"post-6424","1":"product","2":"type-product","3":"status-publish","4":"has-post-thumbnail","6":"product_cat-decoration","7":"product_cat-objets-divers-et-bibelots","8":"product_tag-bougeoir","9":"product_tag-etain","10":"product_tag-objets-divers-et-bibelots","12":"first","13":"instock","14":"shipping-taxable","15":"purchasable","16":"product-type-simple"},"aioseo_notices":[],"jetpack_sharing_enabled":true,"_links":{"self":[{"href":"https:\/\/lespucesdestju.fr\/index.php?rest_route=\/wp\/v2\/product\/6424","targetHints":{"allow":["GET"]}}],"collection":[{"href":"https:\/\/lespucesdestju.fr\/index.php?rest_route=\/wp\/v2\/product"}],"about":[{"href":"https:\/\/lespucesdestju.fr\/index.php?rest_route=\/wp\/v2\/types\/product"}],"replies":[{"embeddable":true,"href":"https:\/\/lespucesdestju.fr\/index.php?rest_route=%2Fwp%2Fv2%2Fcomments&post=6424"}],"wp:featuredmedia":[{"embeddable":true,"href":"https:\/\/lespucesdestju.fr\/index.php?rest_route=\/wp\/v2\/media\/6425"}],"wp:attachment":[{"href":"https:\/\/lespucesdestju.fr\/index.php?rest_route=%2Fwp%2Fv2%2Fmedia&parent=6424"}],"wp:term":[{"taxonomy":"product_brand","embeddable":true,"href":"https:\/\/lespucesdestju.fr\/index.php?rest_route=%2Fwp%2Fv2%2Fproduct_brand&post=6424"},{"taxonomy":"product_cat","embeddable":true,"href":"https:\/\/lespucesdestju.fr\/index.php?rest_route=%2Fwp%2Fv2%2Fproduct_cat&post=6424"},{"taxonomy":"product_tag","embeddable":true,"href":"https:\/\/lespucesdestju.fr\/index.php?rest_route=%2Fwp%2Fv2%2Fproduct_tag&post=6424"}],"curies":[{"name":"wp","href":"https:\/\/api.w.org\/{rel}","templated":true}]}}