{"id":6355,"date":"2025-02-06T12:29:25","date_gmt":"2025-02-06T11:29:25","guid":{"rendered":"https:\/\/lespucesdestju.fr\/?post_type=product&#038;p=6355"},"modified":"2026-01-04T17:19:11","modified_gmt":"2026-01-04T16:19:11","slug":"table-basse-a-pietement-bronze","status":"publish","type":"product","link":"https:\/\/lespucesdestju.fr\/?product=table-basse-a-pietement-bronze","title":{"rendered":"Table basse \u00e0 pi\u00e8tement bronze"},"content":{"rendered":"<p><span style=\"font-weight: 400;\">Table basse \u00e0 pi\u00e8tement bronze n\u00e9o-classique et plateau marbre vert de mer. <\/span><\/p>\n<p><span style=\"font-weight: 400;\">Vers 1970\/80, bon \u00e9tat.<\/span><\/p>\n<blockquote><p><i><span style=\"font-weight: 400;\">Dimensions ( longueur x Largeur x Hauteur) et poids (Kg) pour un objets : <\/span><\/i><b><i>voir informations compl\u00e9mentaires.<\/i><\/b><\/p>\n<p><i><span style=\"font-weight: 400;\">Contactez-nous pour la livraison ou si int\u00e9ress\u00e9<\/span><\/i><\/p><\/blockquote>\n","protected":false},"excerpt":{"rendered":"<p><span style=\"font-weight: 400;\">Table basse \u00e0 pi\u00e8tement bronze n\u00e9o-classique et plateau marbre vert<\/span><\/p>\n","protected":false},"featured_media":6357,"comment_status":"open","ping_status":"closed","template":"","meta":[],"product_brand":[],"product_cat":[302,45],"product_tag":[70,236,199],"class_list":{"0":"post-6355","1":"product","2":"type-product","3":"status-publish","4":"has-post-thumbnail","6":"product_cat-meubles","7":"product_cat-mobilier","8":"product_tag-bronze","9":"product_tag-marbre-vert","10":"product_tag-table-basse","12":"first","13":"outofstock","14":"shipping-taxable","15":"purchasable","16":"product-type-simple"},"aioseo_notices":[],"jetpack_sharing_enabled":true,"_links":{"self":[{"href":"https:\/\/lespucesdestju.fr\/index.php?rest_route=\/wp\/v2\/product\/6355","targetHints":{"allow":["GET"]}}],"collection":[{"href":"https:\/\/lespucesdestju.fr\/index.php?rest_route=\/wp\/v2\/product"}],"about":[{"href":"https:\/\/lespucesdestju.fr\/index.php?rest_route=\/wp\/v2\/types\/product"}],"replies":[{"embeddable":true,"href":"https:\/\/lespucesdestju.fr\/index.php?rest_route=%2Fwp%2Fv2%2Fcomments&post=6355"}],"wp:featuredmedia":[{"embeddable":true,"href":"https:\/\/lespucesdestju.fr\/index.php?rest_route=\/wp\/v2\/media\/6357"}],"wp:attachment":[{"href":"https:\/\/lespucesdestju.fr\/index.php?rest_route=%2Fwp%2Fv2%2Fmedia&parent=6355"}],"wp:term":[{"taxonomy":"product_brand","embeddable":true,"href":"https:\/\/lespucesdestju.fr\/index.php?rest_route=%2Fwp%2Fv2%2Fproduct_brand&post=6355"},{"taxonomy":"product_cat","embeddable":true,"href":"https:\/\/lespucesdestju.fr\/index.php?rest_route=%2Fwp%2Fv2%2Fproduct_cat&post=6355"},{"taxonomy":"product_tag","embeddable":true,"href":"https:\/\/lespucesdestju.fr\/index.php?rest_route=%2Fwp%2Fv2%2Fproduct_tag&post=6355"}],"curies":[{"name":"wp","href":"https:\/\/api.w.org\/{rel}","templated":true}]}}