{"id":6315,"date":"2025-02-28T21:12:41","date_gmt":"2025-02-28T20:12:41","guid":{"rendered":"https:\/\/lespucesdestju.fr\/?post_type=product&#038;p=6315"},"modified":"2025-09-14T17:24:39","modified_gmt":"2025-09-14T15:24:39","slug":"paire-de-lampe-en-ceramique-chinoise","status":"publish","type":"product","link":"https:\/\/lespucesdestju.fr\/?product=paire-de-lampe-en-ceramique-chinoise","title":{"rendered":"Paire de lampe en c\u00e9ramique chinoise"},"content":{"rendered":"<p><span style=\"font-weight: 400\">Paire de lampe en c\u00e9ramique chinoise. <\/span><\/p>\n<p><span style=\"font-weight: 400\">Grands pots couverts ( XX\u00e8me) mont\u00e9s en lampes. <\/span><\/p>\n<p><span style=\"font-weight: 400\">C\u00e9ramique \u00e0 d\u00e9cors polychrome d\u2019oiseaux et de fleurs et feuillages. <\/span><\/p>\n<p><span style=\"font-weight: 400\">Tampon sous la base. Bel \u00e9tat. <\/span><\/p>\n<blockquote><p><span style=\"font-weight: 400\">Hauteur du pot <strong>44 cm<\/strong>. <\/span><span style=\"font-weight: 400\">Hauteur de l\u2019ensemble <strong>78 cm<\/strong>, diam\u00e8tre abat-jour: <strong>30-50 cm<\/strong>.<\/span><\/p>\n<p><b><i>\u00a0Cet objet peut \u00eatre uniquement retir\u00e9 en boutique,<\/i><\/b><i><span style=\"font-weight: 400\"> pour la livraison, veuillez <a href=\"https:\/\/lespucesdestju.fr\/?page_id=48\">nous contacter<\/a>.\u00a0<\/span><\/i><\/p>\n<p>&nbsp;<\/p><\/blockquote>\n","protected":false},"excerpt":{"rendered":"<p><span style=\"font-weight: 400\">Paire de lampe en c\u00e9ramique chinoise. <\/span><span style=\"font-weight: 400\">Grands pots couverts ( XX\u00e8me) <\/span><\/p>\n","protected":false},"featured_media":6402,"comment_status":"open","ping_status":"closed","template":"","meta":[],"product_brand":[],"product_cat":[46,45],"product_tag":[61,76,131,120],"class_list":{"0":"post-6315","1":"product","2":"type-product","3":"status-publish","4":"has-post-thumbnail","6":"product_cat-luminaires-et-eclairages","7":"product_cat-mobilier","8":"product_tag-ceramique","9":"product_tag-lampe","10":"product_tag-luminaire","11":"product_tag-pot","13":"first","14":"outofstock","15":"shipping-taxable","16":"purchasable","17":"product-type-simple"},"aioseo_notices":[],"jetpack_sharing_enabled":true,"_links":{"self":[{"href":"https:\/\/lespucesdestju.fr\/index.php?rest_route=\/wp\/v2\/product\/6315","targetHints":{"allow":["GET"]}}],"collection":[{"href":"https:\/\/lespucesdestju.fr\/index.php?rest_route=\/wp\/v2\/product"}],"about":[{"href":"https:\/\/lespucesdestju.fr\/index.php?rest_route=\/wp\/v2\/types\/product"}],"replies":[{"embeddable":true,"href":"https:\/\/lespucesdestju.fr\/index.php?rest_route=%2Fwp%2Fv2%2Fcomments&post=6315"}],"wp:featuredmedia":[{"embeddable":true,"href":"https:\/\/lespucesdestju.fr\/index.php?rest_route=\/wp\/v2\/media\/6402"}],"wp:attachment":[{"href":"https:\/\/lespucesdestju.fr\/index.php?rest_route=%2Fwp%2Fv2%2Fmedia&parent=6315"}],"wp:term":[{"taxonomy":"product_brand","embeddable":true,"href":"https:\/\/lespucesdestju.fr\/index.php?rest_route=%2Fwp%2Fv2%2Fproduct_brand&post=6315"},{"taxonomy":"product_cat","embeddable":true,"href":"https:\/\/lespucesdestju.fr\/index.php?rest_route=%2Fwp%2Fv2%2Fproduct_cat&post=6315"},{"taxonomy":"product_tag","embeddable":true,"href":"https:\/\/lespucesdestju.fr\/index.php?rest_route=%2Fwp%2Fv2%2Fproduct_tag&post=6315"}],"curies":[{"name":"wp","href":"https:\/\/api.w.org\/{rel}","templated":true}]}}