{"id":6285,"date":"2025-01-22T15:12:45","date_gmt":"2025-01-22T14:12:45","guid":{"rendered":"https:\/\/lespucesdestju.fr\/?post_type=product&#038;p=6285"},"modified":"2025-07-06T16:47:34","modified_gmt":"2025-07-06T14:47:34","slug":"fermes-landaises-huile-sur-panneau","status":"publish","type":"product","link":"https:\/\/lespucesdestju.fr\/?product=fermes-landaises-huile-sur-panneau","title":{"rendered":"\u201cFermes landaises\u201d Huile sur panneau"},"content":{"rendered":"<p><span style=\"font-weight: 400;\">\u201cFermes landaises\u201d Huile sur panneau fin XIX\u00e8me \/ d\u00e9but XX\u00e8me, dans le go\u00fbt de Cabi\u00e9 ou Gueit. <\/span><\/p>\n<p><span style=\"font-weight: 400;\">Non sign\u00e9, bel \u00e9tat.<\/span><\/p>\n<blockquote><p><span style=\"font-weight: 400;\">Toile : 12 x 22 cm<\/span><\/p>\n<p><span style=\"font-weight: 400;\">Cadre 21 x 31 cm.<\/span><\/p><\/blockquote>\n","protected":false},"excerpt":{"rendered":"<p><span style=\"font-weight: 400;\">\u201cFermes landaises\u201d Huile sur panneau fin XIX\u00e8me <\/span><\/p>\n","protected":false},"featured_media":6290,"comment_status":"open","ping_status":"closed","template":"","meta":[],"product_brand":[],"product_cat":[50,306],"product_tag":[56,104,101],"class_list":{"0":"post-6285","1":"product","2":"type-product","3":"status-publish","4":"has-post-thumbnail","6":"product_cat-art","7":"product_cat-tableaux-et-peintures","8":"product_tag-art","9":"product_tag-huile-sur-panneau","10":"product_tag-tableau","12":"first","13":"outofstock","14":"shipping-taxable","15":"product-type-simple"},"aioseo_notices":[],"jetpack_sharing_enabled":true,"_links":{"self":[{"href":"https:\/\/lespucesdestju.fr\/index.php?rest_route=\/wp\/v2\/product\/6285","targetHints":{"allow":["GET"]}}],"collection":[{"href":"https:\/\/lespucesdestju.fr\/index.php?rest_route=\/wp\/v2\/product"}],"about":[{"href":"https:\/\/lespucesdestju.fr\/index.php?rest_route=\/wp\/v2\/types\/product"}],"replies":[{"embeddable":true,"href":"https:\/\/lespucesdestju.fr\/index.php?rest_route=%2Fwp%2Fv2%2Fcomments&post=6285"}],"wp:featuredmedia":[{"embeddable":true,"href":"https:\/\/lespucesdestju.fr\/index.php?rest_route=\/wp\/v2\/media\/6290"}],"wp:attachment":[{"href":"https:\/\/lespucesdestju.fr\/index.php?rest_route=%2Fwp%2Fv2%2Fmedia&parent=6285"}],"wp:term":[{"taxonomy":"product_brand","embeddable":true,"href":"https:\/\/lespucesdestju.fr\/index.php?rest_route=%2Fwp%2Fv2%2Fproduct_brand&post=6285"},{"taxonomy":"product_cat","embeddable":true,"href":"https:\/\/lespucesdestju.fr\/index.php?rest_route=%2Fwp%2Fv2%2Fproduct_cat&post=6285"},{"taxonomy":"product_tag","embeddable":true,"href":"https:\/\/lespucesdestju.fr\/index.php?rest_route=%2Fwp%2Fv2%2Fproduct_tag&post=6285"}],"curies":[{"name":"wp","href":"https:\/\/api.w.org\/{rel}","templated":true}]}}