{"id":6272,"date":"2025-01-22T15:04:25","date_gmt":"2025-01-22T14:04:25","guid":{"rendered":"https:\/\/lespucesdestju.fr\/?post_type=product&#038;p=6272"},"modified":"2026-01-04T16:52:18","modified_gmt":"2026-01-04T15:52:18","slug":"huile-sur-toile-ecole-francaise-2","status":"publish","type":"product","link":"https:\/\/lespucesdestju.fr\/?product=huile-sur-toile-ecole-francaise-2","title":{"rendered":"Huile sur toile, \u00e9cole fran\u00e7aise"},"content":{"rendered":"<p><span style=\"font-weight: 400;\">Huile sur toile, \u00e9cole fran\u00e7aise de la seconde moiti\u00e9 du XIX\u00e8me, dans le go\u00fbt des peintures hollandaises.<\/span><\/p>\n<p><span style=\"font-weight: 400;\"> Sc\u00e8ne anim\u00e9e autour du moulin \u00e0 eau. <\/span><\/p>\n<p><span style=\"font-weight: 400;\">Restaurations et rentoilage. <\/span><\/p>\n<blockquote><p><span style=\"font-weight: 400;\">Dim toile 49 x 65 cm.<\/span><\/p><\/blockquote>\n","protected":false},"excerpt":{"rendered":"<p><span style=\"font-weight: 400;\">Huile sur toile, \u00e9cole fran\u00e7aise de la seconde moiti\u00e9 du XIX\u00e8me<\/span><\/p>\n","protected":false},"featured_media":6277,"comment_status":"open","ping_status":"closed","template":"","meta":[],"product_brand":[],"product_cat":[50,306],"product_tag":[56,97,100],"class_list":{"0":"post-6272","1":"product","2":"type-product","3":"status-publish","4":"has-post-thumbnail","6":"product_cat-art","7":"product_cat-tableaux-et-peintures","8":"product_tag-art","9":"product_tag-huile-sur-toile","10":"product_tag-peinture","12":"first","13":"outofstock","14":"shipping-taxable","15":"purchasable","16":"product-type-simple"},"aioseo_notices":[],"jetpack_sharing_enabled":true,"_links":{"self":[{"href":"https:\/\/lespucesdestju.fr\/index.php?rest_route=\/wp\/v2\/product\/6272","targetHints":{"allow":["GET"]}}],"collection":[{"href":"https:\/\/lespucesdestju.fr\/index.php?rest_route=\/wp\/v2\/product"}],"about":[{"href":"https:\/\/lespucesdestju.fr\/index.php?rest_route=\/wp\/v2\/types\/product"}],"replies":[{"embeddable":true,"href":"https:\/\/lespucesdestju.fr\/index.php?rest_route=%2Fwp%2Fv2%2Fcomments&post=6272"}],"wp:featuredmedia":[{"embeddable":true,"href":"https:\/\/lespucesdestju.fr\/index.php?rest_route=\/wp\/v2\/media\/6277"}],"wp:attachment":[{"href":"https:\/\/lespucesdestju.fr\/index.php?rest_route=%2Fwp%2Fv2%2Fmedia&parent=6272"}],"wp:term":[{"taxonomy":"product_brand","embeddable":true,"href":"https:\/\/lespucesdestju.fr\/index.php?rest_route=%2Fwp%2Fv2%2Fproduct_brand&post=6272"},{"taxonomy":"product_cat","embeddable":true,"href":"https:\/\/lespucesdestju.fr\/index.php?rest_route=%2Fwp%2Fv2%2Fproduct_cat&post=6272"},{"taxonomy":"product_tag","embeddable":true,"href":"https:\/\/lespucesdestju.fr\/index.php?rest_route=%2Fwp%2Fv2%2Fproduct_tag&post=6272"}],"curies":[{"name":"wp","href":"https:\/\/api.w.org\/{rel}","templated":true}]}}