{"id":6258,"date":"2025-01-22T14:55:50","date_gmt":"2025-01-22T13:55:50","guid":{"rendered":"https:\/\/lespucesdestju.fr\/?post_type=product&#038;p=6258"},"modified":"2026-01-04T16:52:54","modified_gmt":"2026-01-04T15:52:54","slug":"retour-de-peche-par-lucien-gallee","status":"publish","type":"product","link":"https:\/\/lespucesdestju.fr\/?product=retour-de-peche-par-lucien-gallee","title":{"rendered":"\u201cRetour de p\u00eache\u201d par Lucien Gall\u00e9e"},"content":{"rendered":"<p><span style=\"font-weight: 400;\">\u201cRetour de p\u00eache\u201d par Lucien Gall\u00e9e, \u00e9cole de Crozant (N\u00e9 \u00e0 paris XIX &#8211; XX\u00e8me). <\/span><\/p>\n<p><span style=\"font-weight: 400;\">Huile sur panneau. Oeuvre \u00e0 rapprocher de \u201cGranville\u201d du m\u00eame artiste et semblant constituer un pendant au tableau \u201cGranville\u201d, dans le traitement et les dimensions. <\/span><\/p>\n<p><span style=\"font-weight: 400;\">Sign\u00e9 en bas \u00e0 gauche et dat\u00e9 1908.<\/span><\/p>\n<p><span style=\"font-weight: 400;\">Bel \u00e9tat g\u00e9n\u00e9ral.<\/span><\/p>\n<blockquote><p><span style=\"font-weight: 400;\"> Toile : 22.5 x 32 cm<\/span><\/p>\n<p><span style=\"font-weight: 400;\">Cadre : 31 x 40 cm<\/span><\/p><\/blockquote>\n","protected":false},"excerpt":{"rendered":"<p><span style=\"font-weight: 400;\">\u201cRetour de p\u00eache\u201d par Lucien Gall\u00e9e, \u00e9cole de Crozant<\/span><\/p>\n","protected":false},"featured_media":6265,"comment_status":"open","ping_status":"closed","template":"","meta":[],"product_brand":[],"product_cat":[50,306],"product_tag":[56,104,101],"class_list":{"0":"post-6258","1":"product","2":"type-product","3":"status-publish","4":"has-post-thumbnail","6":"product_cat-art","7":"product_cat-tableaux-et-peintures","8":"product_tag-art","9":"product_tag-huile-sur-panneau","10":"product_tag-tableau","12":"first","13":"outofstock","14":"shipping-taxable","15":"purchasable","16":"product-type-simple"},"aioseo_notices":[],"jetpack_sharing_enabled":true,"_links":{"self":[{"href":"https:\/\/lespucesdestju.fr\/index.php?rest_route=\/wp\/v2\/product\/6258","targetHints":{"allow":["GET"]}}],"collection":[{"href":"https:\/\/lespucesdestju.fr\/index.php?rest_route=\/wp\/v2\/product"}],"about":[{"href":"https:\/\/lespucesdestju.fr\/index.php?rest_route=\/wp\/v2\/types\/product"}],"replies":[{"embeddable":true,"href":"https:\/\/lespucesdestju.fr\/index.php?rest_route=%2Fwp%2Fv2%2Fcomments&post=6258"}],"wp:featuredmedia":[{"embeddable":true,"href":"https:\/\/lespucesdestju.fr\/index.php?rest_route=\/wp\/v2\/media\/6265"}],"wp:attachment":[{"href":"https:\/\/lespucesdestju.fr\/index.php?rest_route=%2Fwp%2Fv2%2Fmedia&parent=6258"}],"wp:term":[{"taxonomy":"product_brand","embeddable":true,"href":"https:\/\/lespucesdestju.fr\/index.php?rest_route=%2Fwp%2Fv2%2Fproduct_brand&post=6258"},{"taxonomy":"product_cat","embeddable":true,"href":"https:\/\/lespucesdestju.fr\/index.php?rest_route=%2Fwp%2Fv2%2Fproduct_cat&post=6258"},{"taxonomy":"product_tag","embeddable":true,"href":"https:\/\/lespucesdestju.fr\/index.php?rest_route=%2Fwp%2Fv2%2Fproduct_tag&post=6258"}],"curies":[{"name":"wp","href":"https:\/\/api.w.org\/{rel}","templated":true}]}}