{"id":6231,"date":"2024-12-30T16:40:56","date_gmt":"2024-12-30T15:40:56","guid":{"rendered":"https:\/\/lespucesdestju.fr\/?post_type=product&#038;p=6231"},"modified":"2024-12-30T16:40:57","modified_gmt":"2024-12-30T15:40:57","slug":"caleche-sous-la-neige-ecole-anglaise","status":"publish","type":"product","link":"https:\/\/lespucesdestju.fr\/?product=caleche-sous-la-neige-ecole-anglaise","title":{"rendered":"\u201cCal\u00e8che sous la neige\u201d. Ecole anglaise"},"content":{"rendered":"<p><span style=\"font-weight: 400;\">\u201cCal\u00e8che sous la neige\u201d. Ecole anglaise pour cette gouache, sign\u00e9e en bas \u00e0 droite initiales M.H. et dat\u00e9e 1930.<\/span><\/p>\n<p><span style=\"font-weight: 400;\">Inscriptions et date au dos. Tr\u00e8s bel \u00e9tat.<\/span><\/p>\n<blockquote><p><i><span style=\"font-weight: 400;\">Dimensions ( longueur x Largeur x Hauteur) et poids (Kg) pour un objets : <\/span><\/i><b><i>voir informations compl\u00e9mentaires.<\/i><\/b><\/p><\/blockquote>\n","protected":false},"excerpt":{"rendered":"<p><span style=\"font-weight: 400;\">\u201cCal\u00e8che sous la neige\u201d. Ecole anglaise <\/span><span style=\"font-weight: 400;\"> pour cette gouache<\/span><\/p>\n","protected":false},"featured_media":6237,"comment_status":"open","ping_status":"closed","template":"","meta":[],"product_brand":[],"product_cat":[50,306],"product_tag":[56,348,347,253],"class_list":{"0":"post-6231","1":"product","2":"type-product","3":"status-publish","4":"has-post-thumbnail","6":"product_cat-art","7":"product_cat-tableaux-et-peintures","8":"product_tag-art","9":"product_tag-ecole-anglaise","10":"product_tag-gouache","11":"product_tag-tableaux","13":"first","14":"instock","15":"shipping-taxable","16":"purchasable","17":"product-type-simple"},"aioseo_notices":[],"jetpack_sharing_enabled":true,"_links":{"self":[{"href":"https:\/\/lespucesdestju.fr\/index.php?rest_route=\/wp\/v2\/product\/6231","targetHints":{"allow":["GET"]}}],"collection":[{"href":"https:\/\/lespucesdestju.fr\/index.php?rest_route=\/wp\/v2\/product"}],"about":[{"href":"https:\/\/lespucesdestju.fr\/index.php?rest_route=\/wp\/v2\/types\/product"}],"replies":[{"embeddable":true,"href":"https:\/\/lespucesdestju.fr\/index.php?rest_route=%2Fwp%2Fv2%2Fcomments&post=6231"}],"wp:featuredmedia":[{"embeddable":true,"href":"https:\/\/lespucesdestju.fr\/index.php?rest_route=\/wp\/v2\/media\/6237"}],"wp:attachment":[{"href":"https:\/\/lespucesdestju.fr\/index.php?rest_route=%2Fwp%2Fv2%2Fmedia&parent=6231"}],"wp:term":[{"taxonomy":"product_brand","embeddable":true,"href":"https:\/\/lespucesdestju.fr\/index.php?rest_route=%2Fwp%2Fv2%2Fproduct_brand&post=6231"},{"taxonomy":"product_cat","embeddable":true,"href":"https:\/\/lespucesdestju.fr\/index.php?rest_route=%2Fwp%2Fv2%2Fproduct_cat&post=6231"},{"taxonomy":"product_tag","embeddable":true,"href":"https:\/\/lespucesdestju.fr\/index.php?rest_route=%2Fwp%2Fv2%2Fproduct_tag&post=6231"}],"curies":[{"name":"wp","href":"https:\/\/api.w.org\/{rel}","templated":true}]}}