{"id":6224,"date":"2024-12-30T16:36:22","date_gmt":"2024-12-30T15:36:22","guid":{"rendered":"https:\/\/lespucesdestju.fr\/?post_type=product&#038;p=6224"},"modified":"2025-04-30T17:42:22","modified_gmt":"2025-04-30T15:42:22","slug":"le-cerf-accule-baron-jules-finot","status":"publish","type":"product","link":"https:\/\/lespucesdestju.fr\/?product=le-cerf-accule-baron-jules-finot","title":{"rendered":"\u201cLe cerf accul\u00e9\u201d. Baron Jules Finot"},"content":{"rendered":"<p><span style=\"font-weight: 400;\">\u201cLe cerf accul\u00e9\u201d. Baron Jules Finot (1826-1906). <\/span><\/p>\n<p><span style=\"font-weight: 400;\">Aquarelle gouach\u00e9e, trace de signature en bas \u00e0 gauche ( B Finot). <\/span><\/p>\n<p><span style=\"font-weight: 400;\">Tr\u00e8s belle miniature de chasse \u00e0 courre, en bon \u00e9tat (8,7 x 11,4 cm)<\/span><\/p>\n<p><span style=\"font-weight: 400;\">Cadre en bois exotique d\u2019origine (usures).<\/span><\/p>\n<blockquote><p><i><span style=\"font-weight: 400;\">Dimensions ( longueur x Largeur x Hauteur) et poids (Kg) pour un objets : <\/span><\/i><b><i>voir informations compl\u00e9mentaires.<\/i><\/b><\/p><\/blockquote>\n","protected":false},"excerpt":{"rendered":"<p>\u201cLe cerf accul\u00e9\u201d. Baron Jules Finot (1826-1906). Aquarelle gouach\u00e9e, trace de signature en bas \u00e0 gauche ( B Finot). Tr\u00e8s&#8230;<\/p>\n","protected":false},"featured_media":6229,"comment_status":"open","ping_status":"closed","template":"","meta":[],"product_brand":[],"product_cat":[306],"product_tag":[163,56,101],"class_list":{"0":"post-6224","1":"product","2":"type-product","3":"status-publish","4":"has-post-thumbnail","6":"product_cat-tableaux-et-peintures","7":"product_tag-aquarelle","8":"product_tag-art","9":"product_tag-tableau","11":"first","12":"outofstock","13":"shipping-taxable","14":"product-type-simple"},"aioseo_notices":[],"jetpack_sharing_enabled":true,"_links":{"self":[{"href":"https:\/\/lespucesdestju.fr\/index.php?rest_route=\/wp\/v2\/product\/6224","targetHints":{"allow":["GET"]}}],"collection":[{"href":"https:\/\/lespucesdestju.fr\/index.php?rest_route=\/wp\/v2\/product"}],"about":[{"href":"https:\/\/lespucesdestju.fr\/index.php?rest_route=\/wp\/v2\/types\/product"}],"replies":[{"embeddable":true,"href":"https:\/\/lespucesdestju.fr\/index.php?rest_route=%2Fwp%2Fv2%2Fcomments&post=6224"}],"wp:featuredmedia":[{"embeddable":true,"href":"https:\/\/lespucesdestju.fr\/index.php?rest_route=\/wp\/v2\/media\/6229"}],"wp:attachment":[{"href":"https:\/\/lespucesdestju.fr\/index.php?rest_route=%2Fwp%2Fv2%2Fmedia&parent=6224"}],"wp:term":[{"taxonomy":"product_brand","embeddable":true,"href":"https:\/\/lespucesdestju.fr\/index.php?rest_route=%2Fwp%2Fv2%2Fproduct_brand&post=6224"},{"taxonomy":"product_cat","embeddable":true,"href":"https:\/\/lespucesdestju.fr\/index.php?rest_route=%2Fwp%2Fv2%2Fproduct_cat&post=6224"},{"taxonomy":"product_tag","embeddable":true,"href":"https:\/\/lespucesdestju.fr\/index.php?rest_route=%2Fwp%2Fv2%2Fproduct_tag&post=6224"}],"curies":[{"name":"wp","href":"https:\/\/api.w.org\/{rel}","templated":true}]}}