{"id":6218,"date":"2024-12-30T16:19:14","date_gmt":"2024-12-30T15:19:14","guid":{"rendered":"https:\/\/lespucesdestju.fr\/?post_type=product&#038;p=6218"},"modified":"2026-01-04T16:54:05","modified_gmt":"2026-01-04T15:54:05","slug":"bouquetin-des-pyrenees-mouflon-argali","status":"publish","type":"product","link":"https:\/\/lespucesdestju.fr\/?product=bouquetin-des-pyrenees-mouflon-argali","title":{"rendered":"\u201cBouquetin des pyr\u00e9n\u00e9es \/ Mouflon argali\u201d"},"content":{"rendered":"<p><span style=\"font-weight: 400;\">\u201cBouquetin des pyr\u00e9n\u00e9es \/ Mouflon argali\u201d. <\/span><\/p>\n<p><span style=\"font-weight: 400;\">Ancienne gravure de planche de zoologie XIX\u00e8me. <\/span><\/p>\n<p><span style=\"font-weight: 400;\">Tr\u00e8s bel \u00e9tat et bel encadrement ancien en bois naturel moulur\u00e9.<\/span><\/p>\n<blockquote><p><i><span style=\"font-weight: 400;\">Dimensions ( longueur x Largeur x Hauteur) et poids (Kg) pour un objets : <\/span><\/i><b><i>voir informations compl\u00e9mentaires.<\/i><\/b><\/p><\/blockquote>\n","protected":false},"excerpt":{"rendered":"<p><span style=\"font-weight: 400;\">\u201cBouquetin des pyr\u00e9n\u00e9es \/ Mouflon argali\u201d. <\/span><span style=\"font-weight: 400;\">Ancienne gravure<\/span><\/p>\n","protected":false},"featured_media":6223,"comment_status":"open","ping_status":"closed","template":"","meta":[],"product_brand":[],"product_cat":[50,307],"product_tag":[72,56,315,346],"class_list":{"0":"post-6218","1":"product","2":"type-product","3":"status-publish","4":"has-post-thumbnail","6":"product_cat-art","7":"product_cat-dessins-gravures-et-lithographies","8":"product_tag-ancien","9":"product_tag-art","10":"product_tag-gravure","11":"product_tag-zoologie","13":"first","14":"outofstock","15":"shipping-taxable","16":"purchasable","17":"product-type-simple"},"aioseo_notices":[],"jetpack_sharing_enabled":true,"_links":{"self":[{"href":"https:\/\/lespucesdestju.fr\/index.php?rest_route=\/wp\/v2\/product\/6218","targetHints":{"allow":["GET"]}}],"collection":[{"href":"https:\/\/lespucesdestju.fr\/index.php?rest_route=\/wp\/v2\/product"}],"about":[{"href":"https:\/\/lespucesdestju.fr\/index.php?rest_route=\/wp\/v2\/types\/product"}],"replies":[{"embeddable":true,"href":"https:\/\/lespucesdestju.fr\/index.php?rest_route=%2Fwp%2Fv2%2Fcomments&post=6218"}],"wp:featuredmedia":[{"embeddable":true,"href":"https:\/\/lespucesdestju.fr\/index.php?rest_route=\/wp\/v2\/media\/6223"}],"wp:attachment":[{"href":"https:\/\/lespucesdestju.fr\/index.php?rest_route=%2Fwp%2Fv2%2Fmedia&parent=6218"}],"wp:term":[{"taxonomy":"product_brand","embeddable":true,"href":"https:\/\/lespucesdestju.fr\/index.php?rest_route=%2Fwp%2Fv2%2Fproduct_brand&post=6218"},{"taxonomy":"product_cat","embeddable":true,"href":"https:\/\/lespucesdestju.fr\/index.php?rest_route=%2Fwp%2Fv2%2Fproduct_cat&post=6218"},{"taxonomy":"product_tag","embeddable":true,"href":"https:\/\/lespucesdestju.fr\/index.php?rest_route=%2Fwp%2Fv2%2Fproduct_tag&post=6218"}],"curies":[{"name":"wp","href":"https:\/\/api.w.org\/{rel}","templated":true}]}}