{"id":6069,"date":"2024-12-07T15:16:30","date_gmt":"2024-12-07T14:16:30","guid":{"rendered":"https:\/\/lespucesdestju.fr\/?post_type=product&#038;p=6069"},"modified":"2025-09-10T10:44:34","modified_gmt":"2025-09-10T08:44:34","slug":"coupes-en-cristal-fin","status":"publish","type":"product","link":"https:\/\/lespucesdestju.fr\/?product=coupes-en-cristal-fin","title":{"rendered":"Coupes en cristal fin"},"content":{"rendered":"<p><span style=\"font-weight: 400\">Coupes en cristal fin XIX\u00e8me\/D\u00e9but XX\u00e8me. Lot de 7 coupe<\/span><\/p>\n<p><span style=\"font-weight: 400\">Tr\u00e8s belle coupe \u00e0 champagne en cristal de qualit\u00e9. Riche d\u00e9cor g\u00e9om\u00e9trique grav\u00e9 \u00e0 la meule. <\/span><\/p>\n<p><span style=\"font-weight: 400\">Bel \u00e9tat (d\u2019usage), quelques frottements sous le pied.<\/span><\/p>\n<blockquote><p><i><span style=\"font-weight: 400\">Dimensions ( longueur x Largeur x Hauteur) et poids (Kg) pour un objets : <\/span><\/i><b><i>voir informations compl\u00e9mentaires.<\/i><\/b><\/p><\/blockquote>\n","protected":false},"excerpt":{"rendered":"<p><span style=\"font-weight: 400\">Coupes en cristal fin XIX\u00e8me\/D\u00e9but XX\u00e8me<\/span><\/p>\n","protected":false},"featured_media":6072,"comment_status":"open","ping_status":"closed","template":"","meta":[],"product_brand":[],"product_cat":[15,298],"product_tag":[66,68,67,345],"class_list":{"0":"post-6069","1":"product","2":"type-product","3":"status-publish","4":"has-post-thumbnail","6":"product_cat-art-de-la-table","7":"product_cat-verres-a-boires","8":"product_tag-art-de-la-table","9":"product_tag-coupe","10":"product_tag-cristal","11":"product_tag-verre-a-boire","13":"first","14":"outofstock","15":"shipping-taxable","16":"purchasable","17":"product-type-simple"},"aioseo_notices":[],"jetpack_sharing_enabled":true,"_links":{"self":[{"href":"https:\/\/lespucesdestju.fr\/index.php?rest_route=\/wp\/v2\/product\/6069","targetHints":{"allow":["GET"]}}],"collection":[{"href":"https:\/\/lespucesdestju.fr\/index.php?rest_route=\/wp\/v2\/product"}],"about":[{"href":"https:\/\/lespucesdestju.fr\/index.php?rest_route=\/wp\/v2\/types\/product"}],"replies":[{"embeddable":true,"href":"https:\/\/lespucesdestju.fr\/index.php?rest_route=%2Fwp%2Fv2%2Fcomments&post=6069"}],"wp:featuredmedia":[{"embeddable":true,"href":"https:\/\/lespucesdestju.fr\/index.php?rest_route=\/wp\/v2\/media\/6072"}],"wp:attachment":[{"href":"https:\/\/lespucesdestju.fr\/index.php?rest_route=%2Fwp%2Fv2%2Fmedia&parent=6069"}],"wp:term":[{"taxonomy":"product_brand","embeddable":true,"href":"https:\/\/lespucesdestju.fr\/index.php?rest_route=%2Fwp%2Fv2%2Fproduct_brand&post=6069"},{"taxonomy":"product_cat","embeddable":true,"href":"https:\/\/lespucesdestju.fr\/index.php?rest_route=%2Fwp%2Fv2%2Fproduct_cat&post=6069"},{"taxonomy":"product_tag","embeddable":true,"href":"https:\/\/lespucesdestju.fr\/index.php?rest_route=%2Fwp%2Fv2%2Fproduct_tag&post=6069"}],"curies":[{"name":"wp","href":"https:\/\/api.w.org\/{rel}","templated":true}]}}