{"id":6033,"date":"2024-12-07T14:39:35","date_gmt":"2024-12-07T13:39:35","guid":{"rendered":"https:\/\/lespucesdestju.fr\/?post_type=product&#038;p=6033"},"modified":"2024-12-09T11:54:48","modified_gmt":"2024-12-09T10:54:48","slug":"boite-a-bijoux-fin-xixeme","status":"publish","type":"product","link":"https:\/\/lespucesdestju.fr\/?product=boite-a-bijoux-fin-xixeme","title":{"rendered":"Bo\u00eete \u00e0 bijoux fin XIX\u00e8me"},"content":{"rendered":"<p><span style=\"font-weight: 400\">Bo\u00eete \u00e0 bijoux fin XIX\u00e8me. Belle bo\u00eete \u00e0 bijoux en bois naturel, dans le style de la for\u00eat noire. <\/span><\/p>\n<p><span style=\"font-weight: 400\">Elle pr\u00e9sente un rangement principal \u00e0 la base et est surmont\u00e9e de 4 tiroirs pivotants, l\u2019int\u00e9rieur capitonn\u00e9 en soie bleue. Munie de sa cl\u00e9 d&rsquo;origine, la serrure est fonctionnelle. Les d\u00e9cors, finement sculpt\u00e9s en relief, repr\u00e9sentent des fleurs d&rsquo;edelweiss sur la face des tiroirs, le couvercle est surmont\u00e9 d\u2019une groupe sculpt\u00e9, r\u00e9aliste et expressif d\u2019un couple de chamois. <\/span><\/p>\n<p><span style=\"font-weight: 400\">Tr\u00e8s belle r\u00e9alisation et bel \u00e9tat, malgr\u00e9 une usure au capitonnage dans un tiroir et une corne manquante \u00e0 un chamois.<\/span><\/p>\n<blockquote><p><i><span style=\"font-weight: 400\">Dimensions ( longueur x Largeur x Hauteur) et poids (Kg) pour un objets : <\/span><\/i><b><i>voir informations compl\u00e9mentaires.<\/i><\/b><\/p><\/blockquote>\n","protected":false},"excerpt":{"rendered":"<p><span style=\"font-weight: 400\">Bo\u00eete \u00e0 bijoux fin XIX\u00e8me. Belle bo\u00eete \u00e0 bijoux en bois naturel<\/span><\/p>\n","protected":false},"featured_media":6034,"comment_status":"open","ping_status":"closed","template":"","meta":[],"product_brand":[],"product_cat":[294,37],"product_tag":[343,86,74,200,60],"class_list":{"0":"post-6033","1":"product","2":"type-product","3":"status-publish","4":"has-post-thumbnail","6":"product_cat-boites-et-coffrets","7":"product_cat-decoration","8":"product_tag-bleu","9":"product_tag-bois","10":"product_tag-boite","11":"product_tag-boite-a-bijoux","12":"product_tag-decoration","14":"first","15":"instock","16":"shipping-taxable","17":"purchasable","18":"product-type-simple"},"aioseo_notices":[],"jetpack_sharing_enabled":true,"_links":{"self":[{"href":"https:\/\/lespucesdestju.fr\/index.php?rest_route=\/wp\/v2\/product\/6033","targetHints":{"allow":["GET"]}}],"collection":[{"href":"https:\/\/lespucesdestju.fr\/index.php?rest_route=\/wp\/v2\/product"}],"about":[{"href":"https:\/\/lespucesdestju.fr\/index.php?rest_route=\/wp\/v2\/types\/product"}],"replies":[{"embeddable":true,"href":"https:\/\/lespucesdestju.fr\/index.php?rest_route=%2Fwp%2Fv2%2Fcomments&post=6033"}],"wp:featuredmedia":[{"embeddable":true,"href":"https:\/\/lespucesdestju.fr\/index.php?rest_route=\/wp\/v2\/media\/6034"}],"wp:attachment":[{"href":"https:\/\/lespucesdestju.fr\/index.php?rest_route=%2Fwp%2Fv2%2Fmedia&parent=6033"}],"wp:term":[{"taxonomy":"product_brand","embeddable":true,"href":"https:\/\/lespucesdestju.fr\/index.php?rest_route=%2Fwp%2Fv2%2Fproduct_brand&post=6033"},{"taxonomy":"product_cat","embeddable":true,"href":"https:\/\/lespucesdestju.fr\/index.php?rest_route=%2Fwp%2Fv2%2Fproduct_cat&post=6033"},{"taxonomy":"product_tag","embeddable":true,"href":"https:\/\/lespucesdestju.fr\/index.php?rest_route=%2Fwp%2Fv2%2Fproduct_tag&post=6033"}],"curies":[{"name":"wp","href":"https:\/\/api.w.org\/{rel}","templated":true}]}}