{"id":5941,"date":"2024-11-29T10:48:57","date_gmt":"2024-11-29T09:48:57","guid":{"rendered":"https:\/\/lespucesdestju.fr\/?post_type=product&#038;p=5941"},"modified":"2025-05-17T11:36:11","modified_gmt":"2025-05-17T09:36:11","slug":"lampe-cupidon-en-bronze","status":"publish","type":"product","link":"https:\/\/lespucesdestju.fr\/?product=lampe-cupidon-en-bronze","title":{"rendered":"Lampe Cupidon en bronze"},"content":{"rendered":"<p><span style=\"font-weight: 400;\">Lampe Cupidon en bronze sign\u00e9e Gr\u00e9goire (XIX\u00e8me). <\/span><\/p>\n<p><span style=\"font-weight: 400;\">Belle lampe torch\u00e8re en bronze \u00e0 belle patine brune, sign\u00e9 Gr\u00e9goire. Notre bronze est mont\u00e9 sur une belle base en marbre griotte, \u00e0 double section circulaire et carr\u00e9e.\u00a0<\/span><\/p>\n<p><span style=\"font-weight: 400;\">Jean Louis Gr\u00e9goire est un artiste fran\u00e7ais n\u00e9 en 1840 et mort en 1890.<\/span><\/p>\n<p><span style=\"font-weight: 400;\">Tr\u00e8s bel \u00e9tat. (Fin XIX\u00e8me, d\u00e9but XX)<\/span><\/p>\n<blockquote><p><i><span style=\"font-weight: 400;\">\u00a0Dimensions et poids pour une lampe abat-jour compris <\/span><\/i><b><i>(voir infos compl\u00e9mentaires)<\/i><\/b><\/p><\/blockquote>\n","protected":false},"excerpt":{"rendered":"<p><span style=\"font-weight: 400;\">Lampe Cupidon en bronze sign\u00e9e Gr\u00e9goire<\/span><\/p>\n","protected":false},"featured_media":5942,"comment_status":"open","ping_status":"closed","template":"","meta":[],"product_brand":[],"product_cat":[46,45],"product_tag":[70,76,87,75],"class_list":{"0":"post-5941","1":"product","2":"type-product","3":"status-publish","4":"has-post-thumbnail","6":"product_cat-luminaires-et-eclairages","7":"product_cat-mobilier","8":"product_tag-bronze","9":"product_tag-lampe","10":"product_tag-marbre","11":"product_tag-verre","13":"first","14":"instock","15":"shipping-taxable","16":"purchasable","17":"product-type-simple"},"aioseo_notices":[],"jetpack_sharing_enabled":true,"_links":{"self":[{"href":"https:\/\/lespucesdestju.fr\/index.php?rest_route=\/wp\/v2\/product\/5941","targetHints":{"allow":["GET"]}}],"collection":[{"href":"https:\/\/lespucesdestju.fr\/index.php?rest_route=\/wp\/v2\/product"}],"about":[{"href":"https:\/\/lespucesdestju.fr\/index.php?rest_route=\/wp\/v2\/types\/product"}],"replies":[{"embeddable":true,"href":"https:\/\/lespucesdestju.fr\/index.php?rest_route=%2Fwp%2Fv2%2Fcomments&post=5941"}],"wp:featuredmedia":[{"embeddable":true,"href":"https:\/\/lespucesdestju.fr\/index.php?rest_route=\/wp\/v2\/media\/5942"}],"wp:attachment":[{"href":"https:\/\/lespucesdestju.fr\/index.php?rest_route=%2Fwp%2Fv2%2Fmedia&parent=5941"}],"wp:term":[{"taxonomy":"product_brand","embeddable":true,"href":"https:\/\/lespucesdestju.fr\/index.php?rest_route=%2Fwp%2Fv2%2Fproduct_brand&post=5941"},{"taxonomy":"product_cat","embeddable":true,"href":"https:\/\/lespucesdestju.fr\/index.php?rest_route=%2Fwp%2Fv2%2Fproduct_cat&post=5941"},{"taxonomy":"product_tag","embeddable":true,"href":"https:\/\/lespucesdestju.fr\/index.php?rest_route=%2Fwp%2Fv2%2Fproduct_tag&post=5941"}],"curies":[{"name":"wp","href":"https:\/\/api.w.org\/{rel}","templated":true}]}}