{"id":5876,"date":"2024-11-27T15:08:43","date_gmt":"2024-11-27T14:08:43","guid":{"rendered":"https:\/\/lespucesdestju.fr\/?post_type=product&#038;p=5876"},"modified":"2024-12-16T11:54:39","modified_gmt":"2024-12-16T10:54:39","slug":"huile-sur-toile-par-fernand-du-vivier-2","status":"publish","type":"product","link":"https:\/\/lespucesdestju.fr\/?product=huile-sur-toile-par-fernand-du-vivier-2","title":{"rendered":"Huile sur toile par Fernand Du Vivier"},"content":{"rendered":"<p><span style=\"font-weight: 400\">Huile sur toile par Fernand Du Vivier, \u201c La halte du ma\u00eetre d&rsquo;\u00e9quipage \u201c\u00a0<\/span><\/p>\n<p><span style=\"font-weight: 400\">N\u00e9 \u00e0 Rouen, F. Du Vivier eut pour ma\u00eetres H\u00fcnten ( Sc\u00e8nes historiques) et Adams\u00a0 <\/span><span style=\"font-weight: 400\">(John Clayton Adams, paysagiste). <\/span><\/p>\n<p><span style=\"font-weight: 400\">Tr\u00e8s belle sc\u00e8ne r\u00e9aliste de la seconde moiti\u00e9 du XIX\u00e8me, sur le th\u00e8me de l\u2019\u00e9quitation. <\/span><\/p>\n<p><span style=\"font-weight: 400\">Sign\u00e9e en bas \u00e0 droite et dat\u00e9e 68 (1868).<\/span><\/p>\n<p>&nbsp;<\/p>\n","protected":false},"excerpt":{"rendered":"<p>Huile sur toile par Fernand Du Vivier<\/p>\n","protected":false},"featured_media":5882,"comment_status":"open","ping_status":"closed","template":"","meta":[],"product_brand":[],"product_cat":[50,306],"product_tag":[56,97,330],"class_list":{"0":"post-5876","1":"product","2":"type-product","3":"status-publish","4":"has-post-thumbnail","6":"product_cat-art","7":"product_cat-tableaux-et-peintures","8":"product_tag-art","9":"product_tag-huile-sur-toile","10":"product_tag-tableaux-et-peinture","12":"first","13":"outofstock","14":"shipping-taxable","15":"product-type-simple"},"aioseo_notices":[],"jetpack_sharing_enabled":true,"_links":{"self":[{"href":"https:\/\/lespucesdestju.fr\/index.php?rest_route=\/wp\/v2\/product\/5876","targetHints":{"allow":["GET"]}}],"collection":[{"href":"https:\/\/lespucesdestju.fr\/index.php?rest_route=\/wp\/v2\/product"}],"about":[{"href":"https:\/\/lespucesdestju.fr\/index.php?rest_route=\/wp\/v2\/types\/product"}],"replies":[{"embeddable":true,"href":"https:\/\/lespucesdestju.fr\/index.php?rest_route=%2Fwp%2Fv2%2Fcomments&post=5876"}],"wp:featuredmedia":[{"embeddable":true,"href":"https:\/\/lespucesdestju.fr\/index.php?rest_route=\/wp\/v2\/media\/5882"}],"wp:attachment":[{"href":"https:\/\/lespucesdestju.fr\/index.php?rest_route=%2Fwp%2Fv2%2Fmedia&parent=5876"}],"wp:term":[{"taxonomy":"product_brand","embeddable":true,"href":"https:\/\/lespucesdestju.fr\/index.php?rest_route=%2Fwp%2Fv2%2Fproduct_brand&post=5876"},{"taxonomy":"product_cat","embeddable":true,"href":"https:\/\/lespucesdestju.fr\/index.php?rest_route=%2Fwp%2Fv2%2Fproduct_cat&post=5876"},{"taxonomy":"product_tag","embeddable":true,"href":"https:\/\/lespucesdestju.fr\/index.php?rest_route=%2Fwp%2Fv2%2Fproduct_tag&post=5876"}],"curies":[{"name":"wp","href":"https:\/\/api.w.org\/{rel}","templated":true}]}}