{"id":5846,"date":"2024-11-27T14:14:32","date_gmt":"2024-11-27T13:14:32","guid":{"rendered":"https:\/\/lespucesdestju.fr\/?post_type=product&#038;p=5846"},"modified":"2025-03-20T17:19:09","modified_gmt":"2025-03-20T16:19:09","slug":"jean-henri-tayan-etang-et-foret","status":"publish","type":"product","link":"https:\/\/lespucesdestju.fr\/?product=jean-henri-tayan-etang-et-foret","title":{"rendered":"Jean Henri TAYAN, Etang et for\u00eat"},"content":{"rendered":"<p><span style=\"font-weight: 400\">Jean Henri TAYAN, Etang et for\u00eat landaise( Dit Henri TAYAN 1855 &#8211; 1931). <\/span><\/p>\n<p><span style=\"font-weight: 400\">Huile sur toile, dans un cadre sobre et d\u2019\u00e9poque, en bois de pin. <\/span><\/p>\n<p><span style=\"font-weight: 400\">Une belle repr\u00e9sentation du paysage landais par le c\u00e9l\u00e8bre peintre r\u00e9gionaliste de Mont de Marsan.<\/span><\/p>\n<p><span style=\"font-weight: 400\">R\u00e9alisation du tout d\u00e9but du XX\u00e8me, sign\u00e9e en bas \u00e0 droite. Toile et couche picturale en bel \u00e9tat.<\/span><\/p>\n<blockquote><p>Toile : 55 cm x 84 cm<\/p>\n<p>Cadre : 70 cm x 100 cm<\/p><\/blockquote>\n","protected":false},"excerpt":{"rendered":"<p><span style=\"font-weight: 400\">Jean Henri TAYAN, Etang et for\u00eat landaise<\/span><\/p>\n","protected":false},"featured_media":5853,"comment_status":"open","ping_status":"closed","template":"","meta":[],"product_brand":[],"product_cat":[50,306],"product_tag":[56,97,100,253],"class_list":{"0":"post-5846","1":"product","2":"type-product","3":"status-publish","4":"has-post-thumbnail","6":"product_cat-art","7":"product_cat-tableaux-et-peintures","8":"product_tag-art","9":"product_tag-huile-sur-toile","10":"product_tag-peinture","11":"product_tag-tableaux","13":"first","14":"outofstock","15":"shipping-taxable","16":"purchasable","17":"product-type-simple"},"aioseo_notices":[],"jetpack_sharing_enabled":true,"_links":{"self":[{"href":"https:\/\/lespucesdestju.fr\/index.php?rest_route=\/wp\/v2\/product\/5846","targetHints":{"allow":["GET"]}}],"collection":[{"href":"https:\/\/lespucesdestju.fr\/index.php?rest_route=\/wp\/v2\/product"}],"about":[{"href":"https:\/\/lespucesdestju.fr\/index.php?rest_route=\/wp\/v2\/types\/product"}],"replies":[{"embeddable":true,"href":"https:\/\/lespucesdestju.fr\/index.php?rest_route=%2Fwp%2Fv2%2Fcomments&post=5846"}],"wp:featuredmedia":[{"embeddable":true,"href":"https:\/\/lespucesdestju.fr\/index.php?rest_route=\/wp\/v2\/media\/5853"}],"wp:attachment":[{"href":"https:\/\/lespucesdestju.fr\/index.php?rest_route=%2Fwp%2Fv2%2Fmedia&parent=5846"}],"wp:term":[{"taxonomy":"product_brand","embeddable":true,"href":"https:\/\/lespucesdestju.fr\/index.php?rest_route=%2Fwp%2Fv2%2Fproduct_brand&post=5846"},{"taxonomy":"product_cat","embeddable":true,"href":"https:\/\/lespucesdestju.fr\/index.php?rest_route=%2Fwp%2Fv2%2Fproduct_cat&post=5846"},{"taxonomy":"product_tag","embeddable":true,"href":"https:\/\/lespucesdestju.fr\/index.php?rest_route=%2Fwp%2Fv2%2Fproduct_tag&post=5846"}],"curies":[{"name":"wp","href":"https:\/\/api.w.org\/{rel}","templated":true}]}}