{"id":5839,"date":"2024-11-27T14:07:29","date_gmt":"2024-11-27T13:07:29","guid":{"rendered":"https:\/\/lespucesdestju.fr\/?post_type=product&#038;p=5839"},"modified":"2026-01-04T17:07:39","modified_gmt":"2026-01-04T16:07:39","slug":"boite-argentee-gravee","status":"publish","type":"product","link":"https:\/\/lespucesdestju.fr\/?product=boite-argentee-gravee","title":{"rendered":"Bo\u00eete argent\u00e9e grav\u00e9e"},"content":{"rendered":"<p><span style=\"font-weight: 400;\">Bo\u00eete argent\u00e9e grav\u00e9e. <\/span><\/p>\n<p><span style=\"font-weight: 400;\">Tr\u00e8s belle petite de orientale ( style persan), en argent bas titre, \u00e0 riches d\u00e9cors cisel\u00e9s.<\/span><\/p>\n<p><span style=\"font-weight: 400;\"> Sur chaque faces, de fines r\u00e9alisations de sc\u00e8nes anim\u00e9es diff\u00e9rentes. <\/span><\/p>\n<p><span style=\"font-weight: 400;\">Couples de grues, d\u2019oiseaux et de li\u00e8vres, \u00e9voluent dans une v\u00e9g\u00e9tation luxuriante.<\/span><\/p>\n<blockquote><p><i><span style=\"font-weight: 400;\">Dimensions ( longueur x Largeur x Hauteur) et poids (Kg) pour un objets : <\/span><\/i><b><i>voir informations compl\u00e9mentaires.<\/i><\/b><\/p><\/blockquote>\n","protected":false},"excerpt":{"rendered":"<p><span style=\"font-weight: 400;\">Bo\u00eete argent\u00e9e grav\u00e9e.<\/span><\/p>\n","protected":false},"featured_media":5845,"comment_status":"open","ping_status":"closed","template":"","meta":[],"product_brand":[],"product_cat":[294,37],"product_tag":[275,74,60],"class_list":{"0":"post-5839","1":"product","2":"type-product","3":"status-publish","4":"has-post-thumbnail","6":"product_cat-boites-et-coffrets","7":"product_cat-decoration","8":"product_tag-argent","9":"product_tag-boite","10":"product_tag-decoration","12":"first","13":"outofstock","14":"shipping-taxable","15":"purchasable","16":"product-type-simple"},"aioseo_notices":[],"jetpack_sharing_enabled":true,"_links":{"self":[{"href":"https:\/\/lespucesdestju.fr\/index.php?rest_route=\/wp\/v2\/product\/5839","targetHints":{"allow":["GET"]}}],"collection":[{"href":"https:\/\/lespucesdestju.fr\/index.php?rest_route=\/wp\/v2\/product"}],"about":[{"href":"https:\/\/lespucesdestju.fr\/index.php?rest_route=\/wp\/v2\/types\/product"}],"replies":[{"embeddable":true,"href":"https:\/\/lespucesdestju.fr\/index.php?rest_route=%2Fwp%2Fv2%2Fcomments&post=5839"}],"wp:featuredmedia":[{"embeddable":true,"href":"https:\/\/lespucesdestju.fr\/index.php?rest_route=\/wp\/v2\/media\/5845"}],"wp:attachment":[{"href":"https:\/\/lespucesdestju.fr\/index.php?rest_route=%2Fwp%2Fv2%2Fmedia&parent=5839"}],"wp:term":[{"taxonomy":"product_brand","embeddable":true,"href":"https:\/\/lespucesdestju.fr\/index.php?rest_route=%2Fwp%2Fv2%2Fproduct_brand&post=5839"},{"taxonomy":"product_cat","embeddable":true,"href":"https:\/\/lespucesdestju.fr\/index.php?rest_route=%2Fwp%2Fv2%2Fproduct_cat&post=5839"},{"taxonomy":"product_tag","embeddable":true,"href":"https:\/\/lespucesdestju.fr\/index.php?rest_route=%2Fwp%2Fv2%2Fproduct_tag&post=5839"}],"curies":[{"name":"wp","href":"https:\/\/api.w.org\/{rel}","templated":true}]}}