{"id":5832,"date":"2024-11-27T14:02:29","date_gmt":"2024-11-27T13:02:29","guid":{"rendered":"https:\/\/lespucesdestju.fr\/?post_type=product&#038;p=5832"},"modified":"2024-11-27T14:02:30","modified_gmt":"2024-11-27T13:02:30","slug":"boite-a-cigarette-en-metal-argente","status":"publish","type":"product","link":"https:\/\/lespucesdestju.fr\/?product=boite-a-cigarette-en-metal-argente","title":{"rendered":"Boite \u00e0 cigarette en m\u00e9tal argent\u00e9"},"content":{"rendered":"<p><span style=\"font-weight: 400;\">Boite \u00e0 cigarette en m\u00e9tal argent\u00e9 PLASAIT Orf\u00e8vre.<\/span><\/p>\n<p><span style=\"font-weight: 400;\"> Belle boite \u00e0 cigarette dans le go\u00fbt des accessoires HERMES PARIS, en m\u00e9tal argent\u00e9, guilloch\u00e9. <\/span><\/p>\n<p><span style=\"font-weight: 400;\">La prise en t\u00eate du cheval. Petit d\u00e9fauts et usures du temps.<\/span><\/p>\n<p><span style=\"font-weight: 400;\"> L\u00e9ger choc \u00e0 la bordure du couvercle.<\/span><\/p>\n<blockquote><p><i><span style=\"font-weight: 400;\">Dimensions ( longueur x Largeur x Hauteur) et poids (Kg) pour un objets : <\/span><\/i><b><i>voir informations compl\u00e9mentaires.<\/i><\/b><\/p><\/blockquote>\n","protected":false},"excerpt":{"rendered":"<p><span style=\"font-weight: 400;\">Boite \u00e0 cigarette en m\u00e9tal argent\u00e9 PLASAIT Orf\u00e8vre.<\/span><\/p>\n","protected":false},"featured_media":5837,"comment_status":"open","ping_status":"closed","template":"","meta":[],"product_brand":[],"product_cat":[294,37],"product_tag":[74,60,62,112],"class_list":{"0":"post-5832","1":"product","2":"type-product","3":"status-publish","4":"has-post-thumbnail","6":"product_cat-boites-et-coffrets","7":"product_cat-decoration","8":"product_tag-boite","9":"product_tag-decoration","10":"product_tag-metal","11":"product_tag-metal-argente","13":"first","14":"instock","15":"shipping-taxable","16":"purchasable","17":"product-type-simple"},"aioseo_notices":[],"jetpack_sharing_enabled":true,"_links":{"self":[{"href":"https:\/\/lespucesdestju.fr\/index.php?rest_route=\/wp\/v2\/product\/5832","targetHints":{"allow":["GET"]}}],"collection":[{"href":"https:\/\/lespucesdestju.fr\/index.php?rest_route=\/wp\/v2\/product"}],"about":[{"href":"https:\/\/lespucesdestju.fr\/index.php?rest_route=\/wp\/v2\/types\/product"}],"replies":[{"embeddable":true,"href":"https:\/\/lespucesdestju.fr\/index.php?rest_route=%2Fwp%2Fv2%2Fcomments&post=5832"}],"wp:featuredmedia":[{"embeddable":true,"href":"https:\/\/lespucesdestju.fr\/index.php?rest_route=\/wp\/v2\/media\/5837"}],"wp:attachment":[{"href":"https:\/\/lespucesdestju.fr\/index.php?rest_route=%2Fwp%2Fv2%2Fmedia&parent=5832"}],"wp:term":[{"taxonomy":"product_brand","embeddable":true,"href":"https:\/\/lespucesdestju.fr\/index.php?rest_route=%2Fwp%2Fv2%2Fproduct_brand&post=5832"},{"taxonomy":"product_cat","embeddable":true,"href":"https:\/\/lespucesdestju.fr\/index.php?rest_route=%2Fwp%2Fv2%2Fproduct_cat&post=5832"},{"taxonomy":"product_tag","embeddable":true,"href":"https:\/\/lespucesdestju.fr\/index.php?rest_route=%2Fwp%2Fv2%2Fproduct_tag&post=5832"}],"curies":[{"name":"wp","href":"https:\/\/api.w.org\/{rel}","templated":true}]}}