{"id":5737,"date":"2024-11-10T16:23:58","date_gmt":"2024-11-10T15:23:58","guid":{"rendered":"https:\/\/lespucesdestju.fr\/?post_type=product&#038;p=5737"},"modified":"2024-11-10T16:29:44","modified_gmt":"2024-11-10T15:29:44","slug":"timbale-de-voyage-en-argent","status":"publish","type":"product","link":"https:\/\/lespucesdestju.fr\/?product=timbale-de-voyage-en-argent","title":{"rendered":"Timbale de voyage en argent"},"content":{"rendered":"<p><span style=\"font-weight: 400;\">Timbale de voyage en argent.<\/span><\/p>\n<p><span style=\"font-weight: 400;\"> Tr\u00e8s belle timbale de voyage en argent, fin du XIX\u00e8me (\u00e9quipement de chasse \u00e0 courre). <\/span><\/p>\n<p><span style=\"font-weight: 400;\">Monogramme, poin\u00e7on Minerve, et poin\u00e7on d\u2019orf\u00e8vre.<\/span><\/p>\n<blockquote><p><i><span style=\"font-weight: 400;\">Dimensions ( longueur x Largeur x Hauteur) et poids (Kg) pour un objets : <\/span><\/i><b><i>voir informations compl\u00e9mentaires.<\/i><\/b><\/p><\/blockquote>\n","protected":false},"excerpt":{"rendered":"<p><span style=\"font-weight: 400;\">Tr\u00e8s belle timbale de voyage en argent, fin du XIX\u00e8me<\/span><\/p>\n","protected":false},"featured_media":5739,"comment_status":"open","ping_status":"closed","template":"","meta":[],"product_brand":[],"product_cat":[48,37],"product_tag":[275,63,60],"class_list":{"0":"post-5737","1":"product","2":"type-product","3":"status-publish","4":"has-post-thumbnail","6":"product_cat-curiosite","7":"product_cat-decoration","8":"product_tag-argent","9":"product_tag-curiosite","10":"product_tag-decoration","12":"first","13":"instock","14":"shipping-taxable","15":"purchasable","16":"product-type-simple"},"aioseo_notices":[],"jetpack_sharing_enabled":true,"_links":{"self":[{"href":"https:\/\/lespucesdestju.fr\/index.php?rest_route=\/wp\/v2\/product\/5737","targetHints":{"allow":["GET"]}}],"collection":[{"href":"https:\/\/lespucesdestju.fr\/index.php?rest_route=\/wp\/v2\/product"}],"about":[{"href":"https:\/\/lespucesdestju.fr\/index.php?rest_route=\/wp\/v2\/types\/product"}],"replies":[{"embeddable":true,"href":"https:\/\/lespucesdestju.fr\/index.php?rest_route=%2Fwp%2Fv2%2Fcomments&post=5737"}],"wp:featuredmedia":[{"embeddable":true,"href":"https:\/\/lespucesdestju.fr\/index.php?rest_route=\/wp\/v2\/media\/5739"}],"wp:attachment":[{"href":"https:\/\/lespucesdestju.fr\/index.php?rest_route=%2Fwp%2Fv2%2Fmedia&parent=5737"}],"wp:term":[{"taxonomy":"product_brand","embeddable":true,"href":"https:\/\/lespucesdestju.fr\/index.php?rest_route=%2Fwp%2Fv2%2Fproduct_brand&post=5737"},{"taxonomy":"product_cat","embeddable":true,"href":"https:\/\/lespucesdestju.fr\/index.php?rest_route=%2Fwp%2Fv2%2Fproduct_cat&post=5737"},{"taxonomy":"product_tag","embeddable":true,"href":"https:\/\/lespucesdestju.fr\/index.php?rest_route=%2Fwp%2Fv2%2Fproduct_tag&post=5737"}],"curies":[{"name":"wp","href":"https:\/\/api.w.org\/{rel}","templated":true}]}}