{"id":5721,"date":"2024-11-10T16:08:05","date_gmt":"2024-11-10T15:08:05","guid":{"rendered":"https:\/\/lespucesdestju.fr\/?post_type=product&#038;p=5721"},"modified":"2025-04-02T16:58:05","modified_gmt":"2025-04-02T14:58:05","slug":"le-vin-par-louis-holweck","status":"publish","type":"product","link":"https:\/\/lespucesdestju.fr\/?product=le-vin-par-louis-holweck","title":{"rendered":"\u201cLE VIN\u201d par Louis HOLWECK"},"content":{"rendered":"<p><span style=\"font-weight: 400;\">\u201cLE VIN\u201d par Louis HOLWECK. <\/span><\/p>\n<p><span style=\"font-weight: 400;\">Groupe all\u00e9gorique sur le vin et les vendanges, repr\u00e9sentant un Bacchus dansant, \u00e0 ses pieds, une petite divinit\u00e9 (faune), allong\u00e9e dans des grappes de raisins.<\/span><\/p>\n<p><span style=\"font-weight: 400;\">Grand et original sujet en r\u00e9gule \u00e0 patine bronze antique, sur une base en marbre vert de mer. <\/span><\/p>\n<p><span style=\"font-weight: 400;\">Petite plaque en cuivre avec la mention : <\/span><em><span style=\"font-weight: 400;\">Par Holweck ( Salon des Beaux-Arts) <\/span><span style=\"font-weight: 400;\">Acquis par la ville de Paris<\/span><span style=\"font-weight: 400;\">\u201d.<\/span><\/em><\/p>\n<blockquote><p><i><span style=\"font-weight: 400;\">Dimensions ( longueur x Largeur x Hauteur) et poids (Kg) pour un objets : <\/span><\/i><b><i>voir informations compl\u00e9mentaires.<\/i><\/b><\/p><\/blockquote>\n","protected":false},"excerpt":{"rendered":"<p><span style=\"font-weight: 400;\">\u201cLE VIN\u201d par Louis HOLWECK. Groupe all\u00e9gorique sur le vin et les vendanges<\/span><\/p>\n","protected":false},"featured_media":5722,"comment_status":"open","ping_status":"closed","template":"","meta":[],"product_brand":[],"product_cat":[50,309],"product_tag":[56,70,236,64],"class_list":{"0":"post-5721","1":"product","2":"type-product","3":"status-publish","4":"has-post-thumbnail","6":"product_cat-art","7":"product_cat-sculptures","8":"product_tag-art","9":"product_tag-bronze","10":"product_tag-marbre-vert","11":"product_tag-sculpture","13":"first","14":"instock","15":"shipping-taxable","16":"purchasable","17":"product-type-simple"},"aioseo_notices":[],"jetpack_sharing_enabled":true,"_links":{"self":[{"href":"https:\/\/lespucesdestju.fr\/index.php?rest_route=\/wp\/v2\/product\/5721","targetHints":{"allow":["GET"]}}],"collection":[{"href":"https:\/\/lespucesdestju.fr\/index.php?rest_route=\/wp\/v2\/product"}],"about":[{"href":"https:\/\/lespucesdestju.fr\/index.php?rest_route=\/wp\/v2\/types\/product"}],"replies":[{"embeddable":true,"href":"https:\/\/lespucesdestju.fr\/index.php?rest_route=%2Fwp%2Fv2%2Fcomments&post=5721"}],"wp:featuredmedia":[{"embeddable":true,"href":"https:\/\/lespucesdestju.fr\/index.php?rest_route=\/wp\/v2\/media\/5722"}],"wp:attachment":[{"href":"https:\/\/lespucesdestju.fr\/index.php?rest_route=%2Fwp%2Fv2%2Fmedia&parent=5721"}],"wp:term":[{"taxonomy":"product_brand","embeddable":true,"href":"https:\/\/lespucesdestju.fr\/index.php?rest_route=%2Fwp%2Fv2%2Fproduct_brand&post=5721"},{"taxonomy":"product_cat","embeddable":true,"href":"https:\/\/lespucesdestju.fr\/index.php?rest_route=%2Fwp%2Fv2%2Fproduct_cat&post=5721"},{"taxonomy":"product_tag","embeddable":true,"href":"https:\/\/lespucesdestju.fr\/index.php?rest_route=%2Fwp%2Fv2%2Fproduct_tag&post=5721"}],"curies":[{"name":"wp","href":"https:\/\/api.w.org\/{rel}","templated":true}]}}