{"id":5693,"date":"2024-11-10T15:27:57","date_gmt":"2024-11-10T14:27:57","guid":{"rendered":"https:\/\/lespucesdestju.fr\/?post_type=product&#038;p=5693"},"modified":"2025-02-14T16:52:15","modified_gmt":"2025-02-14T15:52:15","slug":"lot-de-4-coquetiers-de-style-art-deco","status":"publish","type":"product","link":"https:\/\/lespucesdestju.fr\/?product=lot-de-4-coquetiers-de-style-art-deco","title":{"rendered":"Lot de 4 coquetiers de style Art d\u00e9co"},"content":{"rendered":"<p><span style=\"font-weight: 400;\">Lot de 4 coquetiers de style Art d\u00e9co, en m\u00e9tal argent\u00e9 \u00e0 d\u00e9cor grav\u00e9 d\u2019un ab\u00e9c\u00e9daire. <\/span><\/p>\n<p><span style=\"font-weight: 400;\">D\u00e9but XX\u00e8me. <\/span><\/p>\n<p><span style=\"font-weight: 400;\">Etat d\u2019usage.<\/span><\/p>\n<blockquote><p><i><span style=\"font-weight: 400;\">Dimensions ( longueur x Largeur x Hauteur) et poids (Kg) pour un objets : <\/span><\/i><b><i>voir informations compl\u00e9mentaires.<\/i><\/b><\/p><\/blockquote>\n<p>&nbsp;<\/p>\n","protected":false},"excerpt":{"rendered":"<p><span style=\"font-weight: 400;\">Lot de 4 coquetiers de style Art d\u00e9co, en m\u00e9tal argent\u00e9 \u00e0 d\u00e9cor grav\u00e9 d\u2019un ab\u00e9c\u00e9daire. D\u00e9but XX\u00e8me.<\/span><\/p>\n","protected":false},"featured_media":5697,"comment_status":"open","ping_status":"closed","template":"","meta":[],"product_brand":[],"product_cat":[301,15],"product_tag":[88,66,325,112],"class_list":{"0":"post-5693","1":"product","2":"type-product","3":"status-publish","4":"has-post-thumbnail","6":"product_cat-accessoire-de-tables","7":"product_cat-art-de-la-table","8":"product_tag-accessoire","9":"product_tag-art-de-la-table","10":"product_tag-coquetier","11":"product_tag-metal-argente","13":"first","14":"outofstock","15":"shipping-taxable","16":"product-type-simple"},"aioseo_notices":[],"jetpack_sharing_enabled":true,"_links":{"self":[{"href":"https:\/\/lespucesdestju.fr\/index.php?rest_route=\/wp\/v2\/product\/5693","targetHints":{"allow":["GET"]}}],"collection":[{"href":"https:\/\/lespucesdestju.fr\/index.php?rest_route=\/wp\/v2\/product"}],"about":[{"href":"https:\/\/lespucesdestju.fr\/index.php?rest_route=\/wp\/v2\/types\/product"}],"replies":[{"embeddable":true,"href":"https:\/\/lespucesdestju.fr\/index.php?rest_route=%2Fwp%2Fv2%2Fcomments&post=5693"}],"wp:featuredmedia":[{"embeddable":true,"href":"https:\/\/lespucesdestju.fr\/index.php?rest_route=\/wp\/v2\/media\/5697"}],"wp:attachment":[{"href":"https:\/\/lespucesdestju.fr\/index.php?rest_route=%2Fwp%2Fv2%2Fmedia&parent=5693"}],"wp:term":[{"taxonomy":"product_brand","embeddable":true,"href":"https:\/\/lespucesdestju.fr\/index.php?rest_route=%2Fwp%2Fv2%2Fproduct_brand&post=5693"},{"taxonomy":"product_cat","embeddable":true,"href":"https:\/\/lespucesdestju.fr\/index.php?rest_route=%2Fwp%2Fv2%2Fproduct_cat&post=5693"},{"taxonomy":"product_tag","embeddable":true,"href":"https:\/\/lespucesdestju.fr\/index.php?rest_route=%2Fwp%2Fv2%2Fproduct_tag&post=5693"}],"curies":[{"name":"wp","href":"https:\/\/api.w.org\/{rel}","templated":true}]}}