{"id":5687,"date":"2024-11-10T15:21:55","date_gmt":"2024-11-10T14:21:55","guid":{"rendered":"https:\/\/lespucesdestju.fr\/?post_type=product&#038;p=5687"},"modified":"2025-02-06T12:01:02","modified_gmt":"2025-02-06T11:01:02","slug":"cendrier-hermes-paris-en-metal-argente","status":"publish","type":"product","link":"https:\/\/lespucesdestju.fr\/?product=cendrier-hermes-paris-en-metal-argente","title":{"rendered":"Cendrier HERMES PARIS en m\u00e9tal argent\u00e9"},"content":{"rendered":"<p><span style=\"font-weight: 400;\">Cendrier HERMES PARIS en m\u00e9tal argent\u00e9 \u00e0 couvercle poussoir, Poin\u00e7on Ravinet D\u2019Enfer.<\/span><\/p>\n<p><span style=\"font-weight: 400;\">Prise en forme t\u00eate de cheval. Rare exemplaire. <\/span><\/p>\n<p><span style=\"font-weight: 400;\">A signaler usures d\u2019usage, quelques rayures et frottements.\u00a0<\/span><\/p>\n<blockquote><p><i><span style=\"font-weight: 400;\">Dimensions ( longueur x Largeur x Hauteur) et poids (Kg) pour un objets : <\/span><\/i><b><i>voir informations compl\u00e9mentaires.<\/i><\/b><\/p><\/blockquote>\n","protected":false},"excerpt":{"rendered":"<p><span style=\"font-weight: 400;\">Cendrier HERMES PARIS en m\u00e9tal argent\u00e9 \u00e0 couvercle poussoir, Poin\u00e7on Ravinet D\u2019Enfer. Prise en forme t\u00eate de cheval. Rare exemplaire.<\/span><\/p>\n","protected":false},"featured_media":5688,"comment_status":"open","ping_status":"closed","template":"","meta":[],"product_brand":[],"product_cat":[37,47],"product_tag":[324,60,112],"class_list":{"0":"post-5687","1":"product","2":"type-product","3":"status-publish","4":"has-post-thumbnail","6":"product_cat-decoration","7":"product_cat-objets-divers-et-bibelots","8":"product_tag-cendrier","9":"product_tag-decoration","10":"product_tag-metal-argente","12":"first","13":"instock","14":"shipping-taxable","15":"product-type-simple"},"aioseo_notices":[],"jetpack_sharing_enabled":true,"_links":{"self":[{"href":"https:\/\/lespucesdestju.fr\/index.php?rest_route=\/wp\/v2\/product\/5687","targetHints":{"allow":["GET"]}}],"collection":[{"href":"https:\/\/lespucesdestju.fr\/index.php?rest_route=\/wp\/v2\/product"}],"about":[{"href":"https:\/\/lespucesdestju.fr\/index.php?rest_route=\/wp\/v2\/types\/product"}],"replies":[{"embeddable":true,"href":"https:\/\/lespucesdestju.fr\/index.php?rest_route=%2Fwp%2Fv2%2Fcomments&post=5687"}],"wp:featuredmedia":[{"embeddable":true,"href":"https:\/\/lespucesdestju.fr\/index.php?rest_route=\/wp\/v2\/media\/5688"}],"wp:attachment":[{"href":"https:\/\/lespucesdestju.fr\/index.php?rest_route=%2Fwp%2Fv2%2Fmedia&parent=5687"}],"wp:term":[{"taxonomy":"product_brand","embeddable":true,"href":"https:\/\/lespucesdestju.fr\/index.php?rest_route=%2Fwp%2Fv2%2Fproduct_brand&post=5687"},{"taxonomy":"product_cat","embeddable":true,"href":"https:\/\/lespucesdestju.fr\/index.php?rest_route=%2Fwp%2Fv2%2Fproduct_cat&post=5687"},{"taxonomy":"product_tag","embeddable":true,"href":"https:\/\/lespucesdestju.fr\/index.php?rest_route=%2Fwp%2Fv2%2Fproduct_tag&post=5687"}],"curies":[{"name":"wp","href":"https:\/\/api.w.org\/{rel}","templated":true}]}}