{"id":5636,"date":"2024-11-08T15:49:09","date_gmt":"2024-11-08T14:49:09","guid":{"rendered":"https:\/\/lespucesdestju.fr\/?post_type=product&#038;p=5636"},"modified":"2024-11-08T15:50:37","modified_gmt":"2024-11-08T14:50:37","slug":"petit-vase-en-pate-de-verre-millefiori","status":"publish","type":"product","link":"https:\/\/lespucesdestju.fr\/?product=petit-vase-en-pate-de-verre-millefiori","title":{"rendered":"Petit vase en p\u00e2te de verre \u201cMillefiori\u201d"},"content":{"rendered":"<p><span style=\"font-weight: 400;\">Petit vase en p\u00e2te de verre \u201cMillefiori\u201d \u00e0 Murano, \u00e0 2 anses et bord \u00e9vas\u00e9. <\/span><\/p>\n<p><span style=\"font-weight: 400;\">D\u00e9but XX\u00e8me.<\/span><\/p>\n<blockquote><p><i><span style=\"font-weight: 400;\">Dimensions ( longueur x Largeur x Hauteur) et poids (Kg) pour un objets : <\/span><\/i><b><i>voir informations compl\u00e9mentaires.<\/i><\/b><\/p><\/blockquote>\n","protected":false},"excerpt":{"rendered":"<p><span style=\"font-weight: 400;\">Petit vase en p\u00e2te de verre \u201cMillefiori\u201d \u00e0 Murano, \u00e0 2 anses et bord \u00e9vas\u00e9.<\/span><\/p>\n","protected":false},"featured_media":5637,"comment_status":"open","ping_status":"closed","template":"","meta":[],"product_brand":[],"product_cat":[37,292],"product_tag":[60,135,59],"class_list":{"0":"post-5636","1":"product","2":"type-product","3":"status-publish","4":"has-post-thumbnail","6":"product_cat-decoration","7":"product_cat-vases-pots-et-contenants","8":"product_tag-decoration","9":"product_tag-pate-de-verre","10":"product_tag-vase","12":"first","13":"instock","14":"shipping-taxable","15":"purchasable","16":"product-type-simple"},"aioseo_notices":[],"jetpack_sharing_enabled":true,"_links":{"self":[{"href":"https:\/\/lespucesdestju.fr\/index.php?rest_route=\/wp\/v2\/product\/5636","targetHints":{"allow":["GET"]}}],"collection":[{"href":"https:\/\/lespucesdestju.fr\/index.php?rest_route=\/wp\/v2\/product"}],"about":[{"href":"https:\/\/lespucesdestju.fr\/index.php?rest_route=\/wp\/v2\/types\/product"}],"replies":[{"embeddable":true,"href":"https:\/\/lespucesdestju.fr\/index.php?rest_route=%2Fwp%2Fv2%2Fcomments&post=5636"}],"wp:featuredmedia":[{"embeddable":true,"href":"https:\/\/lespucesdestju.fr\/index.php?rest_route=\/wp\/v2\/media\/5637"}],"wp:attachment":[{"href":"https:\/\/lespucesdestju.fr\/index.php?rest_route=%2Fwp%2Fv2%2Fmedia&parent=5636"}],"wp:term":[{"taxonomy":"product_brand","embeddable":true,"href":"https:\/\/lespucesdestju.fr\/index.php?rest_route=%2Fwp%2Fv2%2Fproduct_brand&post=5636"},{"taxonomy":"product_cat","embeddable":true,"href":"https:\/\/lespucesdestju.fr\/index.php?rest_route=%2Fwp%2Fv2%2Fproduct_cat&post=5636"},{"taxonomy":"product_tag","embeddable":true,"href":"https:\/\/lespucesdestju.fr\/index.php?rest_route=%2Fwp%2Fv2%2Fproduct_tag&post=5636"}],"curies":[{"name":"wp","href":"https:\/\/api.w.org\/{rel}","templated":true}]}}