{"id":5624,"date":"2024-11-08T15:31:33","date_gmt":"2024-11-08T14:31:33","guid":{"rendered":"https:\/\/lespucesdestju.fr\/?post_type=product&#038;p=5624"},"modified":"2024-11-08T15:31:33","modified_gmt":"2024-11-08T14:31:33","slug":"poisson-stylise-en-bronze-nickele","status":"publish","type":"product","link":"https:\/\/lespucesdestju.fr\/?product=poisson-stylise-en-bronze-nickele","title":{"rendered":"Poisson stylis\u00e9 en bronze nickel\u00e9"},"content":{"rendered":"<p><span style=\"font-weight: 400;\">Poisson stylis\u00e9 en bronze nickel\u00e9, sur le mod\u00e8le d\u2019anciennes sauci\u00e8res en argent. <\/span><\/p>\n<p><span style=\"font-weight: 400;\">Fabrication XX\u00e8me (Asie) , \u00e9tat d\u2019usage.<\/span><\/p>\n<blockquote><p><i><span style=\"font-weight: 400;\">Dimensions ( longueur x Largeur x Hauteur) et poids (Kg) pour un objets : <\/span><\/i><b><i>voir informations compl\u00e9mentaires.<\/i><\/b><\/p><\/blockquote>\n","protected":false},"excerpt":{"rendered":"<p><span style=\"font-weight: 400;\">Poisson stylis\u00e9 en bronze nickel\u00e9, sur le mod\u00e8le d\u2019anciennes sauci\u00e8res en argent.<\/span><\/p>\n","protected":false},"featured_media":5625,"comment_status":"open","ping_status":"closed","template":"","meta":[],"product_brand":[],"product_cat":[37,47],"product_tag":[70,60],"class_list":{"0":"post-5624","1":"product","2":"type-product","3":"status-publish","4":"has-post-thumbnail","6":"product_cat-decoration","7":"product_cat-objets-divers-et-bibelots","8":"product_tag-bronze","9":"product_tag-decoration","11":"first","12":"instock","13":"shipping-taxable","14":"purchasable","15":"product-type-simple"},"aioseo_notices":[],"jetpack_sharing_enabled":true,"_links":{"self":[{"href":"https:\/\/lespucesdestju.fr\/index.php?rest_route=\/wp\/v2\/product\/5624","targetHints":{"allow":["GET"]}}],"collection":[{"href":"https:\/\/lespucesdestju.fr\/index.php?rest_route=\/wp\/v2\/product"}],"about":[{"href":"https:\/\/lespucesdestju.fr\/index.php?rest_route=\/wp\/v2\/types\/product"}],"replies":[{"embeddable":true,"href":"https:\/\/lespucesdestju.fr\/index.php?rest_route=%2Fwp%2Fv2%2Fcomments&post=5624"}],"wp:featuredmedia":[{"embeddable":true,"href":"https:\/\/lespucesdestju.fr\/index.php?rest_route=\/wp\/v2\/media\/5625"}],"wp:attachment":[{"href":"https:\/\/lespucesdestju.fr\/index.php?rest_route=%2Fwp%2Fv2%2Fmedia&parent=5624"}],"wp:term":[{"taxonomy":"product_brand","embeddable":true,"href":"https:\/\/lespucesdestju.fr\/index.php?rest_route=%2Fwp%2Fv2%2Fproduct_brand&post=5624"},{"taxonomy":"product_cat","embeddable":true,"href":"https:\/\/lespucesdestju.fr\/index.php?rest_route=%2Fwp%2Fv2%2Fproduct_cat&post=5624"},{"taxonomy":"product_tag","embeddable":true,"href":"https:\/\/lespucesdestju.fr\/index.php?rest_route=%2Fwp%2Fv2%2Fproduct_tag&post=5624"}],"curies":[{"name":"wp","href":"https:\/\/api.w.org\/{rel}","templated":true}]}}