{"id":5612,"date":"2024-11-08T15:19:58","date_gmt":"2024-11-08T14:19:58","guid":{"rendered":"https:\/\/lespucesdestju.fr\/?post_type=product&#038;p=5612"},"modified":"2025-04-17T16:43:58","modified_gmt":"2025-04-17T14:43:58","slug":"petit-poisson-articule-en-cuivre-nickele","status":"publish","type":"product","link":"https:\/\/lespucesdestju.fr\/?product=petit-poisson-articule-en-cuivre-nickele","title":{"rendered":"Petit Poisson articul\u00e9 en m\u00e9tal argent\u00e9."},"content":{"rendered":"<p><span style=\"font-weight: 400;\">Petit Poisson articul\u00e9 en m\u00e9tal argent\u00e9. <\/span><\/p>\n<p><span style=\"font-weight: 400;\">Constitu\u00e9 de plusieurs pi\u00e8ces en cuivre repouss\u00e9es et incis\u00e9es, les yeux en verre de couleur.<\/span><\/p>\n<p><span style=\"font-weight: 400;\"> Art asiatique XX\u00e8me. <\/span><\/p>\n<p><span style=\"font-weight: 400;\">Usures d\u2019usage, et petit manque de mati\u00e8re \u00e0 un \u0153il.<\/span><\/p>\n<blockquote><p><i><span style=\"font-weight: 400;\">Dimensions ( longueur x Largeur x Hauteur) et poids (Kg) pour un objets : <\/span><\/i><b><i>voir informations compl\u00e9mentaires.<\/i><\/b><\/p><\/blockquote>\n","protected":false},"excerpt":{"rendered":"<p><span style=\"font-weight: 400;\">Petit Poisson articul\u00e9 en m\u00e9tal argent\u00e9. <\/span><span style=\"font-weight: 400;\">Constitu\u00e9 de plusieurs pi\u00e8ces en cuivre repouss\u00e9es et incis\u00e9es, les yeux en verre de couleur.<\/span><\/p>\n","protected":false},"featured_media":5613,"comment_status":"open","ping_status":"closed","template":"","meta":[],"product_brand":[],"product_cat":[37,47],"product_tag":[134,60],"class_list":{"0":"post-5612","1":"product","2":"type-product","3":"status-publish","4":"has-post-thumbnail","6":"product_cat-decoration","7":"product_cat-objets-divers-et-bibelots","8":"product_tag-cuivre","9":"product_tag-decoration","11":"first","12":"outofstock","13":"shipping-taxable","14":"product-type-simple"},"aioseo_notices":[],"jetpack_sharing_enabled":true,"_links":{"self":[{"href":"https:\/\/lespucesdestju.fr\/index.php?rest_route=\/wp\/v2\/product\/5612","targetHints":{"allow":["GET"]}}],"collection":[{"href":"https:\/\/lespucesdestju.fr\/index.php?rest_route=\/wp\/v2\/product"}],"about":[{"href":"https:\/\/lespucesdestju.fr\/index.php?rest_route=\/wp\/v2\/types\/product"}],"replies":[{"embeddable":true,"href":"https:\/\/lespucesdestju.fr\/index.php?rest_route=%2Fwp%2Fv2%2Fcomments&post=5612"}],"wp:featuredmedia":[{"embeddable":true,"href":"https:\/\/lespucesdestju.fr\/index.php?rest_route=\/wp\/v2\/media\/5613"}],"wp:attachment":[{"href":"https:\/\/lespucesdestju.fr\/index.php?rest_route=%2Fwp%2Fv2%2Fmedia&parent=5612"}],"wp:term":[{"taxonomy":"product_brand","embeddable":true,"href":"https:\/\/lespucesdestju.fr\/index.php?rest_route=%2Fwp%2Fv2%2Fproduct_brand&post=5612"},{"taxonomy":"product_cat","embeddable":true,"href":"https:\/\/lespucesdestju.fr\/index.php?rest_route=%2Fwp%2Fv2%2Fproduct_cat&post=5612"},{"taxonomy":"product_tag","embeddable":true,"href":"https:\/\/lespucesdestju.fr\/index.php?rest_route=%2Fwp%2Fv2%2Fproduct_tag&post=5612"}],"curies":[{"name":"wp","href":"https:\/\/api.w.org\/{rel}","templated":true}]}}