{"id":5600,"date":"2024-11-08T15:07:42","date_gmt":"2024-11-08T14:07:42","guid":{"rendered":"https:\/\/lespucesdestju.fr\/?post_type=product&#038;p=5600"},"modified":"2025-04-26T17:05:19","modified_gmt":"2025-04-26T15:05:19","slug":"bouddha-rieur-en-bronze","status":"publish","type":"product","link":"https:\/\/lespucesdestju.fr\/?product=bouddha-rieur-en-bronze","title":{"rendered":"Bouddha \u201crieur\u201d en bronze"},"content":{"rendered":"<p><span style=\"font-weight: 400;\">Bouddha \u201crieur\u201d en bronze, \u00e0 patine brune. Fin XIX\u00e8me.<\/span><\/p>\n<p><span style=\"font-weight: 400;\">Aussi appel\u00e9 Bouddha de la prosp\u00e9rit\u00e9.\u00a0<\/span><\/p>\n<blockquote><p><i><span style=\"font-weight: 400;\">Dimensions ( longueur x Largeur x Hauteur) et poids (Kg) pour un objets : <\/span><\/i><b><i>voir informations compl\u00e9mentaires.<\/i><\/b><\/p><\/blockquote>\n<p>&nbsp;<\/p>\n","protected":false},"excerpt":{"rendered":"<p><span style=\"font-weight: 400;\">Bouddha \u201crieur\u201d en bronze, \u00e0 patine brune. <\/span><span style=\"font-weight: 400;\">Aussi appel\u00e9 Bouddha de la prosp\u00e9rit\u00e9, fin XIX\u00e8me.<\/span><\/p>\n","protected":false},"featured_media":5601,"comment_status":"open","ping_status":"closed","template":"","meta":[],"product_brand":[],"product_cat":[50,309],"product_tag":[56,193,70,64],"class_list":{"0":"post-5600","1":"product","2":"type-product","3":"status-publish","4":"has-post-thumbnail","6":"product_cat-art","7":"product_cat-sculptures","8":"product_tag-art","9":"product_tag-bouddha","10":"product_tag-bronze","11":"product_tag-sculpture","13":"first","14":"instock","15":"shipping-taxable","16":"purchasable","17":"product-type-simple"},"aioseo_notices":[],"jetpack_sharing_enabled":true,"_links":{"self":[{"href":"https:\/\/lespucesdestju.fr\/index.php?rest_route=\/wp\/v2\/product\/5600","targetHints":{"allow":["GET"]}}],"collection":[{"href":"https:\/\/lespucesdestju.fr\/index.php?rest_route=\/wp\/v2\/product"}],"about":[{"href":"https:\/\/lespucesdestju.fr\/index.php?rest_route=\/wp\/v2\/types\/product"}],"replies":[{"embeddable":true,"href":"https:\/\/lespucesdestju.fr\/index.php?rest_route=%2Fwp%2Fv2%2Fcomments&post=5600"}],"wp:featuredmedia":[{"embeddable":true,"href":"https:\/\/lespucesdestju.fr\/index.php?rest_route=\/wp\/v2\/media\/5601"}],"wp:attachment":[{"href":"https:\/\/lespucesdestju.fr\/index.php?rest_route=%2Fwp%2Fv2%2Fmedia&parent=5600"}],"wp:term":[{"taxonomy":"product_brand","embeddable":true,"href":"https:\/\/lespucesdestju.fr\/index.php?rest_route=%2Fwp%2Fv2%2Fproduct_brand&post=5600"},{"taxonomy":"product_cat","embeddable":true,"href":"https:\/\/lespucesdestju.fr\/index.php?rest_route=%2Fwp%2Fv2%2Fproduct_cat&post=5600"},{"taxonomy":"product_tag","embeddable":true,"href":"https:\/\/lespucesdestju.fr\/index.php?rest_route=%2Fwp%2Fv2%2Fproduct_tag&post=5600"}],"curies":[{"name":"wp","href":"https:\/\/api.w.org\/{rel}","templated":true}]}}