{"id":5574,"date":"2024-10-22T11:01:37","date_gmt":"2024-10-22T09:01:37","guid":{"rendered":"https:\/\/lespucesdestju.fr\/?post_type=product&#038;p=5574"},"modified":"2024-12-27T16:28:50","modified_gmt":"2024-12-27T15:28:50","slug":"portrait-dhomme-debut-xxeme","status":"publish","type":"product","link":"https:\/\/lespucesdestju.fr\/?product=portrait-dhomme-debut-xxeme","title":{"rendered":"Portrait d\u2019homme d\u00e9but XX\u00e8me"},"content":{"rendered":"<p><span style=\"font-weight: 400;\">Portrait d\u2019homme d\u00e9but XX\u00e8me, par Frantz STAUDIGL (1885-1944). <\/span><\/p>\n<p><span style=\"font-weight: 400;\">Huile sur carton sign\u00e9e en bas \u00e0 gauche et dat\u00e9e 1919. <\/span><\/p>\n<p><span style=\"font-weight: 400;\">Bon \u00e9tat.\u00a0<\/span><\/p>\n<blockquote><p>Carton : 27 x 44 cm<\/p>\n<p>Cadre : 45 x 62 cm<\/p><\/blockquote>\n<p>&nbsp;<\/p>\n<p>&nbsp;<\/p>\n","protected":false},"excerpt":{"rendered":"<p><span style=\"font-weight: 400;\">Portrait d\u2019homme d\u00e9but XX\u00e8me, par Frantz STAUDIGL (1885-1944). <\/span><span style=\"font-weight: 400;\">Huile sur carton sign\u00e9e en bas \u00e0 gauche et dat\u00e9e 1919.<\/span><\/p>\n","protected":false},"featured_media":5579,"comment_status":"open","ping_status":"closed","template":"","meta":[],"product_brand":[],"product_cat":[50,306],"product_tag":[56,269,100,253],"class_list":{"0":"post-5574","1":"product","2":"type-product","3":"status-publish","4":"has-post-thumbnail","6":"product_cat-art","7":"product_cat-tableaux-et-peintures","8":"product_tag-art","9":"product_tag-huile-sur-carton","10":"product_tag-peinture","11":"product_tag-tableaux","13":"first","14":"outofstock","15":"shipping-taxable","16":"purchasable","17":"product-type-simple"},"aioseo_notices":[],"jetpack_sharing_enabled":true,"_links":{"self":[{"href":"https:\/\/lespucesdestju.fr\/index.php?rest_route=\/wp\/v2\/product\/5574","targetHints":{"allow":["GET"]}}],"collection":[{"href":"https:\/\/lespucesdestju.fr\/index.php?rest_route=\/wp\/v2\/product"}],"about":[{"href":"https:\/\/lespucesdestju.fr\/index.php?rest_route=\/wp\/v2\/types\/product"}],"replies":[{"embeddable":true,"href":"https:\/\/lespucesdestju.fr\/index.php?rest_route=%2Fwp%2Fv2%2Fcomments&post=5574"}],"wp:featuredmedia":[{"embeddable":true,"href":"https:\/\/lespucesdestju.fr\/index.php?rest_route=\/wp\/v2\/media\/5579"}],"wp:attachment":[{"href":"https:\/\/lespucesdestju.fr\/index.php?rest_route=%2Fwp%2Fv2%2Fmedia&parent=5574"}],"wp:term":[{"taxonomy":"product_brand","embeddable":true,"href":"https:\/\/lespucesdestju.fr\/index.php?rest_route=%2Fwp%2Fv2%2Fproduct_brand&post=5574"},{"taxonomy":"product_cat","embeddable":true,"href":"https:\/\/lespucesdestju.fr\/index.php?rest_route=%2Fwp%2Fv2%2Fproduct_cat&post=5574"},{"taxonomy":"product_tag","embeddable":true,"href":"https:\/\/lespucesdestju.fr\/index.php?rest_route=%2Fwp%2Fv2%2Fproduct_tag&post=5574"}],"curies":[{"name":"wp","href":"https:\/\/api.w.org\/{rel}","templated":true}]}}