{"id":5545,"date":"2024-10-22T10:32:31","date_gmt":"2024-10-22T08:32:31","guid":{"rendered":"https:\/\/lespucesdestju.fr\/?post_type=product&#038;p=5545"},"modified":"2025-08-14T15:14:26","modified_gmt":"2025-08-14T13:14:26","slug":"huile-sur-toile-marouflee-sur-carton","status":"publish","type":"product","link":"https:\/\/lespucesdestju.fr\/?product=huile-sur-toile-marouflee-sur-carton","title":{"rendered":"Huile sur toile maroufl\u00e9e sur carton"},"content":{"rendered":"<p><span style=\"font-weight: 400;\">Huile sur toile maroufl\u00e9e sur carton \u201cLes Dahlias\u201d. <\/span><\/p>\n<p><span style=\"font-weight: 400;\">Sign\u00e9e en bas \u00e0 droite.<\/span><\/p>\n<p><span style=\"font-weight: 400;\">Premi\u00e8re moiti\u00e9 du XX\u00e8me. <\/span><\/p>\n<p><span style=\"font-weight: 400;\">A signaler quelques manques \u00e0 la couche pictural, griffures et frottements.<\/span><\/p>\n<p>&nbsp;<\/p>\n<blockquote><p><strong>Largeur :<\/strong> 48 cm<\/p>\n<p><strong>Hauteur :<\/strong> 60 cm<\/p>\n<p>&nbsp;<\/p><\/blockquote>\n","protected":false},"excerpt":{"rendered":"<p><span style=\"font-weight: 400;\">Huile sur toile maroufl\u00e9e sur carton \u201cLes Dahlias\u201d. <\/span><span style=\"font-weight: 400;\">Sign\u00e9e en bas \u00e0 droite. <\/span><span style=\"font-weight: 400;\">Premi\u00e8re moiti\u00e9 du XX\u00e8me.<\/span><\/p>\n","protected":false},"featured_media":5551,"comment_status":"open","ping_status":"closed","template":"","meta":[],"product_brand":[],"product_cat":[50,306],"product_tag":[56,97,253],"class_list":{"0":"post-5545","1":"product","2":"type-product","3":"status-publish","4":"has-post-thumbnail","6":"product_cat-art","7":"product_cat-tableaux-et-peintures","8":"product_tag-art","9":"product_tag-huile-sur-toile","10":"product_tag-tableaux","12":"first","13":"outofstock","14":"shipping-taxable","15":"purchasable","16":"product-type-simple"},"aioseo_notices":[],"jetpack_sharing_enabled":true,"_links":{"self":[{"href":"https:\/\/lespucesdestju.fr\/index.php?rest_route=\/wp\/v2\/product\/5545","targetHints":{"allow":["GET"]}}],"collection":[{"href":"https:\/\/lespucesdestju.fr\/index.php?rest_route=\/wp\/v2\/product"}],"about":[{"href":"https:\/\/lespucesdestju.fr\/index.php?rest_route=\/wp\/v2\/types\/product"}],"replies":[{"embeddable":true,"href":"https:\/\/lespucesdestju.fr\/index.php?rest_route=%2Fwp%2Fv2%2Fcomments&post=5545"}],"wp:featuredmedia":[{"embeddable":true,"href":"https:\/\/lespucesdestju.fr\/index.php?rest_route=\/wp\/v2\/media\/5551"}],"wp:attachment":[{"href":"https:\/\/lespucesdestju.fr\/index.php?rest_route=%2Fwp%2Fv2%2Fmedia&parent=5545"}],"wp:term":[{"taxonomy":"product_brand","embeddable":true,"href":"https:\/\/lespucesdestju.fr\/index.php?rest_route=%2Fwp%2Fv2%2Fproduct_brand&post=5545"},{"taxonomy":"product_cat","embeddable":true,"href":"https:\/\/lespucesdestju.fr\/index.php?rest_route=%2Fwp%2Fv2%2Fproduct_cat&post=5545"},{"taxonomy":"product_tag","embeddable":true,"href":"https:\/\/lespucesdestju.fr\/index.php?rest_route=%2Fwp%2Fv2%2Fproduct_tag&post=5545"}],"curies":[{"name":"wp","href":"https:\/\/api.w.org\/{rel}","templated":true}]}}