{"id":5538,"date":"2024-10-22T10:27:26","date_gmt":"2024-10-22T08:27:26","guid":{"rendered":"https:\/\/lespucesdestju.fr\/?post_type=product&#038;p=5538"},"modified":"2024-10-22T10:27:27","modified_gmt":"2024-10-22T08:27:27","slug":"ecole-francaise-puttis-et-bouquetin","status":"publish","type":"product","link":"https:\/\/lespucesdestju.fr\/?product=ecole-francaise-puttis-et-bouquetin","title":{"rendered":"Ecole fran\u00e7aise \u201cPuttis et bouquetin\u201d"},"content":{"rendered":"<p><span style=\"font-weight: 400;\">Ecole fran\u00e7aise \u201cPuttis et bouquetin\u201d de la seconde moiti\u00e9 du XIX\u00e8me, reproduction d&rsquo;apr\u00e8s des fresques de Pomp\u00e9i. <\/span><\/p>\n<p><span style=\"font-weight: 400;\">Huile sur toile, maroufl\u00e9e sur panneau. <\/span><\/p>\n<p><span style=\"font-weight: 400;\">Bel \u00e9tat.<\/span><\/p>\n<blockquote><p><strong>Toile :<\/strong> 37,5 x 27,5 cm<\/p>\n<p><strong>Cadre :<\/strong> 30 x 43,5 cm<\/p><\/blockquote>\n","protected":false},"excerpt":{"rendered":"<p><span style=\"font-weight: 400;\">Ecole fran\u00e7aise \u201cPuttis et bouquetin\u201d de la seconde moiti\u00e9 du XIX\u00e8me, reproduction d&rsquo;apr\u00e8s des fresques de Pomp\u00e9i.<\/span><\/p>\n","protected":false},"featured_media":5539,"comment_status":"open","ping_status":"closed","template":"","meta":[],"product_brand":[],"product_cat":[50,306],"product_tag":[56,97,253],"class_list":{"0":"post-5538","1":"product","2":"type-product","3":"status-publish","4":"has-post-thumbnail","6":"product_cat-art","7":"product_cat-tableaux-et-peintures","8":"product_tag-art","9":"product_tag-huile-sur-toile","10":"product_tag-tableaux","12":"first","13":"instock","14":"shipping-taxable","15":"purchasable","16":"product-type-simple"},"aioseo_notices":[],"jetpack_sharing_enabled":true,"_links":{"self":[{"href":"https:\/\/lespucesdestju.fr\/index.php?rest_route=\/wp\/v2\/product\/5538","targetHints":{"allow":["GET"]}}],"collection":[{"href":"https:\/\/lespucesdestju.fr\/index.php?rest_route=\/wp\/v2\/product"}],"about":[{"href":"https:\/\/lespucesdestju.fr\/index.php?rest_route=\/wp\/v2\/types\/product"}],"replies":[{"embeddable":true,"href":"https:\/\/lespucesdestju.fr\/index.php?rest_route=%2Fwp%2Fv2%2Fcomments&post=5538"}],"wp:featuredmedia":[{"embeddable":true,"href":"https:\/\/lespucesdestju.fr\/index.php?rest_route=\/wp\/v2\/media\/5539"}],"wp:attachment":[{"href":"https:\/\/lespucesdestju.fr\/index.php?rest_route=%2Fwp%2Fv2%2Fmedia&parent=5538"}],"wp:term":[{"taxonomy":"product_brand","embeddable":true,"href":"https:\/\/lespucesdestju.fr\/index.php?rest_route=%2Fwp%2Fv2%2Fproduct_brand&post=5538"},{"taxonomy":"product_cat","embeddable":true,"href":"https:\/\/lespucesdestju.fr\/index.php?rest_route=%2Fwp%2Fv2%2Fproduct_cat&post=5538"},{"taxonomy":"product_tag","embeddable":true,"href":"https:\/\/lespucesdestju.fr\/index.php?rest_route=%2Fwp%2Fv2%2Fproduct_tag&post=5538"}],"curies":[{"name":"wp","href":"https:\/\/api.w.org\/{rel}","templated":true}]}}