{"id":5524,"date":"2024-10-22T10:16:49","date_gmt":"2024-10-22T08:16:49","guid":{"rendered":"https:\/\/lespucesdestju.fr\/?post_type=product&#038;p=5524"},"modified":"2026-01-04T16:56:03","modified_gmt":"2026-01-04T15:56:03","slug":"nature-morte-aux-bouteilles","status":"publish","type":"product","link":"https:\/\/lespucesdestju.fr\/?product=nature-morte-aux-bouteilles","title":{"rendered":"Nature morte aux bouteilles"},"content":{"rendered":"<p><span style=\"font-weight: 400;\">Nature morte aux bouteilles, par Marie-H\u00e9l\u00e8ne LUNG (1942). <\/span><\/p>\n<p><span style=\"font-weight: 400;\">Pastel encadr\u00e9 et sign\u00e9 en bas \u00e0 gauche. <\/span><\/p>\n<p><span style=\"font-weight: 400;\">Bon \u00e9tat g\u00e9n\u00e9ral<\/span><\/p>\n<blockquote><p><span style=\"font-weight: 400;\"><strong>Pastel :<\/strong> 55 X 49 cm\u00a0<\/span><\/p>\n<p><strong>Cadre :<\/strong> 67 x 82 cm<\/p>\n<p>&nbsp;<\/p><\/blockquote>\n","protected":false},"excerpt":{"rendered":"<p><span style=\"font-weight: 400;\">Nature morte aux bouteilles, par Marie-H\u00e9l\u00e8ne LUNG (1942).<\/span><\/p>\n","protected":false},"featured_media":5529,"comment_status":"open","ping_status":"closed","template":"","meta":[],"product_brand":[],"product_cat":[50,306],"product_tag":[56,322,253],"class_list":{"0":"post-5524","1":"product","2":"type-product","3":"status-publish","4":"has-post-thumbnail","6":"product_cat-art","7":"product_cat-tableaux-et-peintures","8":"product_tag-art","9":"product_tag-pastel","10":"product_tag-tableaux","12":"first","13":"outofstock","14":"shipping-taxable","15":"purchasable","16":"product-type-simple"},"aioseo_notices":[],"jetpack_sharing_enabled":true,"_links":{"self":[{"href":"https:\/\/lespucesdestju.fr\/index.php?rest_route=\/wp\/v2\/product\/5524","targetHints":{"allow":["GET"]}}],"collection":[{"href":"https:\/\/lespucesdestju.fr\/index.php?rest_route=\/wp\/v2\/product"}],"about":[{"href":"https:\/\/lespucesdestju.fr\/index.php?rest_route=\/wp\/v2\/types\/product"}],"replies":[{"embeddable":true,"href":"https:\/\/lespucesdestju.fr\/index.php?rest_route=%2Fwp%2Fv2%2Fcomments&post=5524"}],"wp:featuredmedia":[{"embeddable":true,"href":"https:\/\/lespucesdestju.fr\/index.php?rest_route=\/wp\/v2\/media\/5529"}],"wp:attachment":[{"href":"https:\/\/lespucesdestju.fr\/index.php?rest_route=%2Fwp%2Fv2%2Fmedia&parent=5524"}],"wp:term":[{"taxonomy":"product_brand","embeddable":true,"href":"https:\/\/lespucesdestju.fr\/index.php?rest_route=%2Fwp%2Fv2%2Fproduct_brand&post=5524"},{"taxonomy":"product_cat","embeddable":true,"href":"https:\/\/lespucesdestju.fr\/index.php?rest_route=%2Fwp%2Fv2%2Fproduct_cat&post=5524"},{"taxonomy":"product_tag","embeddable":true,"href":"https:\/\/lespucesdestju.fr\/index.php?rest_route=%2Fwp%2Fv2%2Fproduct_tag&post=5524"}],"curies":[{"name":"wp","href":"https:\/\/api.w.org\/{rel}","templated":true}]}}