{"id":5517,"date":"2024-10-22T10:13:21","date_gmt":"2024-10-22T08:13:21","guid":{"rendered":"https:\/\/lespucesdestju.fr\/?post_type=product&#038;p=5517"},"modified":"2024-10-22T10:13:21","modified_gmt":"2024-10-22T08:13:21","slug":"isaac-dognin-ecole-fauviste","status":"publish","type":"product","link":"https:\/\/lespucesdestju.fr\/?product=isaac-dognin-ecole-fauviste","title":{"rendered":"Isaac DOGNIN, \u00e9cole fauviste"},"content":{"rendered":"<p><span style=\"font-weight: 400;\">Isaac DOGNIN, \u00e9cole fauviste pour cette huile sur toile, sign\u00e9e en bas \u00e0 droite. \u00a0 \u00a0 \u00a0 \u00a0<\/span><\/p>\n<p><span style=\"font-weight: 400;\"> D\u00e9but\u00a0<\/span><span style=\"font-weight: 400;\">XX\u00e8me. <\/span><\/p>\n<p><span style=\"font-weight: 400;\">A signaler petits manques de mati\u00e8re, craquelures et soul\u00e8vements.<\/span><\/p>\n<blockquote><p><strong>Toile :<\/strong> 48,5 cm x 38,5 cm<\/p>\n<p><strong>Cadre :<\/strong> 55 cm x 65 cm<\/p><\/blockquote>\n","protected":false},"excerpt":{"rendered":"<p><span style=\"font-weight: 400;\">Isaac DOGNIN, \u00e9cole fauviste pour cette huile sur toile, sign\u00e9e en bas \u00e0 droite. <\/span><\/p>\n","protected":false},"featured_media":5522,"comment_status":"open","ping_status":"closed","template":"","meta":[],"product_brand":[],"product_cat":[50,306],"product_tag":[56,97,253],"class_list":{"0":"post-5517","1":"product","2":"type-product","3":"status-publish","4":"has-post-thumbnail","6":"product_cat-art","7":"product_cat-tableaux-et-peintures","8":"product_tag-art","9":"product_tag-huile-sur-toile","10":"product_tag-tableaux","12":"first","13":"instock","14":"shipping-taxable","15":"purchasable","16":"product-type-simple"},"aioseo_notices":[],"jetpack_sharing_enabled":true,"_links":{"self":[{"href":"https:\/\/lespucesdestju.fr\/index.php?rest_route=\/wp\/v2\/product\/5517","targetHints":{"allow":["GET"]}}],"collection":[{"href":"https:\/\/lespucesdestju.fr\/index.php?rest_route=\/wp\/v2\/product"}],"about":[{"href":"https:\/\/lespucesdestju.fr\/index.php?rest_route=\/wp\/v2\/types\/product"}],"replies":[{"embeddable":true,"href":"https:\/\/lespucesdestju.fr\/index.php?rest_route=%2Fwp%2Fv2%2Fcomments&post=5517"}],"wp:featuredmedia":[{"embeddable":true,"href":"https:\/\/lespucesdestju.fr\/index.php?rest_route=\/wp\/v2\/media\/5522"}],"wp:attachment":[{"href":"https:\/\/lespucesdestju.fr\/index.php?rest_route=%2Fwp%2Fv2%2Fmedia&parent=5517"}],"wp:term":[{"taxonomy":"product_brand","embeddable":true,"href":"https:\/\/lespucesdestju.fr\/index.php?rest_route=%2Fwp%2Fv2%2Fproduct_brand&post=5517"},{"taxonomy":"product_cat","embeddable":true,"href":"https:\/\/lespucesdestju.fr\/index.php?rest_route=%2Fwp%2Fv2%2Fproduct_cat&post=5517"},{"taxonomy":"product_tag","embeddable":true,"href":"https:\/\/lespucesdestju.fr\/index.php?rest_route=%2Fwp%2Fv2%2Fproduct_tag&post=5517"}],"curies":[{"name":"wp","href":"https:\/\/api.w.org\/{rel}","templated":true}]}}