{"id":5465,"date":"2024-10-17T14:22:14","date_gmt":"2024-10-17T12:22:14","guid":{"rendered":"https:\/\/lespucesdestju.fr\/?post_type=product&#038;p=5465"},"modified":"2025-05-12T11:26:26","modified_gmt":"2025-05-12T09:26:26","slug":"tables-gigognes","status":"publish","type":"product","link":"https:\/\/lespucesdestju.fr\/?product=tables-gigognes","title":{"rendered":"Tables gigognes"},"content":{"rendered":"<p><span style=\"font-weight: 400\">Tables gigognes vers 1900. <\/span><\/p>\n<p><span style=\"font-weight: 400\">Pieds en bois tourn\u00e9s et plateaux en carton bouilli \u00e0 d\u00e9cors de fleurs.<\/span><\/p>\n<p><span style=\"font-weight: 400\">Etat d\u2019usage.\u00a0<\/span><\/p>\n<blockquote><p>Taille de la plus grande table :<\/p>\n<p><span style=\"font-weight: 400\">Profondeur : 40 cm\u00a0<\/span><\/p>\n<p><span style=\"font-weight: 400\">Largeur : 56 cm\u00a0<\/span><\/p>\n<p><span style=\"font-weight: 400\">Hauteur : 72 cm\u00a0<\/span><\/p>\n<p><b><i>Cet objet peut \u00eatre uniquement retir\u00e9 en boutique,<\/i><\/b><i><span style=\"font-weight: 400\"> pour la livraison, veuillez nous contacter. <\/span><\/i><\/p><\/blockquote>\n","protected":false},"excerpt":{"rendered":"<p><span style=\"font-weight: 400\">Pieds en bois tourn\u00e9s et plateaux en carton bouilli \u00e0 d\u00e9cors de fleurs.<\/span><\/p>\n","protected":false},"featured_media":5469,"comment_status":"open","ping_status":"closed","template":"","meta":[],"product_brand":[],"product_cat":[302,45],"product_tag":[146,83,204,320],"class_list":{"0":"post-5465","1":"product","2":"type-product","3":"status-publish","4":"has-post-thumbnail","6":"product_cat-meubles","7":"product_cat-mobilier","8":"product_tag-meuble","9":"product_tag-mobilier","10":"product_tag-table","11":"product_tag-table-gigogne","13":"first","14":"outofstock","15":"shipping-taxable","16":"purchasable","17":"product-type-simple"},"aioseo_notices":[],"jetpack_sharing_enabled":true,"_links":{"self":[{"href":"https:\/\/lespucesdestju.fr\/index.php?rest_route=\/wp\/v2\/product\/5465","targetHints":{"allow":["GET"]}}],"collection":[{"href":"https:\/\/lespucesdestju.fr\/index.php?rest_route=\/wp\/v2\/product"}],"about":[{"href":"https:\/\/lespucesdestju.fr\/index.php?rest_route=\/wp\/v2\/types\/product"}],"replies":[{"embeddable":true,"href":"https:\/\/lespucesdestju.fr\/index.php?rest_route=%2Fwp%2Fv2%2Fcomments&post=5465"}],"wp:featuredmedia":[{"embeddable":true,"href":"https:\/\/lespucesdestju.fr\/index.php?rest_route=\/wp\/v2\/media\/5469"}],"wp:attachment":[{"href":"https:\/\/lespucesdestju.fr\/index.php?rest_route=%2Fwp%2Fv2%2Fmedia&parent=5465"}],"wp:term":[{"taxonomy":"product_brand","embeddable":true,"href":"https:\/\/lespucesdestju.fr\/index.php?rest_route=%2Fwp%2Fv2%2Fproduct_brand&post=5465"},{"taxonomy":"product_cat","embeddable":true,"href":"https:\/\/lespucesdestju.fr\/index.php?rest_route=%2Fwp%2Fv2%2Fproduct_cat&post=5465"},{"taxonomy":"product_tag","embeddable":true,"href":"https:\/\/lespucesdestju.fr\/index.php?rest_route=%2Fwp%2Fv2%2Fproduct_tag&post=5465"}],"curies":[{"name":"wp","href":"https:\/\/api.w.org\/{rel}","templated":true}]}}