{"id":5387,"date":"2024-10-04T16:57:23","date_gmt":"2024-10-04T14:57:23","guid":{"rendered":"https:\/\/lespucesdestju.fr\/?post_type=product&#038;p=5387"},"modified":"2024-10-04T16:57:23","modified_gmt":"2024-10-04T14:57:23","slug":"planche-dencyclopedie-entomologie","status":"publish","type":"product","link":"https:\/\/lespucesdestju.fr\/?product=planche-dencyclopedie-entomologie","title":{"rendered":"Planche d\u2019encyclop\u00e9die, entomologie."},"content":{"rendered":"<p><span style=\"font-weight: 400;\">Planche d\u2019encyclop\u00e9die, entomologie. <\/span><\/p>\n<p><span style=\"font-weight: 400;\">Impression couleur encadr\u00e9e. <\/span><\/p>\n<p><span style=\"font-weight: 400;\">Bon \u00e9tat g\u00e9n\u00e9ral.<\/span><\/p>\n<blockquote><p><span style=\"font-weight: 400;\">Hauteur : 25,5 cm\u00a0<\/span><\/p>\n<p><span style=\"font-weight: 400;\">Largeur : 31,5 cm<\/span><\/p><\/blockquote>\n","protected":false},"excerpt":{"rendered":"<p>Planche d\u2019encyclop\u00e9die, entomologie. Impression couleur encadr\u00e9e. Bon \u00e9tat g\u00e9n\u00e9ral. Hauteur : 25,5 cm\u00a0 Largeur : 31,5 cm<\/p>\n","protected":false},"featured_media":5392,"comment_status":"open","ping_status":"closed","template":"","meta":[],"product_brand":[],"product_cat":[50,307],"product_tag":[56,154,162],"class_list":{"0":"post-5387","1":"product","2":"type-product","3":"status-publish","4":"has-post-thumbnail","6":"product_cat-art","7":"product_cat-dessins-gravures-et-lithographies","8":"product_tag-art","9":"product_tag-entomologie","10":"product_tag-impression-couleur","12":"first","13":"instock","14":"shipping-taxable","15":"purchasable","16":"product-type-simple"},"aioseo_notices":[],"jetpack_sharing_enabled":true,"_links":{"self":[{"href":"https:\/\/lespucesdestju.fr\/index.php?rest_route=\/wp\/v2\/product\/5387","targetHints":{"allow":["GET"]}}],"collection":[{"href":"https:\/\/lespucesdestju.fr\/index.php?rest_route=\/wp\/v2\/product"}],"about":[{"href":"https:\/\/lespucesdestju.fr\/index.php?rest_route=\/wp\/v2\/types\/product"}],"replies":[{"embeddable":true,"href":"https:\/\/lespucesdestju.fr\/index.php?rest_route=%2Fwp%2Fv2%2Fcomments&post=5387"}],"wp:featuredmedia":[{"embeddable":true,"href":"https:\/\/lespucesdestju.fr\/index.php?rest_route=\/wp\/v2\/media\/5392"}],"wp:attachment":[{"href":"https:\/\/lespucesdestju.fr\/index.php?rest_route=%2Fwp%2Fv2%2Fmedia&parent=5387"}],"wp:term":[{"taxonomy":"product_brand","embeddable":true,"href":"https:\/\/lespucesdestju.fr\/index.php?rest_route=%2Fwp%2Fv2%2Fproduct_brand&post=5387"},{"taxonomy":"product_cat","embeddable":true,"href":"https:\/\/lespucesdestju.fr\/index.php?rest_route=%2Fwp%2Fv2%2Fproduct_cat&post=5387"},{"taxonomy":"product_tag","embeddable":true,"href":"https:\/\/lespucesdestju.fr\/index.php?rest_route=%2Fwp%2Fv2%2Fproduct_tag&post=5387"}],"curies":[{"name":"wp","href":"https:\/\/api.w.org\/{rel}","templated":true}]}}