{"id":5380,"date":"2024-10-04T16:52:44","date_gmt":"2024-10-04T14:52:44","guid":{"rendered":"https:\/\/lespucesdestju.fr\/?post_type=product&#038;p=5380"},"modified":"2024-11-09T15:12:00","modified_gmt":"2024-11-09T14:12:00","slug":"peinture-indo-persane-sur-textile","status":"publish","type":"product","link":"https:\/\/lespucesdestju.fr\/?product=peinture-indo-persane-sur-textile","title":{"rendered":"Peinture indo-persane sur textile"},"content":{"rendered":"<p><span style=\"font-weight: 400;\">Peinture indo-persane sur textile, repr\u00e9sentant une sc\u00e8ne anim\u00e9e d\u2019un jardin de cour et de ses abords. <\/span><\/p>\n<p><span style=\"font-weight: 400;\">Diff\u00e9rents personnages y sont repr\u00e9sent\u00e9s, cavaliers, gardes jardiniers et dignitaires en r\u00e9union sous un kiosque. <\/span><\/p>\n<p><span style=\"font-weight: 400;\">XX\u00e8me, bel \u00e9tat malgr\u00e9 quelques sauts de mati\u00e8re.\u00a0<\/span><\/p>\n<blockquote><p>Hauteur : 54 cm<\/p>\n<p>Largeur : 39,5 cm<\/p><\/blockquote>\n","protected":false},"excerpt":{"rendered":"<p>Peinture indo-persane sur textile, repr\u00e9sentant une sc\u00e8ne anim\u00e9e d\u2019un jardin de cour et de ses abords. Diff\u00e9rents personnages y sont&#8230;<\/p>\n","protected":false},"featured_media":5386,"comment_status":"open","ping_status":"closed","template":"","meta":[],"product_brand":[],"product_cat":[50,306],"product_tag":[56,100,316],"class_list":{"0":"post-5380","1":"product","2":"type-product","3":"status-publish","4":"has-post-thumbnail","6":"product_cat-art","7":"product_cat-tableaux-et-peintures","8":"product_tag-art","9":"product_tag-peinture","10":"product_tag-peinture-sur-textile","12":"first","13":"outofstock","14":"shipping-taxable","15":"purchasable","16":"product-type-simple"},"aioseo_notices":[],"jetpack_sharing_enabled":true,"_links":{"self":[{"href":"https:\/\/lespucesdestju.fr\/index.php?rest_route=\/wp\/v2\/product\/5380","targetHints":{"allow":["GET"]}}],"collection":[{"href":"https:\/\/lespucesdestju.fr\/index.php?rest_route=\/wp\/v2\/product"}],"about":[{"href":"https:\/\/lespucesdestju.fr\/index.php?rest_route=\/wp\/v2\/types\/product"}],"replies":[{"embeddable":true,"href":"https:\/\/lespucesdestju.fr\/index.php?rest_route=%2Fwp%2Fv2%2Fcomments&post=5380"}],"wp:featuredmedia":[{"embeddable":true,"href":"https:\/\/lespucesdestju.fr\/index.php?rest_route=\/wp\/v2\/media\/5386"}],"wp:attachment":[{"href":"https:\/\/lespucesdestju.fr\/index.php?rest_route=%2Fwp%2Fv2%2Fmedia&parent=5380"}],"wp:term":[{"taxonomy":"product_brand","embeddable":true,"href":"https:\/\/lespucesdestju.fr\/index.php?rest_route=%2Fwp%2Fv2%2Fproduct_brand&post=5380"},{"taxonomy":"product_cat","embeddable":true,"href":"https:\/\/lespucesdestju.fr\/index.php?rest_route=%2Fwp%2Fv2%2Fproduct_cat&post=5380"},{"taxonomy":"product_tag","embeddable":true,"href":"https:\/\/lespucesdestju.fr\/index.php?rest_route=%2Fwp%2Fv2%2Fproduct_tag&post=5380"}],"curies":[{"name":"wp","href":"https:\/\/api.w.org\/{rel}","templated":true}]}}