{"id":5373,"date":"2024-10-04T16:45:15","date_gmt":"2024-10-04T14:45:15","guid":{"rendered":"https:\/\/lespucesdestju.fr\/?post_type=product&#038;p=5373"},"modified":"2024-10-04T16:45:15","modified_gmt":"2024-10-04T14:45:15","slug":"gravure-anglaise-the-taylor-and-cobler","status":"publish","type":"product","link":"https:\/\/lespucesdestju.fr\/?product=gravure-anglaise-the-taylor-and-cobler","title":{"rendered":"Gravure Anglaise \u201cThe Taylor and Cobler\u201d"},"content":{"rendered":"<p><span style=\"font-weight: 400;\">Gravure Anglaise \u201c The Taylor and Cobler\u201d\u00a0 rehauss\u00e9e \u00e0 la gouache, fin XVIII\u00e8me. <\/span><\/p>\n<p><span style=\"font-weight: 400;\">D\u2019apr\u00e8s Adriaen Brouwer ( Peintre de genre et de la vie paysanne 1605-1638), r\u00e9alis\u00e9 par Philippe Dawe et publication CARINGTON Bowles. <\/span><\/p>\n<p><span style=\"font-weight: 400;\">Cadre contemporain et vitre ancienne.\u00a0<\/span><\/p>\n<p><span style=\"font-weight: 400;\">Bon \u00e9tat de conservation.<\/span><\/p>\n<blockquote><p>Hauteur : 42,5 cm<\/p>\n<p>Largeur : 33 cm<\/p><\/blockquote>\n","protected":false},"excerpt":{"rendered":"<p>Gravure Anglaise \u201c The Taylor and Cobler\u201d\u00a0 rehauss\u00e9e \u00e0 la gouache, fin XVIII\u00e8me. D\u2019apr\u00e8s Adriaen Brouwer ( Peintre de genre&#8230;<\/p>\n","protected":false},"featured_media":5378,"comment_status":"open","ping_status":"closed","template":"","meta":[],"product_brand":[],"product_cat":[50,307],"product_tag":[56,315],"class_list":{"0":"post-5373","1":"product","2":"type-product","3":"status-publish","4":"has-post-thumbnail","6":"product_cat-art","7":"product_cat-dessins-gravures-et-lithographies","8":"product_tag-art","9":"product_tag-gravure","11":"first","12":"instock","13":"shipping-taxable","14":"purchasable","15":"product-type-simple"},"aioseo_notices":[],"jetpack_sharing_enabled":true,"_links":{"self":[{"href":"https:\/\/lespucesdestju.fr\/index.php?rest_route=\/wp\/v2\/product\/5373","targetHints":{"allow":["GET"]}}],"collection":[{"href":"https:\/\/lespucesdestju.fr\/index.php?rest_route=\/wp\/v2\/product"}],"about":[{"href":"https:\/\/lespucesdestju.fr\/index.php?rest_route=\/wp\/v2\/types\/product"}],"replies":[{"embeddable":true,"href":"https:\/\/lespucesdestju.fr\/index.php?rest_route=%2Fwp%2Fv2%2Fcomments&post=5373"}],"wp:featuredmedia":[{"embeddable":true,"href":"https:\/\/lespucesdestju.fr\/index.php?rest_route=\/wp\/v2\/media\/5378"}],"wp:attachment":[{"href":"https:\/\/lespucesdestju.fr\/index.php?rest_route=%2Fwp%2Fv2%2Fmedia&parent=5373"}],"wp:term":[{"taxonomy":"product_brand","embeddable":true,"href":"https:\/\/lespucesdestju.fr\/index.php?rest_route=%2Fwp%2Fv2%2Fproduct_brand&post=5373"},{"taxonomy":"product_cat","embeddable":true,"href":"https:\/\/lespucesdestju.fr\/index.php?rest_route=%2Fwp%2Fv2%2Fproduct_cat&post=5373"},{"taxonomy":"product_tag","embeddable":true,"href":"https:\/\/lespucesdestju.fr\/index.php?rest_route=%2Fwp%2Fv2%2Fproduct_tag&post=5373"}],"curies":[{"name":"wp","href":"https:\/\/api.w.org\/{rel}","templated":true}]}}