{"id":5351,"date":"2024-09-03T15:44:42","date_gmt":"2024-09-03T13:44:42","guid":{"rendered":"https:\/\/lespucesdestju.fr\/?post_type=product&#038;p=5351"},"modified":"2024-09-03T15:45:19","modified_gmt":"2024-09-03T13:45:19","slug":"ensemble-a-the-en-porcelaine-chinoise","status":"publish","type":"product","link":"https:\/\/lespucesdestju.fr\/?product=ensemble-a-the-en-porcelaine-chinoise","title":{"rendered":"Ensemble \u00e0 th\u00e9 en porcelaine chinoise"},"content":{"rendered":"<p><span style=\"font-weight: 400;\">Ensemble \u00e0 th\u00e9 en porcelaine chinoise \u00e0 d\u00e9cors polychromes, comprenant une th\u00e9i\u00e8re et deux mugs couverts. XX\u00e8me.<\/span><\/p>\n<p><span style=\"font-weight: 400;\">Tr\u00e8s bon \u00e9tat.\u00a0<\/span><\/p>\n<p><span style=\"font-weight: 400;\">Th\u00e9i\u00e8re : l17 L13 H18<\/span><\/p>\n<p><span style=\"font-weight: 400;\">Tasse : l13cm L10 H15 <\/span><\/p>\n","protected":false},"excerpt":{"rendered":"<p>Ensemble \u00e0 th\u00e9 en porcelaine chinoise \u00e0 d\u00e9cors polychromes, comprenant une th\u00e9i\u00e8re et deux mugs couverts. XX\u00e8me. Tr\u00e8s bon \u00e9tat.\u00a0&#8230;<\/p>\n","protected":false},"featured_media":5352,"comment_status":"open","ping_status":"closed","template":"","meta":[],"product_brand":[],"product_cat":[15,295],"product_tag":[66,139,202],"class_list":{"0":"post-5351","1":"product","2":"type-product","3":"status-publish","4":"has-post-thumbnail","6":"product_cat-art-de-la-table","7":"product_cat-services","8":"product_tag-art-de-la-table","9":"product_tag-porcelaine","10":"product_tag-service-a-the","12":"first","13":"instock","14":"shipping-taxable","15":"purchasable","16":"product-type-simple"},"aioseo_notices":[],"jetpack_sharing_enabled":true,"_links":{"self":[{"href":"https:\/\/lespucesdestju.fr\/index.php?rest_route=\/wp\/v2\/product\/5351","targetHints":{"allow":["GET"]}}],"collection":[{"href":"https:\/\/lespucesdestju.fr\/index.php?rest_route=\/wp\/v2\/product"}],"about":[{"href":"https:\/\/lespucesdestju.fr\/index.php?rest_route=\/wp\/v2\/types\/product"}],"replies":[{"embeddable":true,"href":"https:\/\/lespucesdestju.fr\/index.php?rest_route=%2Fwp%2Fv2%2Fcomments&post=5351"}],"wp:featuredmedia":[{"embeddable":true,"href":"https:\/\/lespucesdestju.fr\/index.php?rest_route=\/wp\/v2\/media\/5352"}],"wp:attachment":[{"href":"https:\/\/lespucesdestju.fr\/index.php?rest_route=%2Fwp%2Fv2%2Fmedia&parent=5351"}],"wp:term":[{"taxonomy":"product_brand","embeddable":true,"href":"https:\/\/lespucesdestju.fr\/index.php?rest_route=%2Fwp%2Fv2%2Fproduct_brand&post=5351"},{"taxonomy":"product_cat","embeddable":true,"href":"https:\/\/lespucesdestju.fr\/index.php?rest_route=%2Fwp%2Fv2%2Fproduct_cat&post=5351"},{"taxonomy":"product_tag","embeddable":true,"href":"https:\/\/lespucesdestju.fr\/index.php?rest_route=%2Fwp%2Fv2%2Fproduct_tag&post=5351"}],"curies":[{"name":"wp","href":"https:\/\/api.w.org\/{rel}","templated":true}]}}