{"id":5345,"date":"2024-09-03T15:40:44","date_gmt":"2024-09-03T13:40:44","guid":{"rendered":"https:\/\/lespucesdestju.fr\/?post_type=product&#038;p=5345"},"modified":"2024-09-03T15:40:44","modified_gmt":"2024-09-03T13:40:44","slug":"service-a-dessert-en-porcelaine-art-deco","status":"publish","type":"product","link":"https:\/\/lespucesdestju.fr\/?product=service-a-dessert-en-porcelaine-art-deco","title":{"rendered":"Service \u00e0 dessert  en porcelaine Art D\u00e9co"},"content":{"rendered":"<p><span style=\"font-weight: 400;\">Service \u00e0 dessert\u00a0 en porcelaine Art D\u00e9co Par TLB \u00e0 Limoges.<\/span><\/p>\n<p><span style=\"font-weight: 400;\">Constitu\u00e9 d\u2019un plat \u00e0 anses (28 x 26 cm), et de 8 assiettes : Diam 17,5 cm.<\/span><\/p>\n<p><span style=\"font-weight: 400;\">Etat d\u2019usage, quelques frottements et petits manques \u00e0 la dorure.<\/span><\/p>\n<p><span style=\"font-weight: 400;\">A noter une \u00e9grenure sur le bord d\u2019un assiette.<\/span><\/p>\n<p>&nbsp;<\/p>\n","protected":false},"excerpt":{"rendered":"<p>Service \u00e0 dessert\u00a0 en porcelaine Art D\u00e9co Par TLB \u00e0 Limoges. Constitu\u00e9 d\u2019un plat \u00e0 anses (28 x 26 cm),&#8230;<\/p>\n","protected":false},"featured_media":5346,"comment_status":"open","ping_status":"closed","template":"","meta":[],"product_brand":[],"product_cat":[15,295],"product_tag":[66,139,171],"class_list":{"0":"post-5345","1":"product","2":"type-product","3":"status-publish","4":"has-post-thumbnail","6":"product_cat-art-de-la-table","7":"product_cat-services","8":"product_tag-art-de-la-table","9":"product_tag-porcelaine","10":"product_tag-service-a-dessert","12":"first","13":"instock","14":"shipping-taxable","15":"purchasable","16":"product-type-simple"},"aioseo_notices":[],"jetpack_sharing_enabled":true,"_links":{"self":[{"href":"https:\/\/lespucesdestju.fr\/index.php?rest_route=\/wp\/v2\/product\/5345","targetHints":{"allow":["GET"]}}],"collection":[{"href":"https:\/\/lespucesdestju.fr\/index.php?rest_route=\/wp\/v2\/product"}],"about":[{"href":"https:\/\/lespucesdestju.fr\/index.php?rest_route=\/wp\/v2\/types\/product"}],"replies":[{"embeddable":true,"href":"https:\/\/lespucesdestju.fr\/index.php?rest_route=%2Fwp%2Fv2%2Fcomments&post=5345"}],"wp:featuredmedia":[{"embeddable":true,"href":"https:\/\/lespucesdestju.fr\/index.php?rest_route=\/wp\/v2\/media\/5346"}],"wp:attachment":[{"href":"https:\/\/lespucesdestju.fr\/index.php?rest_route=%2Fwp%2Fv2%2Fmedia&parent=5345"}],"wp:term":[{"taxonomy":"product_brand","embeddable":true,"href":"https:\/\/lespucesdestju.fr\/index.php?rest_route=%2Fwp%2Fv2%2Fproduct_brand&post=5345"},{"taxonomy":"product_cat","embeddable":true,"href":"https:\/\/lespucesdestju.fr\/index.php?rest_route=%2Fwp%2Fv2%2Fproduct_cat&post=5345"},{"taxonomy":"product_tag","embeddable":true,"href":"https:\/\/lespucesdestju.fr\/index.php?rest_route=%2Fwp%2Fv2%2Fproduct_tag&post=5345"}],"curies":[{"name":"wp","href":"https:\/\/api.w.org\/{rel}","templated":true}]}}