{"id":5281,"date":"2024-09-03T14:43:54","date_gmt":"2024-09-03T12:43:54","guid":{"rendered":"https:\/\/lespucesdestju.fr\/?post_type=product&#038;p=5281"},"modified":"2024-10-04T11:59:10","modified_gmt":"2024-10-04T09:59:10","slug":"partie-de-service-en-porcelaine","status":"publish","type":"product","link":"https:\/\/lespucesdestju.fr\/?product=partie-de-service-en-porcelaine","title":{"rendered":"Partie de service en porcelaine"},"content":{"rendered":"<p><span style=\"font-weight: 400;\">Partie de service en porcelaine, \u00e0 2 liserets or. Fabrication ancienne \u00e0 Limoges par manufacture A.Vignaud ( Reprise par Bernardaud ). Circa 1960\/70<\/span><\/p>\n<p><span style=\"font-weight: 400;\">Haute qualit\u00e9 de r\u00e9alisation. Liseret compos\u00e9 par un feuillage or poli, sur or mat.<\/span><\/p>\n<p><span style=\"font-weight: 400;\">Bel aspect g\u00e9n\u00e9ral, quelques fines rayures et l\u00e9gers frottements d\u2019usage. A Signaler un \u00e9clat \u00e0 la sauci\u00e8re, en bordure.<\/span><\/p>\n<p><strong>Composition:<\/strong><\/p>\n<ul>\n<li><span style=\"font-weight: 400;\">12 assiettes plates 24 cm<\/span><\/li>\n<li><span style=\"font-weight: 400;\">12 assiettes creuses 24 cm<\/span><\/li>\n<li><span style=\"font-weight: 400;\">8 assiettes \u00e0 dessert 21.5 cm<\/span><\/li>\n<li><span style=\"font-weight: 400;\">1 plat rond creux diam 29 cm<\/span><\/li>\n<li><span style=\"font-weight: 400;\">1 plat rond plat 29 cm<\/span><\/li>\n<li><span style=\"font-weight: 400;\">1 saladier diam 25 cm<\/span><\/li>\n<li><span style=\"font-weight: 400;\">1 grand plat ovale 27 x 43 cm<\/span><\/li>\n<li><span style=\"font-weight: 400;\">2 raviers ovales 12.5 x 23 cm<\/span><\/li>\n<li><span style=\"font-weight: 400;\">1 soupi\u00e8re diam 23.5 cm<\/span><\/li>\n<li><span style=\"font-weight: 400;\">1 sauci\u00e8re ( \u00e9clat signal\u00e9)\u00a0<\/span><\/li>\n<\/ul>\n<blockquote><p><b><i>PEUT \u00caTRE ENVOY\u00c9 EN PLUSIEUR COLIS<\/i><\/b><\/p><\/blockquote>\n","protected":false},"excerpt":{"rendered":"<p>Partie de service en porcelaine, \u00e0 2 liserets or. Fabrication ancienne \u00e0 Limoges par manufacture A.Vignaud ( Reprise par Bernardaud&#8230;<\/p>\n","protected":false},"featured_media":5286,"comment_status":"open","ping_status":"closed","template":"","meta":[],"product_brand":[],"product_cat":[15,295],"product_tag":[117,139,92],"class_list":{"0":"post-5281","1":"product","2":"type-product","3":"status-publish","4":"has-post-thumbnail","6":"product_cat-art-de-la-table","7":"product_cat-services","8":"product_tag-assiette","9":"product_tag-porcelaine","10":"product_tag-service","12":"first","13":"outofstock","14":"shipping-taxable","15":"purchasable","16":"product-type-simple"},"aioseo_notices":[],"jetpack_sharing_enabled":true,"_links":{"self":[{"href":"https:\/\/lespucesdestju.fr\/index.php?rest_route=\/wp\/v2\/product\/5281","targetHints":{"allow":["GET"]}}],"collection":[{"href":"https:\/\/lespucesdestju.fr\/index.php?rest_route=\/wp\/v2\/product"}],"about":[{"href":"https:\/\/lespucesdestju.fr\/index.php?rest_route=\/wp\/v2\/types\/product"}],"replies":[{"embeddable":true,"href":"https:\/\/lespucesdestju.fr\/index.php?rest_route=%2Fwp%2Fv2%2Fcomments&post=5281"}],"wp:featuredmedia":[{"embeddable":true,"href":"https:\/\/lespucesdestju.fr\/index.php?rest_route=\/wp\/v2\/media\/5286"}],"wp:attachment":[{"href":"https:\/\/lespucesdestju.fr\/index.php?rest_route=%2Fwp%2Fv2%2Fmedia&parent=5281"}],"wp:term":[{"taxonomy":"product_brand","embeddable":true,"href":"https:\/\/lespucesdestju.fr\/index.php?rest_route=%2Fwp%2Fv2%2Fproduct_brand&post=5281"},{"taxonomy":"product_cat","embeddable":true,"href":"https:\/\/lespucesdestju.fr\/index.php?rest_route=%2Fwp%2Fv2%2Fproduct_cat&post=5281"},{"taxonomy":"product_tag","embeddable":true,"href":"https:\/\/lespucesdestju.fr\/index.php?rest_route=%2Fwp%2Fv2%2Fproduct_tag&post=5281"}],"curies":[{"name":"wp","href":"https:\/\/api.w.org\/{rel}","templated":true}]}}