{"id":5259,"date":"2024-08-22T15:23:55","date_gmt":"2024-08-22T13:23:55","guid":{"rendered":"https:\/\/lespucesdestju.fr\/?post_type=product&#038;p=5259"},"modified":"2024-08-22T15:23:55","modified_gmt":"2024-08-22T13:23:55","slug":"miroir-en-bois-et-stuc-moulure","status":"publish","type":"product","link":"https:\/\/lespucesdestju.fr\/?product=miroir-en-bois-et-stuc-moulure","title":{"rendered":"Miroir en bois et stuc moulur\u00e9"},"content":{"rendered":"<p><span style=\"font-weight: 400;\">Miroir en bois et stuc moulur\u00e9, d\u2019\u00e9poque restauration. Sculpt\u00e9 et dor\u00e9 \u00e0 d\u00e9cor dans les \u00e9coin\u00e7ons.\u00a0<\/span><\/p>\n<p><span style=\"font-weight: 400;\">XIXeme si\u00e8cle.<\/span><\/p>\n<p><span style=\"font-weight: 400;\">Usures et manques \u00e0 la dorure.<\/span><\/p>\n<blockquote><p>Hauteur :121cm<\/p>\n<p>Largeur : 102 cm<\/p>\n<p><b><i>Cet objet peut \u00eatre uniquement retir\u00e9 en boutique,<\/i><\/b><i><span style=\"font-weight: 400;\"> pour la livraison, veuillez nous contacter. <\/span><\/i><\/p><\/blockquote>\n","protected":false},"excerpt":{"rendered":"<p>Miroir en bois et stuc moulur\u00e9, d\u2019\u00e9poque restauration. Sculpt\u00e9 et dor\u00e9 \u00e0 d\u00e9cor dans les \u00e9coin\u00e7ons.\u00a0 XIXeme si\u00e8cle. Usures et&#8230;<\/p>\n","protected":false},"featured_media":5260,"comment_status":"open","ping_status":"closed","template":"","meta":[],"product_brand":[],"product_cat":[305,45],"product_tag":[86,235,130],"class_list":{"0":"post-5259","1":"product","2":"type-product","3":"status-publish","4":"has-post-thumbnail","6":"product_cat-miroirs","7":"product_cat-mobilier","8":"product_tag-bois","9":"product_tag-miroir","10":"product_tag-stuc","12":"first","13":"instock","14":"shipping-taxable","15":"product-type-external"},"aioseo_notices":[],"jetpack_sharing_enabled":true,"_links":{"self":[{"href":"https:\/\/lespucesdestju.fr\/index.php?rest_route=\/wp\/v2\/product\/5259","targetHints":{"allow":["GET"]}}],"collection":[{"href":"https:\/\/lespucesdestju.fr\/index.php?rest_route=\/wp\/v2\/product"}],"about":[{"href":"https:\/\/lespucesdestju.fr\/index.php?rest_route=\/wp\/v2\/types\/product"}],"replies":[{"embeddable":true,"href":"https:\/\/lespucesdestju.fr\/index.php?rest_route=%2Fwp%2Fv2%2Fcomments&post=5259"}],"wp:featuredmedia":[{"embeddable":true,"href":"https:\/\/lespucesdestju.fr\/index.php?rest_route=\/wp\/v2\/media\/5260"}],"wp:attachment":[{"href":"https:\/\/lespucesdestju.fr\/index.php?rest_route=%2Fwp%2Fv2%2Fmedia&parent=5259"}],"wp:term":[{"taxonomy":"product_brand","embeddable":true,"href":"https:\/\/lespucesdestju.fr\/index.php?rest_route=%2Fwp%2Fv2%2Fproduct_brand&post=5259"},{"taxonomy":"product_cat","embeddable":true,"href":"https:\/\/lespucesdestju.fr\/index.php?rest_route=%2Fwp%2Fv2%2Fproduct_cat&post=5259"},{"taxonomy":"product_tag","embeddable":true,"href":"https:\/\/lespucesdestju.fr\/index.php?rest_route=%2Fwp%2Fv2%2Fproduct_tag&post=5259"}],"curies":[{"name":"wp","href":"https:\/\/api.w.org\/{rel}","templated":true}]}}