{"id":5174,"date":"2024-08-02T13:21:31","date_gmt":"2024-08-02T11:21:31","guid":{"rendered":"https:\/\/lespucesdestju.fr\/?post_type=product&#038;p=5174"},"modified":"2024-08-02T13:21:31","modified_gmt":"2024-08-02T11:21:31","slug":"huile-sur-toile-les-baigneuses","status":"publish","type":"product","link":"https:\/\/lespucesdestju.fr\/?product=huile-sur-toile-les-baigneuses","title":{"rendered":"Huile sur toile. \u201cLes Baigneuses\u201d"},"content":{"rendered":"<p><span style=\"font-weight: 400;\">Huile sur toile. \u201cLes Baigneuses\u201d, d&rsquo;apr\u00e8s Jean-honor\u00e9 Fragonard. \u00c9cole fran\u00e7aise du XIXeme si\u00e8cle.<\/span><\/p>\n<blockquote><p>Largeur : 80 cm<\/p>\n<p>Hauteur : 64,5 cm<\/p><\/blockquote>\n","protected":false},"excerpt":{"rendered":"<p>Huile sur toile. \u201cLes Baigneuses\u201d, d&rsquo;apr\u00e8s Jean-honor\u00e9 Fragonard. \u00c9cole fran\u00e7aise du XIXeme si\u00e8cle. Largeur : 80 cm Hauteur : 64,5&#8230;<\/p>\n","protected":false},"featured_media":5180,"comment_status":"open","ping_status":"closed","template":"","meta":[],"product_brand":[],"product_cat":[50,306],"product_tag":[56,97,100,101],"class_list":{"0":"post-5174","1":"product","2":"type-product","3":"status-publish","4":"has-post-thumbnail","6":"product_cat-art","7":"product_cat-tableaux-et-peintures","8":"product_tag-art","9":"product_tag-huile-sur-toile","10":"product_tag-peinture","11":"product_tag-tableau","13":"first","14":"instock","15":"shipping-taxable","16":"purchasable","17":"product-type-simple"},"aioseo_notices":[],"jetpack_sharing_enabled":true,"_links":{"self":[{"href":"https:\/\/lespucesdestju.fr\/index.php?rest_route=\/wp\/v2\/product\/5174","targetHints":{"allow":["GET"]}}],"collection":[{"href":"https:\/\/lespucesdestju.fr\/index.php?rest_route=\/wp\/v2\/product"}],"about":[{"href":"https:\/\/lespucesdestju.fr\/index.php?rest_route=\/wp\/v2\/types\/product"}],"replies":[{"embeddable":true,"href":"https:\/\/lespucesdestju.fr\/index.php?rest_route=%2Fwp%2Fv2%2Fcomments&post=5174"}],"wp:featuredmedia":[{"embeddable":true,"href":"https:\/\/lespucesdestju.fr\/index.php?rest_route=\/wp\/v2\/media\/5180"}],"wp:attachment":[{"href":"https:\/\/lespucesdestju.fr\/index.php?rest_route=%2Fwp%2Fv2%2Fmedia&parent=5174"}],"wp:term":[{"taxonomy":"product_brand","embeddable":true,"href":"https:\/\/lespucesdestju.fr\/index.php?rest_route=%2Fwp%2Fv2%2Fproduct_brand&post=5174"},{"taxonomy":"product_cat","embeddable":true,"href":"https:\/\/lespucesdestju.fr\/index.php?rest_route=%2Fwp%2Fv2%2Fproduct_cat&post=5174"},{"taxonomy":"product_tag","embeddable":true,"href":"https:\/\/lespucesdestju.fr\/index.php?rest_route=%2Fwp%2Fv2%2Fproduct_tag&post=5174"}],"curies":[{"name":"wp","href":"https:\/\/api.w.org\/{rel}","templated":true}]}}