{"id":5139,"date":"2024-08-02T12:44:17","date_gmt":"2024-08-02T10:44:17","guid":{"rendered":"https:\/\/lespucesdestju.fr\/?post_type=product&#038;p=5139"},"modified":"2025-05-09T09:12:22","modified_gmt":"2025-05-09T07:12:22","slug":"huile-sur-toile-vue-du-bosphore","status":"publish","type":"product","link":"https:\/\/lespucesdestju.fr\/?product=huile-sur-toile-vue-du-bosphore","title":{"rendered":"Huile sur toile, vue du Bosphore"},"content":{"rendered":"<p><span style=\"font-weight: 400;\">Huile sur toile, vue du Bosphore. Ecole XIX\u00e8me\u00a0<\/span><\/p>\n<p><span style=\"font-weight: 400;\">Peinture restaur\u00e9e et r\u00e9-entoil\u00e9e sur ch\u00e2ssis sur mesure.\u00a0<\/span><\/p>\n<blockquote><p>Largeur : 46 cm<\/p>\n<p>Hauteur : 27 cm<\/p>\n<p>&nbsp;<\/p><\/blockquote>\n","protected":false},"excerpt":{"rendered":"<p>Huile sur toile, vue du Bosphore. Ecole XIX\u00e8me\u00a0 Peinture restaur\u00e9e et r\u00e9-entoil\u00e9e sur ch\u00e2ssis sur mesure.\u00a0 Largeur : 46 cm&#8230;<\/p>\n","protected":false},"featured_media":5146,"comment_status":"open","ping_status":"closed","template":"","meta":[],"product_brand":[],"product_cat":[50,306],"product_tag":[56,97,118,100],"class_list":{"0":"post-5139","1":"product","2":"type-product","3":"status-publish","4":"has-post-thumbnail","6":"product_cat-art","7":"product_cat-tableaux-et-peintures","8":"product_tag-art","9":"product_tag-huile-sur-toile","10":"product_tag-marine","11":"product_tag-peinture","13":"first","14":"outofstock","15":"shipping-taxable","16":"purchasable","17":"product-type-simple"},"aioseo_notices":[],"jetpack_sharing_enabled":true,"_links":{"self":[{"href":"https:\/\/lespucesdestju.fr\/index.php?rest_route=\/wp\/v2\/product\/5139","targetHints":{"allow":["GET"]}}],"collection":[{"href":"https:\/\/lespucesdestju.fr\/index.php?rest_route=\/wp\/v2\/product"}],"about":[{"href":"https:\/\/lespucesdestju.fr\/index.php?rest_route=\/wp\/v2\/types\/product"}],"replies":[{"embeddable":true,"href":"https:\/\/lespucesdestju.fr\/index.php?rest_route=%2Fwp%2Fv2%2Fcomments&post=5139"}],"wp:featuredmedia":[{"embeddable":true,"href":"https:\/\/lespucesdestju.fr\/index.php?rest_route=\/wp\/v2\/media\/5146"}],"wp:attachment":[{"href":"https:\/\/lespucesdestju.fr\/index.php?rest_route=%2Fwp%2Fv2%2Fmedia&parent=5139"}],"wp:term":[{"taxonomy":"product_brand","embeddable":true,"href":"https:\/\/lespucesdestju.fr\/index.php?rest_route=%2Fwp%2Fv2%2Fproduct_brand&post=5139"},{"taxonomy":"product_cat","embeddable":true,"href":"https:\/\/lespucesdestju.fr\/index.php?rest_route=%2Fwp%2Fv2%2Fproduct_cat&post=5139"},{"taxonomy":"product_tag","embeddable":true,"href":"https:\/\/lespucesdestju.fr\/index.php?rest_route=%2Fwp%2Fv2%2Fproduct_tag&post=5139"}],"curies":[{"name":"wp","href":"https:\/\/api.w.org\/{rel}","templated":true}]}}