{"id":5079,"date":"2024-07-22T13:30:13","date_gmt":"2024-07-22T11:30:13","guid":{"rendered":"https:\/\/lespucesdestju.fr\/?post_type=product&#038;p=5079"},"modified":"2026-01-04T16:57:25","modified_gmt":"2026-01-04T15:57:25","slug":"paire-de-phenix-ou-fenghuang-en-faience","status":"publish","type":"product","link":"https:\/\/lespucesdestju.fr\/?product=paire-de-phenix-ou-fenghuang-en-faience","title":{"rendered":"Paire de Ph\u00e9nix ou Fenghuang en fa\u00efence"},"content":{"rendered":"<p><span style=\"font-weight: 400;\">Paire de Ph\u00e9nix ou Fenghuang en fa\u00efence.\u00a0<\/span><\/p>\n<p><span style=\"font-weight: 400;\">Cet oiseau pos\u00e9 sur un rocher est s\u00fbrement un ph\u00e9nix, oiseau mythique des l\u00e9gendes extr\u00eames orientales et symbole de l&rsquo;\u00e9ternit\u00e9.<\/span><\/p>\n<p><span style=\"font-weight: 400;\">A signaler : r\u00e9paration sur la cr\u00eate d\u2019un des deux oiseaux.\u00a0<\/span><\/p>\n<p><span style=\"font-weight: 400;\">Bon \u00e9tat g\u00e9n\u00e9ral\u00a0<\/span><\/p>\n<blockquote><p><i><span style=\"font-weight: 400;\">Dimensions ( longueur x Largeur x Hauteur) et poids (Kg) pour un objets : <\/span><\/i><b><i>voir informations compl\u00e9mentaires.<\/i><\/b><\/p><\/blockquote>\n","protected":false},"excerpt":{"rendered":"<p>Paire de Ph\u00e9nix ou Fenghuang en fa\u00efence.\u00a0 Cet oiseau pos\u00e9 sur un rocher est s\u00fbrement un ph\u00e9nix, oiseau mythique des&#8230;<\/p>\n","protected":false},"featured_media":5080,"comment_status":"open","ping_status":"closed","template":"","meta":[],"product_brand":[],"product_cat":[50,309],"product_tag":[56,93,64],"class_list":{"0":"post-5079","1":"product","2":"type-product","3":"status-publish","4":"has-post-thumbnail","6":"product_cat-art","7":"product_cat-sculptures","8":"product_tag-art","9":"product_tag-faience","10":"product_tag-sculpture","12":"first","13":"outofstock","14":"shipping-taxable","15":"purchasable","16":"product-type-simple"},"aioseo_notices":[],"jetpack_sharing_enabled":true,"_links":{"self":[{"href":"https:\/\/lespucesdestju.fr\/index.php?rest_route=\/wp\/v2\/product\/5079","targetHints":{"allow":["GET"]}}],"collection":[{"href":"https:\/\/lespucesdestju.fr\/index.php?rest_route=\/wp\/v2\/product"}],"about":[{"href":"https:\/\/lespucesdestju.fr\/index.php?rest_route=\/wp\/v2\/types\/product"}],"replies":[{"embeddable":true,"href":"https:\/\/lespucesdestju.fr\/index.php?rest_route=%2Fwp%2Fv2%2Fcomments&post=5079"}],"wp:featuredmedia":[{"embeddable":true,"href":"https:\/\/lespucesdestju.fr\/index.php?rest_route=\/wp\/v2\/media\/5080"}],"wp:attachment":[{"href":"https:\/\/lespucesdestju.fr\/index.php?rest_route=%2Fwp%2Fv2%2Fmedia&parent=5079"}],"wp:term":[{"taxonomy":"product_brand","embeddable":true,"href":"https:\/\/lespucesdestju.fr\/index.php?rest_route=%2Fwp%2Fv2%2Fproduct_brand&post=5079"},{"taxonomy":"product_cat","embeddable":true,"href":"https:\/\/lespucesdestju.fr\/index.php?rest_route=%2Fwp%2Fv2%2Fproduct_cat&post=5079"},{"taxonomy":"product_tag","embeddable":true,"href":"https:\/\/lespucesdestju.fr\/index.php?rest_route=%2Fwp%2Fv2%2Fproduct_tag&post=5079"}],"curies":[{"name":"wp","href":"https:\/\/api.w.org\/{rel}","templated":true}]}}