{"id":5060,"date":"2024-07-22T13:07:01","date_gmt":"2024-07-22T11:07:01","guid":{"rendered":"https:\/\/lespucesdestju.fr\/?post_type=product&#038;p=5060"},"modified":"2024-07-22T13:07:01","modified_gmt":"2024-07-22T11:07:01","slug":"vase-en-ceramique-asiatique-satsuma","status":"publish","type":"product","link":"https:\/\/lespucesdestju.fr\/?product=vase-en-ceramique-asiatique-satsuma","title":{"rendered":"Vase en c\u00e9ramique asiatique Satsuma"},"content":{"rendered":"<p><span style=\"font-weight: 400;\">Vase en c\u00e9ramique asiatique Satsuma. Richement d\u00e9cor\u00e9 de sc\u00e8nes anim\u00e9es avec des personnages et paysages lacustres. <\/span><\/p>\n<p><span style=\"font-weight: 400;\">Pr\u00e9sente deux anses d\u00e9coratives \u00e0 couverte dor\u00e9 et diverses incrustations dans l\u2019\u00e9mail.\u00a0\u00a0<\/span><\/p>\n<p><span style=\"font-weight: 400;\">Bon \u00e9tat<\/span><\/p>\n<blockquote><p><i><span style=\"font-weight: 400;\">Dimensions ( longueur x Largeur x Hauteur) et poids (Kg) : <\/span><\/i><b><i>voir informations compl\u00e9mentaires.<\/i><\/b><\/p><\/blockquote>\n","protected":false},"excerpt":{"rendered":"<p>Vase en c\u00e9ramique asiatique Satsuma. Richement d\u00e9cor\u00e9 de sc\u00e8nes anim\u00e9es avec des personnages et paysages lacustres. Pr\u00e9sente deux anses d\u00e9coratives&#8230;<\/p>\n","protected":false},"featured_media":5065,"comment_status":"open","ping_status":"closed","template":"","meta":[],"product_brand":[],"product_cat":[37,292],"product_tag":[61,60,136,312,59],"class_list":{"0":"post-5060","1":"product","2":"type-product","3":"status-publish","4":"has-post-thumbnail","6":"product_cat-decoration","7":"product_cat-vases-pots-et-contenants","8":"product_tag-ceramique","9":"product_tag-decoration","10":"product_tag-email","11":"product_tag-satsuma","12":"product_tag-vase","14":"first","15":"instock","16":"shipping-taxable","17":"purchasable","18":"product-type-simple"},"aioseo_notices":[],"jetpack_sharing_enabled":true,"_links":{"self":[{"href":"https:\/\/lespucesdestju.fr\/index.php?rest_route=\/wp\/v2\/product\/5060","targetHints":{"allow":["GET"]}}],"collection":[{"href":"https:\/\/lespucesdestju.fr\/index.php?rest_route=\/wp\/v2\/product"}],"about":[{"href":"https:\/\/lespucesdestju.fr\/index.php?rest_route=\/wp\/v2\/types\/product"}],"replies":[{"embeddable":true,"href":"https:\/\/lespucesdestju.fr\/index.php?rest_route=%2Fwp%2Fv2%2Fcomments&post=5060"}],"wp:featuredmedia":[{"embeddable":true,"href":"https:\/\/lespucesdestju.fr\/index.php?rest_route=\/wp\/v2\/media\/5065"}],"wp:attachment":[{"href":"https:\/\/lespucesdestju.fr\/index.php?rest_route=%2Fwp%2Fv2%2Fmedia&parent=5060"}],"wp:term":[{"taxonomy":"product_brand","embeddable":true,"href":"https:\/\/lespucesdestju.fr\/index.php?rest_route=%2Fwp%2Fv2%2Fproduct_brand&post=5060"},{"taxonomy":"product_cat","embeddable":true,"href":"https:\/\/lespucesdestju.fr\/index.php?rest_route=%2Fwp%2Fv2%2Fproduct_cat&post=5060"},{"taxonomy":"product_tag","embeddable":true,"href":"https:\/\/lespucesdestju.fr\/index.php?rest_route=%2Fwp%2Fv2%2Fproduct_tag&post=5060"}],"curies":[{"name":"wp","href":"https:\/\/api.w.org\/{rel}","templated":true}]}}