{"id":5023,"date":"2024-07-19T14:45:07","date_gmt":"2024-07-19T12:45:07","guid":{"rendered":"https:\/\/lespucesdestju.fr\/?post_type=product&#038;p=5023"},"modified":"2024-07-19T14:46:27","modified_gmt":"2024-07-19T12:46:27","slug":"affiche-de-film-quand-les-dinosaures-dominaient-le-monde","status":"publish","type":"product","link":"https:\/\/lespucesdestju.fr\/?product=affiche-de-film-quand-les-dinosaures-dominaient-le-monde","title":{"rendered":"Affiche de film Quand les dinosaures dominaient le monde"},"content":{"rendered":"<p>Affiche de film Quand les dinosaures dominaient le monde<\/p>\n<p><span style=\"font-weight: 400;\">Quand les dinosaures dominaient le monde (When Dinosaurs Ruled the Earth) est un film fantastique <\/span><span style=\"font-weight: 400;\">britannique<\/span><span style=\"font-weight: 400;\"> r\u00e9alis\u00e9 par <\/span><span style=\"font-weight: 400;\">Val Guest<\/span><span style=\"font-weight: 400;\"> et sorti en <\/span><span style=\"font-weight: 400;\">1970<\/span><span style=\"font-weight: 400;\">.<\/span><\/p>\n<p><span style=\"font-weight: 400;\">L\u2019affiche pr\u00e9sentes des anciens trait de pliure\u00a0<\/span><\/p>\n<blockquote><p><span style=\"font-weight: 400;\">Largeur : 120 cm\u00a0<\/span><\/p>\n<p><span style=\"font-weight: 400;\">Hauteur : 150 cm\u00a0<\/span><\/p>\n<ul>\n<li style=\"font-weight: 400;\" aria-level=\"1\"><i><span style=\"font-weight: 400;\">Les affiches pr\u00e9sentent des traits de pliure d\u00fb \u00e0 leur ancienne m\u00e9thode de stockage.<\/span><\/i><\/li>\n<\/ul>\n<ul>\n<li style=\"font-weight: 400;\" aria-level=\"1\"><i><span style=\"font-weight: 400;\">Nous avons pris soin de d\u00e9plier et aplatir chaque affiche pour pouvoir les enrouler, ce qui permet de pouvoir les manipuler et les envoyer sans les endommager.<\/span><\/i><\/li>\n<\/ul>\n<ul>\n<li style=\"font-weight: 400;\" aria-level=\"1\"><i><span style=\"font-weight: 400;\">ENVOYER EN ROULEAU<\/span><\/i><\/li>\n<\/ul>\n<p>&nbsp;<\/p><\/blockquote>\n","protected":false},"excerpt":{"rendered":"<p>Affiche de film Quand les dinosaures dominaient le monde Quand les dinosaures dominaient le monde (When Dinosaurs Ruled the Earth)&#8230;<\/p>\n","protected":false},"featured_media":5024,"comment_status":"open","ping_status":"closed","template":"","meta":[],"product_brand":[],"product_cat":[308,50],"product_tag":[310,56,311],"class_list":{"0":"post-5023","1":"product","2":"type-product","3":"status-publish","4":"has-post-thumbnail","6":"product_cat-affiches-panneaux-et-autres","7":"product_cat-art","8":"product_tag-affiche","9":"product_tag-art","10":"product_tag-cinema","12":"first","13":"instock","14":"shipping-taxable","15":"purchasable","16":"product-type-simple"},"aioseo_notices":[],"jetpack_sharing_enabled":true,"_links":{"self":[{"href":"https:\/\/lespucesdestju.fr\/index.php?rest_route=\/wp\/v2\/product\/5023","targetHints":{"allow":["GET"]}}],"collection":[{"href":"https:\/\/lespucesdestju.fr\/index.php?rest_route=\/wp\/v2\/product"}],"about":[{"href":"https:\/\/lespucesdestju.fr\/index.php?rest_route=\/wp\/v2\/types\/product"}],"replies":[{"embeddable":true,"href":"https:\/\/lespucesdestju.fr\/index.php?rest_route=%2Fwp%2Fv2%2Fcomments&post=5023"}],"wp:featuredmedia":[{"embeddable":true,"href":"https:\/\/lespucesdestju.fr\/index.php?rest_route=\/wp\/v2\/media\/5024"}],"wp:attachment":[{"href":"https:\/\/lespucesdestju.fr\/index.php?rest_route=%2Fwp%2Fv2%2Fmedia&parent=5023"}],"wp:term":[{"taxonomy":"product_brand","embeddable":true,"href":"https:\/\/lespucesdestju.fr\/index.php?rest_route=%2Fwp%2Fv2%2Fproduct_brand&post=5023"},{"taxonomy":"product_cat","embeddable":true,"href":"https:\/\/lespucesdestju.fr\/index.php?rest_route=%2Fwp%2Fv2%2Fproduct_cat&post=5023"},{"taxonomy":"product_tag","embeddable":true,"href":"https:\/\/lespucesdestju.fr\/index.php?rest_route=%2Fwp%2Fv2%2Fproduct_tag&post=5023"}],"curies":[{"name":"wp","href":"https:\/\/api.w.org\/{rel}","templated":true}]}}