{"id":5017,"date":"2024-07-19T14:40:39","date_gmt":"2024-07-19T12:40:39","guid":{"rendered":"https:\/\/lespucesdestju.fr\/?post_type=product&#038;p=5017"},"modified":"2025-07-11T11:46:00","modified_gmt":"2025-07-11T09:46:00","slug":"affiche-de-film-le-mystere-de-la-jungle-noire","status":"publish","type":"product","link":"https:\/\/lespucesdestju.fr\/?product=affiche-de-film-le-mystere-de-la-jungle-noire","title":{"rendered":"Affiche de film Le myst\u00e8re de la jungle noire"},"content":{"rendered":"<p><span style=\"font-weight: 400;\">Affiche de film Le myst\u00e8re de la jungle noire<\/span><\/p>\n<p><span style=\"font-weight: 400;\">Les Myst\u00e8res de la jungle noire (I misteri della giungla nera) est une mini-s\u00e9rie t\u00e9l\u00e9vis\u00e9e en trois \u00e9pisodes de 1990, r\u00e9alis\u00e9e par <\/span><span style=\"font-weight: 400;\">Kevin Connor<\/span><span style=\"font-weight: 400;\">. Il s&rsquo;agit d&rsquo;une adaptation du roman de <\/span><span style=\"font-weight: 400;\">Emilio Salgari<\/span><span style=\"font-weight: 400;\">.<\/span><\/p>\n<p><span style=\"font-weight: 400;\">L\u2019affiche pr\u00e9sentes des anciens traits de pliure\u00a0<\/span><\/p>\n<blockquote><p><span style=\"font-weight: 400;\">Hauteur : 155 cm\u00a0<\/span><\/p>\n<p><span style=\"font-weight: 400;\">Largeur : 120 cm\u00a0<\/span><\/p>\n<ul>\n<li style=\"font-weight: 400;\" aria-level=\"1\"><i><span style=\"font-weight: 400;\">Les affiches pr\u00e9sentent des traits de pliure d\u00fb \u00e0 leur ancienne m\u00e9thode de stockage.<\/span><\/i><\/li>\n<\/ul>\n<ul>\n<li style=\"font-weight: 400;\" aria-level=\"1\"><i><span style=\"font-weight: 400;\">Nous avons pris soin de d\u00e9plier et aplatir chaque affiche pour pouvoir les enrouler, ce qui permet de pouvoir les manipuler et les envoyer sans les endommager.<\/span><\/i><\/li>\n<\/ul>\n<ul>\n<li style=\"font-weight: 400;\" aria-level=\"1\"><i><span style=\"font-weight: 400;\">ENVOYER EN ROULEAU<\/span><\/i><\/li>\n<\/ul>\n<p>&nbsp;<\/p><\/blockquote>\n","protected":false},"excerpt":{"rendered":"<p>Affiche de film Le myst\u00e8re de la jungle noire Les Myst\u00e8res de la jungle noire (I misteri della giungla nera)&#8230;<\/p>\n","protected":false},"featured_media":5018,"comment_status":"open","ping_status":"closed","template":"","meta":[],"product_brand":[],"product_cat":[308,50],"product_tag":[310,56,311],"class_list":{"0":"post-5017","1":"product","2":"type-product","3":"status-publish","4":"has-post-thumbnail","6":"product_cat-affiches-panneaux-et-autres","7":"product_cat-art","8":"product_tag-affiche","9":"product_tag-art","10":"product_tag-cinema","12":"first","13":"outofstock","14":"shipping-taxable","15":"purchasable","16":"product-type-simple"},"aioseo_notices":[],"jetpack_sharing_enabled":true,"_links":{"self":[{"href":"https:\/\/lespucesdestju.fr\/index.php?rest_route=\/wp\/v2\/product\/5017","targetHints":{"allow":["GET"]}}],"collection":[{"href":"https:\/\/lespucesdestju.fr\/index.php?rest_route=\/wp\/v2\/product"}],"about":[{"href":"https:\/\/lespucesdestju.fr\/index.php?rest_route=\/wp\/v2\/types\/product"}],"replies":[{"embeddable":true,"href":"https:\/\/lespucesdestju.fr\/index.php?rest_route=%2Fwp%2Fv2%2Fcomments&post=5017"}],"wp:featuredmedia":[{"embeddable":true,"href":"https:\/\/lespucesdestju.fr\/index.php?rest_route=\/wp\/v2\/media\/5018"}],"wp:attachment":[{"href":"https:\/\/lespucesdestju.fr\/index.php?rest_route=%2Fwp%2Fv2%2Fmedia&parent=5017"}],"wp:term":[{"taxonomy":"product_brand","embeddable":true,"href":"https:\/\/lespucesdestju.fr\/index.php?rest_route=%2Fwp%2Fv2%2Fproduct_brand&post=5017"},{"taxonomy":"product_cat","embeddable":true,"href":"https:\/\/lespucesdestju.fr\/index.php?rest_route=%2Fwp%2Fv2%2Fproduct_cat&post=5017"},{"taxonomy":"product_tag","embeddable":true,"href":"https:\/\/lespucesdestju.fr\/index.php?rest_route=%2Fwp%2Fv2%2Fproduct_tag&post=5017"}],"curies":[{"name":"wp","href":"https:\/\/api.w.org\/{rel}","templated":true}]}}