{"id":5000,"date":"2024-07-19T14:32:35","date_gmt":"2024-07-19T12:32:35","guid":{"rendered":"https:\/\/lespucesdestju.fr\/?post_type=product&#038;p=5000"},"modified":"2024-11-26T10:05:21","modified_gmt":"2024-11-26T09:05:21","slug":"affiche-de-film-le-reptile","status":"publish","type":"product","link":"https:\/\/lespucesdestju.fr\/?product=affiche-de-film-le-reptile","title":{"rendered":"Affiche de film Le Reptile"},"content":{"rendered":"<p><span style=\"font-weight: 400;\">Affiche de film Le Reptile\u00a0<\/span><\/p>\n<p><span style=\"font-weight: 400;\">Le Reptile (titre original en <\/span><span style=\"font-weight: 400;\">anglais<\/span><span style=\"font-weight: 400;\"> : There Was a Crooked Man\u2026) est un <\/span><span style=\"font-weight: 400;\">western<\/span><span style=\"font-weight: 400;\"> am\u00e9ricain de <\/span><span style=\"font-weight: 400;\">Joseph L. Mankiewicz<\/span><span style=\"font-weight: 400;\"> sorti en <\/span><span style=\"font-weight: 400;\">1970<\/span><span style=\"font-weight: 400;\">.<\/span><\/p>\n<p><span style=\"font-weight: 400;\">L\u2019affiche pr\u00e9sentes des anciens traits de pliure<\/span><\/p>\n<blockquote><p><span style=\"font-weight: 400;\">Largeur : 58 cm\u00a0<\/span><\/p>\n<p><span style=\"font-weight: 400;\">Hauteur : 77 cm\u00a0\u00a0<\/span><\/p>\n<ul>\n<li style=\"font-weight: 400;\" aria-level=\"1\"><i><span style=\"font-weight: 400;\">Les affiches pr\u00e9sentent des traits de pliure d\u00fb \u00e0 leur ancienne m\u00e9thode de stockage.<\/span><\/i><\/li>\n<\/ul>\n<ul>\n<li style=\"font-weight: 400;\" aria-level=\"1\"><i><span style=\"font-weight: 400;\">Nous avons pris soin de d\u00e9plier et aplatir chaque affiche pour pouvoir les enrouler, ce qui permet de pouvoir les manipuler et les envoyer sans les endommager.<\/span><\/i><\/li>\n<\/ul>\n<ul>\n<li style=\"font-weight: 400;\" aria-level=\"1\"><i><span style=\"font-weight: 400;\">ENVOYER EN ROULEAU<\/span><\/i><\/li>\n<\/ul>\n<p>&nbsp;<\/p><\/blockquote>\n","protected":false},"excerpt":{"rendered":"<p>Affiche de film Le Reptile\u00a0 Le Reptile (titre original en anglais : There Was a Crooked Man\u2026) est un western&#8230;<\/p>\n","protected":false},"featured_media":5001,"comment_status":"open","ping_status":"closed","template":"","meta":[],"product_brand":[],"product_cat":[308,50],"product_tag":[310,56,311],"class_list":{"0":"post-5000","1":"product","2":"type-product","3":"status-publish","4":"has-post-thumbnail","6":"product_cat-affiches-panneaux-et-autres","7":"product_cat-art","8":"product_tag-affiche","9":"product_tag-art","10":"product_tag-cinema","12":"first","13":"outofstock","14":"shipping-taxable","15":"purchasable","16":"product-type-simple"},"aioseo_notices":[],"jetpack_sharing_enabled":true,"_links":{"self":[{"href":"https:\/\/lespucesdestju.fr\/index.php?rest_route=\/wp\/v2\/product\/5000","targetHints":{"allow":["GET"]}}],"collection":[{"href":"https:\/\/lespucesdestju.fr\/index.php?rest_route=\/wp\/v2\/product"}],"about":[{"href":"https:\/\/lespucesdestju.fr\/index.php?rest_route=\/wp\/v2\/types\/product"}],"replies":[{"embeddable":true,"href":"https:\/\/lespucesdestju.fr\/index.php?rest_route=%2Fwp%2Fv2%2Fcomments&post=5000"}],"wp:featuredmedia":[{"embeddable":true,"href":"https:\/\/lespucesdestju.fr\/index.php?rest_route=\/wp\/v2\/media\/5001"}],"wp:attachment":[{"href":"https:\/\/lespucesdestju.fr\/index.php?rest_route=%2Fwp%2Fv2%2Fmedia&parent=5000"}],"wp:term":[{"taxonomy":"product_brand","embeddable":true,"href":"https:\/\/lespucesdestju.fr\/index.php?rest_route=%2Fwp%2Fv2%2Fproduct_brand&post=5000"},{"taxonomy":"product_cat","embeddable":true,"href":"https:\/\/lespucesdestju.fr\/index.php?rest_route=%2Fwp%2Fv2%2Fproduct_cat&post=5000"},{"taxonomy":"product_tag","embeddable":true,"href":"https:\/\/lespucesdestju.fr\/index.php?rest_route=%2Fwp%2Fv2%2Fproduct_tag&post=5000"}],"curies":[{"name":"wp","href":"https:\/\/api.w.org\/{rel}","templated":true}]}}