{"id":4996,"date":"2024-07-19T14:29:19","date_gmt":"2024-07-19T12:29:19","guid":{"rendered":"https:\/\/lespucesdestju.fr\/?post_type=product&#038;p=4996"},"modified":"2024-07-19T14:29:48","modified_gmt":"2024-07-19T12:29:48","slug":"affiche-de-film-new-york-appelle-super-dragon","status":"publish","type":"product","link":"https:\/\/lespucesdestju.fr\/?product=affiche-de-film-new-york-appelle-super-dragon","title":{"rendered":"Affiche de film New-York appelle Super Dragon"},"content":{"rendered":"<p><span style=\"font-weight: 400;\">Affiche de film New-York appelle Super Dragon<\/span><\/p>\n<p><span style=\"font-weight: 400;\">F<\/span><span style=\"font-weight: 400;\">ilm franco<\/span><span style=\"font-weight: 400;\">&#8211;<\/span><span style=\"font-weight: 400;\">italo<\/span><span style=\"font-weight: 400;\">&#8211;<\/span><span style=\"font-weight: 400;\">ouest-allemand<\/span><span style=\"font-weight: 400;\"> de <\/span><span style=\"font-weight: 400;\">Giorgio Ferroni<\/span><span style=\"font-weight: 400;\"> sorti en <\/span><span style=\"font-weight: 400;\">1966<\/span><span style=\"font-weight: 400;\">.<\/span><\/p>\n<p><span style=\"font-weight: 400;\">L\u2019affiche pr\u00e9sentes des anciens traits de pliure<\/span><\/p>\n<blockquote><p><span style=\"font-weight: 400;\">Largeur : 58 cm\u00a0<\/span><\/p>\n<p><span style=\"font-weight: 400;\">Hauteur : 77 cm\u00a0\u00a0<\/span><\/p>\n<ul>\n<li style=\"font-weight: 400;\" aria-level=\"1\"><i><span style=\"font-weight: 400;\">Les affiches pr\u00e9sentent des traits de pliure d\u00fb \u00e0 leur ancienne m\u00e9thode de stockage.<\/span><\/i><\/li>\n<\/ul>\n<ul>\n<li style=\"font-weight: 400;\" aria-level=\"1\"><i><span style=\"font-weight: 400;\">Nous avons pris soin de d\u00e9plier et aplatir chaque affiche pour pouvoir les enrouler, ce qui permet de pouvoir les manipuler et les envoyer sans les endommager.<\/span><\/i><\/li>\n<\/ul>\n<ul>\n<li style=\"font-weight: 400;\" aria-level=\"1\"><i><span style=\"font-weight: 400;\">ENVOYER EN ROULEAU<\/span><\/i><\/li>\n<\/ul>\n<p>&nbsp;<\/p><\/blockquote>\n","protected":false},"excerpt":{"rendered":"<p>Affiche de film New-York appelle Super Dragon Film franco&#8211;italo&#8211;ouest-allemand de Giorgio Ferroni sorti en 1966. L\u2019affiche pr\u00e9sentes des anciens traits&#8230;<\/p>\n","protected":false},"featured_media":4997,"comment_status":"open","ping_status":"closed","template":"","meta":[],"product_brand":[],"product_cat":[308,50],"product_tag":[310,56,311],"class_list":{"0":"post-4996","1":"product","2":"type-product","3":"status-publish","4":"has-post-thumbnail","6":"product_cat-affiches-panneaux-et-autres","7":"product_cat-art","8":"product_tag-affiche","9":"product_tag-art","10":"product_tag-cinema","12":"first","13":"instock","14":"shipping-taxable","15":"purchasable","16":"product-type-simple"},"aioseo_notices":[],"jetpack_sharing_enabled":true,"_links":{"self":[{"href":"https:\/\/lespucesdestju.fr\/index.php?rest_route=\/wp\/v2\/product\/4996","targetHints":{"allow":["GET"]}}],"collection":[{"href":"https:\/\/lespucesdestju.fr\/index.php?rest_route=\/wp\/v2\/product"}],"about":[{"href":"https:\/\/lespucesdestju.fr\/index.php?rest_route=\/wp\/v2\/types\/product"}],"replies":[{"embeddable":true,"href":"https:\/\/lespucesdestju.fr\/index.php?rest_route=%2Fwp%2Fv2%2Fcomments&post=4996"}],"wp:featuredmedia":[{"embeddable":true,"href":"https:\/\/lespucesdestju.fr\/index.php?rest_route=\/wp\/v2\/media\/4997"}],"wp:attachment":[{"href":"https:\/\/lespucesdestju.fr\/index.php?rest_route=%2Fwp%2Fv2%2Fmedia&parent=4996"}],"wp:term":[{"taxonomy":"product_brand","embeddable":true,"href":"https:\/\/lespucesdestju.fr\/index.php?rest_route=%2Fwp%2Fv2%2Fproduct_brand&post=4996"},{"taxonomy":"product_cat","embeddable":true,"href":"https:\/\/lespucesdestju.fr\/index.php?rest_route=%2Fwp%2Fv2%2Fproduct_cat&post=4996"},{"taxonomy":"product_tag","embeddable":true,"href":"https:\/\/lespucesdestju.fr\/index.php?rest_route=%2Fwp%2Fv2%2Fproduct_tag&post=4996"}],"curies":[{"name":"wp","href":"https:\/\/api.w.org\/{rel}","templated":true}]}}