{"id":4876,"date":"2024-07-10T13:43:07","date_gmt":"2024-07-10T11:43:07","guid":{"rendered":"https:\/\/lespucesdestju.fr\/?post_type=product&#038;p=4876"},"modified":"2024-07-18T11:56:06","modified_gmt":"2024-07-18T09:56:06","slug":"miroir-en-bois-et-stuc-dore-style-regence","status":"publish","type":"product","link":"https:\/\/lespucesdestju.fr\/?product=miroir-en-bois-et-stuc-dore-style-regence","title":{"rendered":"Miroir en bois et stuc dor\u00e9 style r\u00e9gence"},"content":{"rendered":"<p><span style=\"font-weight: 400;\">Miroir en bois et stuc dor\u00e9 style r\u00e9gence, mais de fabrication post\u00e9rieure ( Fin XVIII\u00e8\/ D\u00e9but XIX\u00e8 )<\/span><\/p>\n<p><span style=\"font-weight: 400;\">Restauration au fronton, quelques retouches \u00e0 la dorure,\u00a0 miroir moderne. <\/span><\/p>\n<p><span style=\"font-weight: 400;\">Bel \u00e9tat g\u00e9n\u00e9ral, et bel aspect d\u00e9coratif<\/span><\/p>\n<blockquote><p>Hauteur : 88 cm \/ Largeur : 64 cm<\/p><\/blockquote>\n","protected":false},"excerpt":{"rendered":"<p>Miroir en bois et stuc dor\u00e9 style r\u00e9gence, mais de fabrication post\u00e9rieure ( Fin XVIII\u00e8\/ D\u00e9but XIX\u00e8 ) Restauration au&#8230;<\/p>\n","protected":false},"featured_media":4880,"comment_status":"open","ping_status":"closed","template":"","meta":[],"product_brand":[],"product_cat":[305,45],"product_tag":[86,287,83],"class_list":{"0":"post-4876","1":"product","2":"type-product","3":"status-publish","4":"has-post-thumbnail","6":"product_cat-miroirs","7":"product_cat-mobilier","8":"product_tag-bois","9":"product_tag-miroirs","10":"product_tag-mobilier","12":"first","13":"instock","14":"shipping-taxable","15":"purchasable","16":"product-type-simple"},"aioseo_notices":[],"jetpack_sharing_enabled":true,"_links":{"self":[{"href":"https:\/\/lespucesdestju.fr\/index.php?rest_route=\/wp\/v2\/product\/4876","targetHints":{"allow":["GET"]}}],"collection":[{"href":"https:\/\/lespucesdestju.fr\/index.php?rest_route=\/wp\/v2\/product"}],"about":[{"href":"https:\/\/lespucesdestju.fr\/index.php?rest_route=\/wp\/v2\/types\/product"}],"replies":[{"embeddable":true,"href":"https:\/\/lespucesdestju.fr\/index.php?rest_route=%2Fwp%2Fv2%2Fcomments&post=4876"}],"wp:featuredmedia":[{"embeddable":true,"href":"https:\/\/lespucesdestju.fr\/index.php?rest_route=\/wp\/v2\/media\/4880"}],"wp:attachment":[{"href":"https:\/\/lespucesdestju.fr\/index.php?rest_route=%2Fwp%2Fv2%2Fmedia&parent=4876"}],"wp:term":[{"taxonomy":"product_brand","embeddable":true,"href":"https:\/\/lespucesdestju.fr\/index.php?rest_route=%2Fwp%2Fv2%2Fproduct_brand&post=4876"},{"taxonomy":"product_cat","embeddable":true,"href":"https:\/\/lespucesdestju.fr\/index.php?rest_route=%2Fwp%2Fv2%2Fproduct_cat&post=4876"},{"taxonomy":"product_tag","embeddable":true,"href":"https:\/\/lespucesdestju.fr\/index.php?rest_route=%2Fwp%2Fv2%2Fproduct_tag&post=4876"}],"curies":[{"name":"wp","href":"https:\/\/api.w.org\/{rel}","templated":true}]}}