{"id":4850,"date":"2024-07-10T13:06:04","date_gmt":"2024-07-10T11:06:04","guid":{"rendered":"https:\/\/lespucesdestju.fr\/?post_type=product&#038;p=4850"},"modified":"2024-07-18T11:56:56","modified_gmt":"2024-07-18T09:56:56","slug":"trumeau-de-cheminee","status":"publish","type":"product","link":"https:\/\/lespucesdestju.fr\/?product=trumeau-de-cheminee","title":{"rendered":"Trumeau de chemin\u00e9e"},"content":{"rendered":"<p><span style=\"font-weight: 400;\">Trumeau de chemin\u00e9e. Moulure en bois trait\u00e9e \u00e0 la bronzine. <\/span><\/p>\n<p><span style=\"font-weight: 400;\">Partie sup\u00e9rieure mont\u00e9e d&rsquo;une huile sur toile repr\u00e9sentant une sc\u00e8ne de cour orientale, \u00e0 la fa\u00e7on du XVIIIe. <\/span><\/p>\n<p><span style=\"font-weight: 400;\">Miroir ancien, non d\u2019origine, avec t\u00e2ches et piq\u00fbres au teint mais fonctionnel.<\/span><\/p>\n<p><span style=\"font-weight: 400;\">Fin du XIX\u00e8me.<\/span><\/p>\n<blockquote><p>Hauteur : 133 cm \/ Largeur : 69 cm<\/p>\n<p><b><i>Cet objet peut \u00eatre uniquement retir\u00e9 en boutique,<\/i><\/b><i><span style=\"font-weight: 400;\"> pour la livraison, veuillez nous demander un devis.<\/span><\/i><\/p><\/blockquote>\n","protected":false},"excerpt":{"rendered":"<p>Trumeau de chemin\u00e9e. Moulure en bois trait\u00e9e \u00e0 la bronzine. Partie sup\u00e9rieure mont\u00e9e d&rsquo;une huile sur toile repr\u00e9sentant une sc\u00e8ne&#8230;<\/p>\n","protected":false},"featured_media":4852,"comment_status":"open","ping_status":"closed","template":"","meta":[],"product_brand":[],"product_cat":[305,45],"product_tag":[86,97,287,286],"class_list":{"0":"post-4850","1":"product","2":"type-product","3":"status-publish","4":"has-post-thumbnail","6":"product_cat-miroirs","7":"product_cat-mobilier","8":"product_tag-bois","9":"product_tag-huile-sur-toile","10":"product_tag-miroirs","11":"product_tag-trumeau","13":"first","14":"instock","15":"shipping-taxable","16":"product-type-external"},"aioseo_notices":[],"jetpack_sharing_enabled":true,"_links":{"self":[{"href":"https:\/\/lespucesdestju.fr\/index.php?rest_route=\/wp\/v2\/product\/4850","targetHints":{"allow":["GET"]}}],"collection":[{"href":"https:\/\/lespucesdestju.fr\/index.php?rest_route=\/wp\/v2\/product"}],"about":[{"href":"https:\/\/lespucesdestju.fr\/index.php?rest_route=\/wp\/v2\/types\/product"}],"replies":[{"embeddable":true,"href":"https:\/\/lespucesdestju.fr\/index.php?rest_route=%2Fwp%2Fv2%2Fcomments&post=4850"}],"wp:featuredmedia":[{"embeddable":true,"href":"https:\/\/lespucesdestju.fr\/index.php?rest_route=\/wp\/v2\/media\/4852"}],"wp:attachment":[{"href":"https:\/\/lespucesdestju.fr\/index.php?rest_route=%2Fwp%2Fv2%2Fmedia&parent=4850"}],"wp:term":[{"taxonomy":"product_brand","embeddable":true,"href":"https:\/\/lespucesdestju.fr\/index.php?rest_route=%2Fwp%2Fv2%2Fproduct_brand&post=4850"},{"taxonomy":"product_cat","embeddable":true,"href":"https:\/\/lespucesdestju.fr\/index.php?rest_route=%2Fwp%2Fv2%2Fproduct_cat&post=4850"},{"taxonomy":"product_tag","embeddable":true,"href":"https:\/\/lespucesdestju.fr\/index.php?rest_route=%2Fwp%2Fv2%2Fproduct_tag&post=4850"}],"curies":[{"name":"wp","href":"https:\/\/api.w.org\/{rel}","templated":true}]}}