{"id":4810,"date":"2024-06-23T16:46:35","date_gmt":"2024-06-23T14:46:35","guid":{"rendered":"https:\/\/lespucesdestju.fr\/?post_type=product&#038;p=4810"},"modified":"2025-07-06T19:03:43","modified_gmt":"2025-07-06T17:03:43","slug":"partie-de-service-a-cidre-en-gres-emaille","status":"publish","type":"product","link":"https:\/\/lespucesdestju.fr\/?product=partie-de-service-a-cidre-en-gres-emaille","title":{"rendered":"Partie de service \u00e0 cidre en gr\u00e8s \u00e9maill\u00e9"},"content":{"rendered":"<p><span style=\"font-weight: 400;\">Partie de service \u00e0 cidre en gr\u00e8s \u00e9maill\u00e9 vert et brun, compos\u00e9 de 6 gobelets \u00e0 anses et d\u2019un pichet.<\/span><\/p>\n<p><span style=\"font-weight: 400;\"> D\u00e9but XX\u00e8me<\/span><\/p>\n<blockquote><p><i><span style=\"font-weight: 400;\">Dimensions ( longueur x Largeur x Hauteur) et poids (Kg) pour une tasse : <\/span><\/i><b><i>voir informations compl\u00e9mentaires.<\/i><\/b><\/p><\/blockquote>\n","protected":false},"excerpt":{"rendered":"<p>Partie de service \u00e0 cidre en gr\u00e8s \u00e9maill\u00e9 vert et brun, compos\u00e9 de 6 gobelets \u00e0 anses et d\u2019un pichet&#8230;.<\/p>\n","protected":false},"featured_media":4811,"comment_status":"open","ping_status":"closed","template":"","meta":[],"product_brand":[],"product_cat":[15,295],"product_tag":[66,136,133,95,92],"class_list":{"0":"post-4810","1":"product","2":"type-product","3":"status-publish","4":"has-post-thumbnail","6":"product_cat-art-de-la-table","7":"product_cat-services","8":"product_tag-art-de-la-table","9":"product_tag-email","10":"product_tag-gres","11":"product_tag-pichet","12":"product_tag-service","14":"first","15":"instock","16":"shipping-taxable","17":"purchasable","18":"product-type-simple"},"aioseo_notices":[],"jetpack_sharing_enabled":true,"_links":{"self":[{"href":"https:\/\/lespucesdestju.fr\/index.php?rest_route=\/wp\/v2\/product\/4810","targetHints":{"allow":["GET"]}}],"collection":[{"href":"https:\/\/lespucesdestju.fr\/index.php?rest_route=\/wp\/v2\/product"}],"about":[{"href":"https:\/\/lespucesdestju.fr\/index.php?rest_route=\/wp\/v2\/types\/product"}],"replies":[{"embeddable":true,"href":"https:\/\/lespucesdestju.fr\/index.php?rest_route=%2Fwp%2Fv2%2Fcomments&post=4810"}],"wp:featuredmedia":[{"embeddable":true,"href":"https:\/\/lespucesdestju.fr\/index.php?rest_route=\/wp\/v2\/media\/4811"}],"wp:attachment":[{"href":"https:\/\/lespucesdestju.fr\/index.php?rest_route=%2Fwp%2Fv2%2Fmedia&parent=4810"}],"wp:term":[{"taxonomy":"product_brand","embeddable":true,"href":"https:\/\/lespucesdestju.fr\/index.php?rest_route=%2Fwp%2Fv2%2Fproduct_brand&post=4810"},{"taxonomy":"product_cat","embeddable":true,"href":"https:\/\/lespucesdestju.fr\/index.php?rest_route=%2Fwp%2Fv2%2Fproduct_cat&post=4810"},{"taxonomy":"product_tag","embeddable":true,"href":"https:\/\/lespucesdestju.fr\/index.php?rest_route=%2Fwp%2Fv2%2Fproduct_tag&post=4810"}],"curies":[{"name":"wp","href":"https:\/\/api.w.org\/{rel}","templated":true}]}}